{"id":119,"date":"2016-08-27T00:09:23","date_gmt":"2016-08-27T00:09:23","guid":{"rendered":"http:\/\/hidro-truck.com\/web\/?page_id=119"},"modified":"2016-08-27T01:20:11","modified_gmt":"2016-08-27T01:20:11","slug":"nosotros","status":"publish","type":"page","link":"https:\/\/hidro-truck.com\/web\/nosotros\/","title":{"rendered":"Visi\u00f3n"},"content":{"rendered":"<p>Liderar el mercado nacional en la provisi\u00f3n de\u00a0servicios profesionales para la reparaci\u00f3n, mantenimiento, montaje y ventas de gr\u00faas e hidroelevadores.<\/p>\n<p>La empresa Hidro-Truck S.R.L. se encuentra en proceso de implementaci\u00f3n de un sistema de Gesti\u00f3n de Calidad conforme a la Norma Internacional ISO 9001. De esta forma direccionamos nuestros esfuerzos para brindar servicios de excelencias a nuestros clientes, estandarizando nuestros procesos y cumplimentando as\u00ed<br \/>\nnuestra pol\u00edtica de mejora cont\u00ednua.<\/p>\n<h3><\/h3>\n<!-- AddThis Advanced Settings generic via filter on the_content --><!-- AddThis Share Buttons generic via filter on the_content -->","protected":false},"excerpt":{"rendered":"<p>Liderar el mercado nacional en la provisi\u00f3n de\u00a0servicios profesionales para la reparaci\u00f3n, mantenimiento, montaje y ventas de gr\u00faas e hidroelevadores. La empresa Hidro-Truck S.R.L. se encuentra en proceso de implementaci\u00f3n de un sistema de Gesti\u00f3n de Calidad conforme a la Norma Internacional ISO 9001. De esta forma direccionamos nuestros esfuerzos para brindar servicios de excelencias<!-- AddThis Advanced Settings generic via filter on get_the_excerpt --><!-- AddThis Share Buttons generic via filter on get_the_excerpt --><\/p>\n","protected":false},"author":1,"featured_media":0,"parent":0,"menu_order":0,"comment_status":"closed","ping_status":"closed","template":"","meta":[],"yoast_head":"<!-- This site is optimized with the Yoast SEO plugin v21.0 - https:\/\/yoast.com\/wordpress\/plugins\/seo\/ -->\n<title>Visi\u00f3n - HidroTruck SRL<\/title>\n<meta name=\"robots\" content=\"index, follow, max-snippet:-1, max-image-preview:large, max-video-preview:-1\" \/>\n<link rel=\"canonical\" href=\"https:\/\/hidro-truck.com\/web\/nosotros\/\" \/>\n<meta property=\"og:locale\" content=\"es_ES\" \/>\n<meta property=\"og:type\" content=\"article\" \/>\n<meta property=\"og:title\" content=\"Visi\u00f3n - HidroTruck SRL\" \/>\n<meta property=\"og:description\" content=\"Liderar el mercado nacional en la provisi\u00f3n de\u00a0servicios profesionales para la reparaci\u00f3n, mantenimiento, montaje y ventas de gr\u00faas e hidroelevadores. La empresa Hidro-Truck S.R.L. se encuentra en proceso de implementaci\u00f3n de un sistema de Gesti\u00f3n de Calidad conforme a la Norma Internacional ISO 9001. De esta forma direccionamos nuestros esfuerzos para brindar servicios de excelencias\" \/>\n<meta property=\"og:url\" content=\"https:\/\/hidro-truck.com\/web\/nosotros\/\" \/>\n<meta property=\"og:site_name\" content=\"HidroTruck SRL\" \/>\n<meta property=\"article:modified_time\" content=\"2016-08-27T01:20:11+00:00\" \/>\n<meta name=\"twitter:card\" content=\"summary_large_image\" \/>\n<script type=\"application\/ld+json\" class=\"yoast-schema-graph\">{\"@context\":\"https:\/\/schema.org\",\"@graph\":[{\"@type\":\"WebPage\",\"@id\":\"https:\/\/hidro-truck.com\/web\/nosotros\/\",\"url\":\"https:\/\/hidro-truck.com\/web\/nosotros\/\",\"name\":\"Visi\u00f3n - HidroTruck SRL\",\"isPartOf\":{\"@id\":\"https:\/\/hidro-truck.com\/web\/#website\"},\"datePublished\":\"2016-08-27T00:09:23+00:00\",\"dateModified\":\"2016-08-27T01:20:11+00:00\",\"breadcrumb\":{\"@id\":\"https:\/\/hidro-truck.com\/web\/nosotros\/#breadcrumb\"},\"inLanguage\":\"es\",\"potentialAction\":[{\"@type\":\"ReadAction\",\"target\":[\"https:\/\/hidro-truck.com\/web\/nosotros\/\"]}]},{\"@type\":\"BreadcrumbList\",\"@id\":\"https:\/\/hidro-truck.com\/web\/nosotros\/#breadcrumb\",\"itemListElement\":[{\"@type\":\"ListItem\",\"position\":1,\"name\":\"Portada\",\"item\":\"https:\/\/hidro-truck.com\/web\/\"},{\"@type\":\"ListItem\",\"position\":2,\"name\":\"Visi\u00f3n\"}]},{\"@type\":\"WebSite\",\"@id\":\"https:\/\/hidro-truck.com\/web\/#website\",\"url\":\"https:\/\/hidro-truck.com\/web\/\",\"name\":\"HidroTruck SRL\",\"description\":\"Venta de Hidrogruas TKA. Reparaci\u00f3n y mantenimiento\",\"potentialAction\":[{\"@type\":\"SearchAction\",\"target\":{\"@type\":\"EntryPoint\",\"urlTemplate\":\"https:\/\/hidro-truck.com\/web\/?s={search_term_string}\"},\"query-input\":\"required name=search_term_string\"}],\"inLanguage\":\"es\"}]}<\/script>\n<!-- \/ Yoast SEO plugin. -->","yoast_head_json":{"title":"Visi\u00f3n - HidroTruck SRL","robots":{"index":"index","follow":"follow","max-snippet":"max-snippet:-1","max-image-preview":"max-image-preview:large","max-video-preview":"max-video-preview:-1"},"canonical":"https:\/\/hidro-truck.com\/web\/nosotros\/","og_locale":"es_ES","og_type":"article","og_title":"Visi\u00f3n - HidroTruck SRL","og_description":"Liderar el mercado nacional en la provisi\u00f3n de\u00a0servicios profesionales para la reparaci\u00f3n, mantenimiento, montaje y ventas de gr\u00faas e hidroelevadores. La empresa Hidro-Truck S.R.L. se encuentra en proceso de implementaci\u00f3n de un sistema de Gesti\u00f3n de Calidad conforme a la Norma Internacional ISO 9001. De esta forma direccionamos nuestros esfuerzos para brindar servicios de excelencias","og_url":"https:\/\/hidro-truck.com\/web\/nosotros\/","og_site_name":"HidroTruck SRL","article_modified_time":"2016-08-27T01:20:11+00:00","twitter_card":"summary_large_image","schema":{"@context":"https:\/\/schema.org","@graph":[{"@type":"WebPage","@id":"https:\/\/hidro-truck.com\/web\/nosotros\/","url":"https:\/\/hidro-truck.com\/web\/nosotros\/","name":"Visi\u00f3n - HidroTruck SRL","isPartOf":{"@id":"https:\/\/hidro-truck.com\/web\/#website"},"datePublished":"2016-08-27T00:09:23+00:00","dateModified":"2016-08-27T01:20:11+00:00","breadcrumb":{"@id":"https:\/\/hidro-truck.com\/web\/nosotros\/#breadcrumb"},"inLanguage":"es","potentialAction":[{"@type":"ReadAction","target":["https:\/\/hidro-truck.com\/web\/nosotros\/"]}]},{"@type":"BreadcrumbList","@id":"https:\/\/hidro-truck.com\/web\/nosotros\/#breadcrumb","itemListElement":[{"@type":"ListItem","position":1,"name":"Portada","item":"https:\/\/hidro-truck.com\/web\/"},{"@type":"ListItem","position":2,"name":"Visi\u00f3n"}]},{"@type":"WebSite","@id":"https:\/\/hidro-truck.com\/web\/#website","url":"https:\/\/hidro-truck.com\/web\/","name":"HidroTruck SRL","description":"Venta de Hidrogruas TKA. Reparaci\u00f3n y mantenimiento","potentialAction":[{"@type":"SearchAction","target":{"@type":"EntryPoint","urlTemplate":"https:\/\/hidro-truck.com\/web\/?s={search_term_string}"},"query-input":"required name=search_term_string"}],"inLanguage":"es"}]}},"_links":{"self":[{"href":"https:\/\/hidro-truck.com\/web\/wp-json\/wp\/v2\/pages\/119"}],"collection":[{"href":"https:\/\/hidro-truck.com\/web\/wp-json\/wp\/v2\/pages"}],"about":[{"href":"https:\/\/hidro-truck.com\/web\/wp-json\/wp\/v2\/types\/page"}],"author":[{"embeddable":true,"href":"https:\/\/hidro-truck.com\/web\/wp-json\/wp\/v2\/users\/1"}],"replies":[{"embeddable":true,"href":"https:\/\/hidro-truck.com\/web\/wp-json\/wp\/v2\/comments?post=119"}],"version-history":[{"count":2,"href":"https:\/\/hidro-truck.com\/web\/wp-json\/wp\/v2\/pages\/119\/revisions"}],"predecessor-version":[{"id":134,"href":"https:\/\/hidro-truck.com\/web\/wp-json\/wp\/v2\/pages\/119\/revisions\/134"}],"wp:attachment":[{"href":"https:\/\/hidro-truck.com\/web\/wp-json\/wp\/v2\/media?parent=119"}],"curies":[{"name":"wp","href":"https:\/\/api.w.org\/{rel}","templated":true}]}}