{"id":1264,"date":"2019-01-30T03:12:15","date_gmt":"2019-01-30T03:12:15","guid":{"rendered":"http:\/\/hidro-truck.com\/web\/?page_id=1264"},"modified":"2019-02-01T19:52:27","modified_gmt":"2019-02-01T19:52:27","slug":"hidrogrua-tka-12700","status":"publish","type":"page","link":"https:\/\/hidro-truck.com\/web\/trabajos\/hidrogrua-tka-12700\/","title":{"rendered":"Hidrogrua TKA 12700"},"content":{"rendered":"<p><strong>TKA 12700 3H sobre cami\u00f3n Ford. Combo m\u00e1s vers\u00e1til para corral\u00f3n.<\/strong><\/p>\n\n\t\t<style type=\"text\/css\">\n\t\t\t#gallery-1 {\n\t\t\t\tmargin: auto;\n\t\t\t}\n\t\t\t#gallery-1 .gallery-item {\n\t\t\t\tfloat: left;\n\t\t\t\tmargin-top: 10px;\n\t\t\t\ttext-align: center;\n\t\t\t\twidth: 33%;\n\t\t\t}\n\t\t\t#gallery-1 img {\n\t\t\t\tborder: 2px solid #cfcfcf;\n\t\t\t}\n\t\t\t#gallery-1 .gallery-caption {\n\t\t\t\tmargin-left: 0;\n\t\t\t}\n\t\t\t\/* see gallery_shortcode() in wp-includes\/media.php *\/\n\t\t<\/style>\n\t\t<div id='gallery-1' class='gallery galleryid-1264 gallery-columns-3 gallery-size-medium'><dl class='gallery-item'>\n\t\t\t<dt class='gallery-icon landscape'>\n\t\t\t\t<a title=\"hidrotruck-hidrogruas-12700-ladrisur2\" href='https:\/\/hidro-truck.com\/web\/wp-content\/uploads\/2019\/01\/hidrotruck-hidrogruas-12700-ladrisur2.jpg'><img width=\"300\" height=\"225\" src=\"https:\/\/hidro-truck.com\/web\/wp-content\/uploads\/2019\/01\/hidrotruck-hidrogruas-12700-ladrisur2-300x225.jpg\" class=\"attachment-medium size-medium\" alt=\"\" decoding=\"async\" loading=\"lazy\" srcset=\"https:\/\/hidro-truck.com\/web\/wp-content\/uploads\/2019\/01\/hidrotruck-hidrogruas-12700-ladrisur2-300x225.jpg 300w, https:\/\/hidro-truck.com\/web\/wp-content\/uploads\/2019\/01\/hidrotruck-hidrogruas-12700-ladrisur2-768x576.jpg 768w, https:\/\/hidro-truck.com\/web\/wp-content\/uploads\/2019\/01\/hidrotruck-hidrogruas-12700-ladrisur2-1024x768.jpg 1024w, https:\/\/hidro-truck.com\/web\/wp-content\/uploads\/2019\/01\/hidrotruck-hidrogruas-12700-ladrisur2.jpg 1280w\" sizes=\"(max-width: 300px) 100vw, 300px\" \/><\/a>\n\t\t\t<\/dt><\/dl><dl class='gallery-item'>\n\t\t\t<dt class='gallery-icon landscape'>\n\t\t\t\t<a title=\"hidrotruck-hidrogruas-12700-ladrisur4\" href='https:\/\/hidro-truck.com\/web\/wp-content\/uploads\/2019\/01\/hidrotruck-hidrogruas-12700-ladrisur4.jpg'><img width=\"300\" height=\"225\" src=\"https:\/\/hidro-truck.com\/web\/wp-content\/uploads\/2019\/01\/hidrotruck-hidrogruas-12700-ladrisur4-300x225.jpg\" class=\"attachment-medium size-medium\" alt=\"\" decoding=\"async\" loading=\"lazy\" srcset=\"https:\/\/hidro-truck.com\/web\/wp-content\/uploads\/2019\/01\/hidrotruck-hidrogruas-12700-ladrisur4-300x225.jpg 300w, https:\/\/hidro-truck.com\/web\/wp-content\/uploads\/2019\/01\/hidrotruck-hidrogruas-12700-ladrisur4-768x576.jpg 768w, https:\/\/hidro-truck.com\/web\/wp-content\/uploads\/2019\/01\/hidrotruck-hidrogruas-12700-ladrisur4-1024x768.jpg 1024w, https:\/\/hidro-truck.com\/web\/wp-content\/uploads\/2019\/01\/hidrotruck-hidrogruas-12700-ladrisur4.jpg 1280w\" sizes=\"(max-width: 300px) 100vw, 300px\" \/><\/a>\n\t\t\t<\/dt><\/dl><dl class='gallery-item'>\n\t\t\t<dt class='gallery-icon landscape'>\n\t\t\t\t<a title=\"hidrotruck-hidrogruas-12700-ladrisur3\" href='https:\/\/hidro-truck.com\/web\/wp-content\/uploads\/2019\/01\/hidrotruck-hidrogruas-12700-ladrisur3.jpg'><img width=\"300\" height=\"225\" src=\"https:\/\/hidro-truck.com\/web\/wp-content\/uploads\/2019\/01\/hidrotruck-hidrogruas-12700-ladrisur3-300x225.jpg\" class=\"attachment-medium size-medium\" alt=\"\" decoding=\"async\" loading=\"lazy\" srcset=\"https:\/\/hidro-truck.com\/web\/wp-content\/uploads\/2019\/01\/hidrotruck-hidrogruas-12700-ladrisur3-300x225.jpg 300w, https:\/\/hidro-truck.com\/web\/wp-content\/uploads\/2019\/01\/hidrotruck-hidrogruas-12700-ladrisur3-768x576.jpg 768w, https:\/\/hidro-truck.com\/web\/wp-content\/uploads\/2019\/01\/hidrotruck-hidrogruas-12700-ladrisur3-1024x768.jpg 1024w, https:\/\/hidro-truck.com\/web\/wp-content\/uploads\/2019\/01\/hidrotruck-hidrogruas-12700-ladrisur3.jpg 1280w\" sizes=\"(max-width: 300px) 100vw, 300px\" \/><\/a>\n\t\t\t<\/dt><\/dl><br style=\"clear: both\" \/>\n\t\t<\/div>\n\n<!-- AddThis Advanced Settings generic via filter on the_content --><!-- AddThis Share Buttons generic via filter on the_content -->","protected":false},"excerpt":{"rendered":"<p>TKA 12700 3H sobre cami\u00f3n Ford. Combo m\u00e1s vers\u00e1til para corral\u00f3n.<!-- AddThis Advanced Settings generic via filter on get_the_excerpt --><!-- AddThis Share Buttons generic via filter on get_the_excerpt --><\/p>\n","protected":false},"author":1,"featured_media":1265,"parent":23,"menu_order":0,"comment_status":"closed","ping_status":"closed","template":"","meta":[],"yoast_head":"<!-- This site is optimized with the Yoast SEO plugin v21.0 - https:\/\/yoast.com\/wordpress\/plugins\/seo\/ -->\n<title>Hidrogrua TKA 12700 - HidroTruck SRL<\/title>\n<meta name=\"description\" content=\"Hidrogrua TKA 12700\" \/>\n<meta name=\"robots\" content=\"index, follow, max-snippet:-1, max-image-preview:large, max-video-preview:-1\" \/>\n<link rel=\"canonical\" href=\"https:\/\/hidro-truck.com\/web\/trabajos\/hidrogrua-tka-12700\/\" \/>\n<meta property=\"og:locale\" content=\"es_ES\" \/>\n<meta property=\"og:type\" content=\"article\" \/>\n<meta property=\"og:title\" content=\"Hidrogrua TKA 12700 - HidroTruck SRL\" \/>\n<meta property=\"og:description\" content=\"Hidrogrua TKA 12700\" \/>\n<meta property=\"og:url\" content=\"https:\/\/hidro-truck.com\/web\/trabajos\/hidrogrua-tka-12700\/\" \/>\n<meta property=\"og:site_name\" content=\"HidroTruck SRL\" \/>\n<meta property=\"article:modified_time\" content=\"2019-02-01T19:52:27+00:00\" \/>\n<meta property=\"og:image\" content=\"https:\/\/hidro-truck.com\/web\/wp-content\/uploads\/2019\/01\/hidrotruck-hidrogruas-12700-ladrisur1.jpg\" \/>\n\t<meta property=\"og:image:width\" content=\"1280\" \/>\n\t<meta property=\"og:image:height\" content=\"960\" \/>\n\t<meta property=\"og:image:type\" content=\"image\/jpeg\" \/>\n<meta name=\"twitter:card\" content=\"summary_large_image\" \/>\n<script type=\"application\/ld+json\" class=\"yoast-schema-graph\">{\"@context\":\"https:\/\/schema.org\",\"@graph\":[{\"@type\":\"WebPage\",\"@id\":\"https:\/\/hidro-truck.com\/web\/trabajos\/hidrogrua-tka-12700\/\",\"url\":\"https:\/\/hidro-truck.com\/web\/trabajos\/hidrogrua-tka-12700\/\",\"name\":\"Hidrogrua TKA 12700 - HidroTruck SRL\",\"isPartOf\":{\"@id\":\"https:\/\/hidro-truck.com\/web\/#website\"},\"datePublished\":\"2019-01-30T03:12:15+00:00\",\"dateModified\":\"2019-02-01T19:52:27+00:00\",\"description\":\"Hidrogrua TKA 12700\",\"breadcrumb\":{\"@id\":\"https:\/\/hidro-truck.com\/web\/trabajos\/hidrogrua-tka-12700\/#breadcrumb\"},\"inLanguage\":\"es\",\"potentialAction\":[{\"@type\":\"ReadAction\",\"target\":[\"https:\/\/hidro-truck.com\/web\/trabajos\/hidrogrua-tka-12700\/\"]}]},{\"@type\":\"BreadcrumbList\",\"@id\":\"https:\/\/hidro-truck.com\/web\/trabajos\/hidrogrua-tka-12700\/#breadcrumb\",\"itemListElement\":[{\"@type\":\"ListItem\",\"position\":1,\"name\":\"Portada\",\"item\":\"https:\/\/hidro-truck.com\/web\/\"},{\"@type\":\"ListItem\",\"position\":2,\"name\":\"Trabajos\",\"item\":\"https:\/\/hidro-truck.com\/web\/trabajos\/\"},{\"@type\":\"ListItem\",\"position\":3,\"name\":\"Hidrogrua TKA 12700\"}]},{\"@type\":\"WebSite\",\"@id\":\"https:\/\/hidro-truck.com\/web\/#website\",\"url\":\"https:\/\/hidro-truck.com\/web\/\",\"name\":\"HidroTruck SRL\",\"description\":\"Venta de Hidrogruas TKA. Reparaci\u00f3n y mantenimiento\",\"potentialAction\":[{\"@type\":\"SearchAction\",\"target\":{\"@type\":\"EntryPoint\",\"urlTemplate\":\"https:\/\/hidro-truck.com\/web\/?s={search_term_string}\"},\"query-input\":\"required name=search_term_string\"}],\"inLanguage\":\"es\"}]}<\/script>\n<!-- \/ Yoast SEO plugin. -->","yoast_head_json":{"title":"Hidrogrua TKA 12700 - HidroTruck SRL","description":"Hidrogrua TKA 12700","robots":{"index":"index","follow":"follow","max-snippet":"max-snippet:-1","max-image-preview":"max-image-preview:large","max-video-preview":"max-video-preview:-1"},"canonical":"https:\/\/hidro-truck.com\/web\/trabajos\/hidrogrua-tka-12700\/","og_locale":"es_ES","og_type":"article","og_title":"Hidrogrua TKA 12700 - HidroTruck SRL","og_description":"Hidrogrua TKA 12700","og_url":"https:\/\/hidro-truck.com\/web\/trabajos\/hidrogrua-tka-12700\/","og_site_name":"HidroTruck SRL","article_modified_time":"2019-02-01T19:52:27+00:00","og_image":[{"width":1280,"height":960,"url":"https:\/\/hidro-truck.com\/web\/wp-content\/uploads\/2019\/01\/hidrotruck-hidrogruas-12700-ladrisur1.jpg","type":"image\/jpeg"}],"twitter_card":"summary_large_image","schema":{"@context":"https:\/\/schema.org","@graph":[{"@type":"WebPage","@id":"https:\/\/hidro-truck.com\/web\/trabajos\/hidrogrua-tka-12700\/","url":"https:\/\/hidro-truck.com\/web\/trabajos\/hidrogrua-tka-12700\/","name":"Hidrogrua TKA 12700 - HidroTruck SRL","isPartOf":{"@id":"https:\/\/hidro-truck.com\/web\/#website"},"datePublished":"2019-01-30T03:12:15+00:00","dateModified":"2019-02-01T19:52:27+00:00","description":"Hidrogrua TKA 12700","breadcrumb":{"@id":"https:\/\/hidro-truck.com\/web\/trabajos\/hidrogrua-tka-12700\/#breadcrumb"},"inLanguage":"es","potentialAction":[{"@type":"ReadAction","target":["https:\/\/hidro-truck.com\/web\/trabajos\/hidrogrua-tka-12700\/"]}]},{"@type":"BreadcrumbList","@id":"https:\/\/hidro-truck.com\/web\/trabajos\/hidrogrua-tka-12700\/#breadcrumb","itemListElement":[{"@type":"ListItem","position":1,"name":"Portada","item":"https:\/\/hidro-truck.com\/web\/"},{"@type":"ListItem","position":2,"name":"Trabajos","item":"https:\/\/hidro-truck.com\/web\/trabajos\/"},{"@type":"ListItem","position":3,"name":"Hidrogrua TKA 12700"}]},{"@type":"WebSite","@id":"https:\/\/hidro-truck.com\/web\/#website","url":"https:\/\/hidro-truck.com\/web\/","name":"HidroTruck SRL","description":"Venta de Hidrogruas TKA. Reparaci\u00f3n y mantenimiento","potentialAction":[{"@type":"SearchAction","target":{"@type":"EntryPoint","urlTemplate":"https:\/\/hidro-truck.com\/web\/?s={search_term_string}"},"query-input":"required name=search_term_string"}],"inLanguage":"es"}]}},"_links":{"self":[{"href":"https:\/\/hidro-truck.com\/web\/wp-json\/wp\/v2\/pages\/1264"}],"collection":[{"href":"https:\/\/hidro-truck.com\/web\/wp-json\/wp\/v2\/pages"}],"about":[{"href":"https:\/\/hidro-truck.com\/web\/wp-json\/wp\/v2\/types\/page"}],"author":[{"embeddable":true,"href":"https:\/\/hidro-truck.com\/web\/wp-json\/wp\/v2\/users\/1"}],"replies":[{"embeddable":true,"href":"https:\/\/hidro-truck.com\/web\/wp-json\/wp\/v2\/comments?post=1264"}],"version-history":[{"count":2,"href":"https:\/\/hidro-truck.com\/web\/wp-json\/wp\/v2\/pages\/1264\/revisions"}],"predecessor-version":[{"id":1277,"href":"https:\/\/hidro-truck.com\/web\/wp-json\/wp\/v2\/pages\/1264\/revisions\/1277"}],"up":[{"embeddable":true,"href":"https:\/\/hidro-truck.com\/web\/wp-json\/wp\/v2\/pages\/23"}],"wp:featuredmedia":[{"embeddable":true,"href":"https:\/\/hidro-truck.com\/web\/wp-json\/wp\/v2\/media\/1265"}],"wp:attachment":[{"href":"https:\/\/hidro-truck.com\/web\/wp-json\/wp\/v2\/media?parent=1264"}],"curies":[{"name":"wp","href":"https:\/\/api.w.org\/{rel}","templated":true}]}}