{"id":137,"date":"2016-08-27T01:22:18","date_gmt":"2016-08-27T01:22:18","guid":{"rendered":"http:\/\/hidro-truck.com\/web\/?page_id=137"},"modified":"2016-08-27T01:22:18","modified_gmt":"2016-08-27T01:22:18","slug":"politica-de-calidad","status":"publish","type":"page","link":"https:\/\/hidro-truck.com\/web\/politica-de-calidad\/","title":{"rendered":"Pol\u00edtica de Calidad"},"content":{"rendered":"<p>Nuestra Pol\u00edtica de Calidad se manifiesta mediante nuestro firme compromiso con los CLIENTES de satisfacer plenamente sus requerimientos y expectativas, y los requisitos legales y reglamentarios aplicables a nuestra actividad, para ello garantizamos impulsar una cultura de calidad basada en los principios de honestidad, liderazgo, actualizaci\u00f3n de los conocimientos y pr\u00e1cticas del personal, esp\u00edritu del servicio, solidaridad, compromiso de mejora continua y seguridad en los servicios que brindamos, y generar la satisfacci\u00f3n de todas las partes vinculadas, a saber: clientes, socios, empleados y la Comunidad.<\/p>\n<!-- AddThis Advanced Settings generic via filter on the_content --><!-- AddThis Share Buttons generic via filter on the_content -->","protected":false},"excerpt":{"rendered":"<p>Nuestra Pol\u00edtica de Calidad se manifiesta mediante nuestro firme compromiso con los CLIENTES de satisfacer plenamente sus requerimientos y expectativas, y los requisitos legales y reglamentarios aplicables a nuestra actividad, para ello garantizamos impulsar una cultura de calidad basada en los principios de honestidad, liderazgo, actualizaci\u00f3n de los conocimientos y pr\u00e1cticas del personal, esp\u00edritu del<!-- AddThis Advanced Settings generic via filter on get_the_excerpt --><!-- AddThis Share Buttons generic via filter on get_the_excerpt --><\/p>\n","protected":false},"author":1,"featured_media":0,"parent":0,"menu_order":0,"comment_status":"closed","ping_status":"closed","template":"","meta":[],"yoast_head":"<!-- This site is optimized with the Yoast SEO plugin v21.0 - https:\/\/yoast.com\/wordpress\/plugins\/seo\/ -->\n<title>Pol\u00edtica de Calidad - HidroTruck SRL<\/title>\n<meta name=\"robots\" content=\"index, follow, max-snippet:-1, max-image-preview:large, max-video-preview:-1\" \/>\n<link rel=\"canonical\" href=\"https:\/\/hidro-truck.com\/web\/politica-de-calidad\/\" \/>\n<meta property=\"og:locale\" content=\"es_ES\" \/>\n<meta property=\"og:type\" content=\"article\" \/>\n<meta property=\"og:title\" content=\"Pol\u00edtica de Calidad - HidroTruck SRL\" \/>\n<meta property=\"og:description\" content=\"Nuestra Pol\u00edtica de Calidad se manifiesta mediante nuestro firme compromiso con los CLIENTES de satisfacer plenamente sus requerimientos y expectativas, y los requisitos legales y reglamentarios aplicables a nuestra actividad, para ello garantizamos impulsar una cultura de calidad basada en los principios de honestidad, liderazgo, actualizaci\u00f3n de los conocimientos y pr\u00e1cticas del personal, esp\u00edritu del\" \/>\n<meta property=\"og:url\" content=\"https:\/\/hidro-truck.com\/web\/politica-de-calidad\/\" \/>\n<meta property=\"og:site_name\" content=\"HidroTruck SRL\" \/>\n<meta name=\"twitter:card\" content=\"summary_large_image\" \/>\n<script type=\"application\/ld+json\" class=\"yoast-schema-graph\">{\"@context\":\"https:\/\/schema.org\",\"@graph\":[{\"@type\":\"WebPage\",\"@id\":\"https:\/\/hidro-truck.com\/web\/politica-de-calidad\/\",\"url\":\"https:\/\/hidro-truck.com\/web\/politica-de-calidad\/\",\"name\":\"Pol\u00edtica de Calidad - HidroTruck SRL\",\"isPartOf\":{\"@id\":\"https:\/\/hidro-truck.com\/web\/#website\"},\"datePublished\":\"2016-08-27T01:22:18+00:00\",\"dateModified\":\"2016-08-27T01:22:18+00:00\",\"breadcrumb\":{\"@id\":\"https:\/\/hidro-truck.com\/web\/politica-de-calidad\/#breadcrumb\"},\"inLanguage\":\"es\",\"potentialAction\":[{\"@type\":\"ReadAction\",\"target\":[\"https:\/\/hidro-truck.com\/web\/politica-de-calidad\/\"]}]},{\"@type\":\"BreadcrumbList\",\"@id\":\"https:\/\/hidro-truck.com\/web\/politica-de-calidad\/#breadcrumb\",\"itemListElement\":[{\"@type\":\"ListItem\",\"position\":1,\"name\":\"Portada\",\"item\":\"https:\/\/hidro-truck.com\/web\/\"},{\"@type\":\"ListItem\",\"position\":2,\"name\":\"Pol\u00edtica de Calidad\"}]},{\"@type\":\"WebSite\",\"@id\":\"https:\/\/hidro-truck.com\/web\/#website\",\"url\":\"https:\/\/hidro-truck.com\/web\/\",\"name\":\"HidroTruck SRL\",\"description\":\"Venta de Hidrogruas TKA. Reparaci\u00f3n y mantenimiento\",\"potentialAction\":[{\"@type\":\"SearchAction\",\"target\":{\"@type\":\"EntryPoint\",\"urlTemplate\":\"https:\/\/hidro-truck.com\/web\/?s={search_term_string}\"},\"query-input\":\"required name=search_term_string\"}],\"inLanguage\":\"es\"}]}<\/script>\n<!-- \/ Yoast SEO plugin. -->","yoast_head_json":{"title":"Pol\u00edtica de Calidad - HidroTruck SRL","robots":{"index":"index","follow":"follow","max-snippet":"max-snippet:-1","max-image-preview":"max-image-preview:large","max-video-preview":"max-video-preview:-1"},"canonical":"https:\/\/hidro-truck.com\/web\/politica-de-calidad\/","og_locale":"es_ES","og_type":"article","og_title":"Pol\u00edtica de Calidad - HidroTruck SRL","og_description":"Nuestra Pol\u00edtica de Calidad se manifiesta mediante nuestro firme compromiso con los CLIENTES de satisfacer plenamente sus requerimientos y expectativas, y los requisitos legales y reglamentarios aplicables a nuestra actividad, para ello garantizamos impulsar una cultura de calidad basada en los principios de honestidad, liderazgo, actualizaci\u00f3n de los conocimientos y pr\u00e1cticas del personal, esp\u00edritu del","og_url":"https:\/\/hidro-truck.com\/web\/politica-de-calidad\/","og_site_name":"HidroTruck SRL","twitter_card":"summary_large_image","schema":{"@context":"https:\/\/schema.org","@graph":[{"@type":"WebPage","@id":"https:\/\/hidro-truck.com\/web\/politica-de-calidad\/","url":"https:\/\/hidro-truck.com\/web\/politica-de-calidad\/","name":"Pol\u00edtica de Calidad - HidroTruck SRL","isPartOf":{"@id":"https:\/\/hidro-truck.com\/web\/#website"},"datePublished":"2016-08-27T01:22:18+00:00","dateModified":"2016-08-27T01:22:18+00:00","breadcrumb":{"@id":"https:\/\/hidro-truck.com\/web\/politica-de-calidad\/#breadcrumb"},"inLanguage":"es","potentialAction":[{"@type":"ReadAction","target":["https:\/\/hidro-truck.com\/web\/politica-de-calidad\/"]}]},{"@type":"BreadcrumbList","@id":"https:\/\/hidro-truck.com\/web\/politica-de-calidad\/#breadcrumb","itemListElement":[{"@type":"ListItem","position":1,"name":"Portada","item":"https:\/\/hidro-truck.com\/web\/"},{"@type":"ListItem","position":2,"name":"Pol\u00edtica de Calidad"}]},{"@type":"WebSite","@id":"https:\/\/hidro-truck.com\/web\/#website","url":"https:\/\/hidro-truck.com\/web\/","name":"HidroTruck SRL","description":"Venta de Hidrogruas TKA. Reparaci\u00f3n y mantenimiento","potentialAction":[{"@type":"SearchAction","target":{"@type":"EntryPoint","urlTemplate":"https:\/\/hidro-truck.com\/web\/?s={search_term_string}"},"query-input":"required name=search_term_string"}],"inLanguage":"es"}]}},"_links":{"self":[{"href":"https:\/\/hidro-truck.com\/web\/wp-json\/wp\/v2\/pages\/137"}],"collection":[{"href":"https:\/\/hidro-truck.com\/web\/wp-json\/wp\/v2\/pages"}],"about":[{"href":"https:\/\/hidro-truck.com\/web\/wp-json\/wp\/v2\/types\/page"}],"author":[{"embeddable":true,"href":"https:\/\/hidro-truck.com\/web\/wp-json\/wp\/v2\/users\/1"}],"replies":[{"embeddable":true,"href":"https:\/\/hidro-truck.com\/web\/wp-json\/wp\/v2\/comments?post=137"}],"version-history":[{"count":1,"href":"https:\/\/hidro-truck.com\/web\/wp-json\/wp\/v2\/pages\/137\/revisions"}],"predecessor-version":[{"id":138,"href":"https:\/\/hidro-truck.com\/web\/wp-json\/wp\/v2\/pages\/137\/revisions\/138"}],"wp:attachment":[{"href":"https:\/\/hidro-truck.com\/web\/wp-json\/wp\/v2\/media?parent=137"}],"curies":[{"name":"wp","href":"https:\/\/api.w.org\/{rel}","templated":true}]}}