{"id":1373,"date":"2019-08-08T18:33:50","date_gmt":"2019-08-08T18:33:50","guid":{"rendered":"http:\/\/hidro-truck.com\/web\/?page_id=1373"},"modified":"2019-08-08T18:33:50","modified_gmt":"2019-08-08T18:33:50","slug":"hidrogrua-tka-10700","status":"publish","type":"page","link":"https:\/\/hidro-truck.com\/web\/hidrogrua-tka-10700\/","title":{"rendered":"Hidrogrua TKA 10700"},"content":{"rendered":"<p><strong>Venta e instalaci\u00f3n de una Hidrogrua\u00a0TKA 10700 2H 1M.<\/strong><\/p>\n<p>Se instalo sobre un cami\u00f3n Ford 14000. Tambi\u00e9n se realiz\u00f3 alargue de chasis con modificaci\u00f3n de volcadora para instalaci\u00f3n de gr\u00faa.<\/p>\n<p><img decoding=\"async\" loading=\"lazy\" class=\"alignnone size-large wp-image-1376\" src=\"http:\/\/hidro-truck.com\/web\/wp-content\/uploads\/2019\/08\/WhatsApp-Image-2019-07-16-at-8.05.00-AM-2-1024x768.jpeg\" alt=\"WhatsApp Image 2019-07-16 at 8.05.00 AM (2)\" width=\"550\" height=\"413\" srcset=\"https:\/\/hidro-truck.com\/web\/wp-content\/uploads\/2019\/08\/WhatsApp-Image-2019-07-16-at-8.05.00-AM-2-1024x768.jpeg 1024w, https:\/\/hidro-truck.com\/web\/wp-content\/uploads\/2019\/08\/WhatsApp-Image-2019-07-16-at-8.05.00-AM-2-300x225.jpeg 300w, https:\/\/hidro-truck.com\/web\/wp-content\/uploads\/2019\/08\/WhatsApp-Image-2019-07-16-at-8.05.00-AM-2-768x576.jpeg 768w, https:\/\/hidro-truck.com\/web\/wp-content\/uploads\/2019\/08\/WhatsApp-Image-2019-07-16-at-8.05.00-AM-2.jpeg 1280w\" sizes=\"(max-width: 550px) 100vw, 550px\" \/><\/p>\n<p>Cliente:<strong> Corral\u00f3n ArgenMat<\/strong><\/p>\n<p><img decoding=\"async\" loading=\"lazy\" class=\"alignnone size-large wp-image-1375\" src=\"http:\/\/hidro-truck.com\/web\/wp-content\/uploads\/2019\/08\/WhatsApp-Image-2019-07-16-at-8.05.00-AM-1-768x1024.jpeg\" alt=\"WhatsApp Image 2019-07-16 at 8.05.00 AM (1)\" width=\"550\" height=\"733\" srcset=\"https:\/\/hidro-truck.com\/web\/wp-content\/uploads\/2019\/08\/WhatsApp-Image-2019-07-16-at-8.05.00-AM-1-768x1024.jpeg 768w, https:\/\/hidro-truck.com\/web\/wp-content\/uploads\/2019\/08\/WhatsApp-Image-2019-07-16-at-8.05.00-AM-1-225x300.jpeg 225w, https:\/\/hidro-truck.com\/web\/wp-content\/uploads\/2019\/08\/WhatsApp-Image-2019-07-16-at-8.05.00-AM-1.jpeg 960w\" sizes=\"(max-width: 550px) 100vw, 550px\" \/><\/p>\n<p><img decoding=\"async\" loading=\"lazy\" class=\"alignnone size-large wp-image-1374\" src=\"http:\/\/hidro-truck.com\/web\/wp-content\/uploads\/2019\/08\/WhatsApp-Image-2019-07-16-at-8.05.00-AM-768x1024.jpeg\" alt=\"WhatsApp Image 2019-07-16 at 8.05.00 AM\" width=\"550\" height=\"733\" srcset=\"https:\/\/hidro-truck.com\/web\/wp-content\/uploads\/2019\/08\/WhatsApp-Image-2019-07-16-at-8.05.00-AM-768x1024.jpeg 768w, https:\/\/hidro-truck.com\/web\/wp-content\/uploads\/2019\/08\/WhatsApp-Image-2019-07-16-at-8.05.00-AM-225x300.jpeg 225w, https:\/\/hidro-truck.com\/web\/wp-content\/uploads\/2019\/08\/WhatsApp-Image-2019-07-16-at-8.05.00-AM.jpeg 960w\" sizes=\"(max-width: 550px) 100vw, 550px\" \/><\/p>\n<!-- AddThis Advanced Settings generic via filter on the_content --><!-- AddThis Share Buttons generic via filter on the_content -->","protected":false},"excerpt":{"rendered":"<p>Venta e instalaci\u00f3n de una Hidrogrua\u00a0TKA 10700 2H 1M. Se instalo sobre un cami\u00f3n Ford 14000. Tambi\u00e9n se realiz\u00f3 alargue de chasis con modificaci\u00f3n de volcadora para instalaci\u00f3n de gr\u00faa. Cliente: Corral\u00f3n ArgenMat<!-- AddThis Advanced Settings generic via filter on get_the_excerpt --><!-- AddThis Share Buttons generic via filter on get_the_excerpt --><\/p>\n","protected":false},"author":1,"featured_media":1377,"parent":0,"menu_order":0,"comment_status":"closed","ping_status":"closed","template":"","meta":[],"yoast_head":"<!-- This site is optimized with the Yoast SEO plugin v21.0 - https:\/\/yoast.com\/wordpress\/plugins\/seo\/ -->\n<title>Hidrogrua TKA 10700 - HidroTruck SRL<\/title>\n<meta name=\"robots\" content=\"index, follow, max-snippet:-1, max-image-preview:large, max-video-preview:-1\" \/>\n<link rel=\"canonical\" href=\"https:\/\/hidro-truck.com\/web\/hidrogrua-tka-10700\/\" \/>\n<meta property=\"og:locale\" content=\"es_ES\" \/>\n<meta property=\"og:type\" content=\"article\" \/>\n<meta property=\"og:title\" content=\"Hidrogrua TKA 10700 - HidroTruck SRL\" \/>\n<meta property=\"og:description\" content=\"Venta e instalaci\u00f3n de una Hidrogrua\u00a0TKA 10700 2H 1M. Se instalo sobre un cami\u00f3n Ford 14000. Tambi\u00e9n se realiz\u00f3 alargue de chasis con modificaci\u00f3n de volcadora para instalaci\u00f3n de gr\u00faa. Cliente: Corral\u00f3n ArgenMat\" \/>\n<meta property=\"og:url\" content=\"https:\/\/hidro-truck.com\/web\/hidrogrua-tka-10700\/\" \/>\n<meta property=\"og:site_name\" content=\"HidroTruck SRL\" \/>\n<meta property=\"og:image\" content=\"https:\/\/hidro-truck.com\/web\/wp-content\/uploads\/2019\/08\/WhatsApp-Image-2019-07-16-at-8.05.01-AM.jpeg\" \/>\n\t<meta property=\"og:image:width\" content=\"1280\" \/>\n\t<meta property=\"og:image:height\" content=\"960\" \/>\n\t<meta property=\"og:image:type\" content=\"image\/jpeg\" \/>\n<meta name=\"twitter:card\" content=\"summary_large_image\" \/>\n<script type=\"application\/ld+json\" class=\"yoast-schema-graph\">{\"@context\":\"https:\/\/schema.org\",\"@graph\":[{\"@type\":\"WebPage\",\"@id\":\"https:\/\/hidro-truck.com\/web\/hidrogrua-tka-10700\/\",\"url\":\"https:\/\/hidro-truck.com\/web\/hidrogrua-tka-10700\/\",\"name\":\"Hidrogrua TKA 10700 - HidroTruck SRL\",\"isPartOf\":{\"@id\":\"https:\/\/hidro-truck.com\/web\/#website\"},\"datePublished\":\"2019-08-08T18:33:50+00:00\",\"dateModified\":\"2019-08-08T18:33:50+00:00\",\"breadcrumb\":{\"@id\":\"https:\/\/hidro-truck.com\/web\/hidrogrua-tka-10700\/#breadcrumb\"},\"inLanguage\":\"es\",\"potentialAction\":[{\"@type\":\"ReadAction\",\"target\":[\"https:\/\/hidro-truck.com\/web\/hidrogrua-tka-10700\/\"]}]},{\"@type\":\"BreadcrumbList\",\"@id\":\"https:\/\/hidro-truck.com\/web\/hidrogrua-tka-10700\/#breadcrumb\",\"itemListElement\":[{\"@type\":\"ListItem\",\"position\":1,\"name\":\"Portada\",\"item\":\"https:\/\/hidro-truck.com\/web\/\"},{\"@type\":\"ListItem\",\"position\":2,\"name\":\"Hidrogrua TKA 10700\"}]},{\"@type\":\"WebSite\",\"@id\":\"https:\/\/hidro-truck.com\/web\/#website\",\"url\":\"https:\/\/hidro-truck.com\/web\/\",\"name\":\"HidroTruck SRL\",\"description\":\"Venta de Hidrogruas TKA. Reparaci\u00f3n y mantenimiento\",\"potentialAction\":[{\"@type\":\"SearchAction\",\"target\":{\"@type\":\"EntryPoint\",\"urlTemplate\":\"https:\/\/hidro-truck.com\/web\/?s={search_term_string}\"},\"query-input\":\"required name=search_term_string\"}],\"inLanguage\":\"es\"}]}<\/script>\n<!-- \/ Yoast SEO plugin. -->","yoast_head_json":{"title":"Hidrogrua TKA 10700 - HidroTruck SRL","robots":{"index":"index","follow":"follow","max-snippet":"max-snippet:-1","max-image-preview":"max-image-preview:large","max-video-preview":"max-video-preview:-1"},"canonical":"https:\/\/hidro-truck.com\/web\/hidrogrua-tka-10700\/","og_locale":"es_ES","og_type":"article","og_title":"Hidrogrua TKA 10700 - HidroTruck SRL","og_description":"Venta e instalaci\u00f3n de una Hidrogrua\u00a0TKA 10700 2H 1M. Se instalo sobre un cami\u00f3n Ford 14000. Tambi\u00e9n se realiz\u00f3 alargue de chasis con modificaci\u00f3n de volcadora para instalaci\u00f3n de gr\u00faa. Cliente: Corral\u00f3n ArgenMat","og_url":"https:\/\/hidro-truck.com\/web\/hidrogrua-tka-10700\/","og_site_name":"HidroTruck SRL","og_image":[{"width":1280,"height":960,"url":"https:\/\/hidro-truck.com\/web\/wp-content\/uploads\/2019\/08\/WhatsApp-Image-2019-07-16-at-8.05.01-AM.jpeg","type":"image\/jpeg"}],"twitter_card":"summary_large_image","schema":{"@context":"https:\/\/schema.org","@graph":[{"@type":"WebPage","@id":"https:\/\/hidro-truck.com\/web\/hidrogrua-tka-10700\/","url":"https:\/\/hidro-truck.com\/web\/hidrogrua-tka-10700\/","name":"Hidrogrua TKA 10700 - HidroTruck SRL","isPartOf":{"@id":"https:\/\/hidro-truck.com\/web\/#website"},"datePublished":"2019-08-08T18:33:50+00:00","dateModified":"2019-08-08T18:33:50+00:00","breadcrumb":{"@id":"https:\/\/hidro-truck.com\/web\/hidrogrua-tka-10700\/#breadcrumb"},"inLanguage":"es","potentialAction":[{"@type":"ReadAction","target":["https:\/\/hidro-truck.com\/web\/hidrogrua-tka-10700\/"]}]},{"@type":"BreadcrumbList","@id":"https:\/\/hidro-truck.com\/web\/hidrogrua-tka-10700\/#breadcrumb","itemListElement":[{"@type":"ListItem","position":1,"name":"Portada","item":"https:\/\/hidro-truck.com\/web\/"},{"@type":"ListItem","position":2,"name":"Hidrogrua TKA 10700"}]},{"@type":"WebSite","@id":"https:\/\/hidro-truck.com\/web\/#website","url":"https:\/\/hidro-truck.com\/web\/","name":"HidroTruck SRL","description":"Venta de Hidrogruas TKA. Reparaci\u00f3n y mantenimiento","potentialAction":[{"@type":"SearchAction","target":{"@type":"EntryPoint","urlTemplate":"https:\/\/hidro-truck.com\/web\/?s={search_term_string}"},"query-input":"required name=search_term_string"}],"inLanguage":"es"}]}},"_links":{"self":[{"href":"https:\/\/hidro-truck.com\/web\/wp-json\/wp\/v2\/pages\/1373"}],"collection":[{"href":"https:\/\/hidro-truck.com\/web\/wp-json\/wp\/v2\/pages"}],"about":[{"href":"https:\/\/hidro-truck.com\/web\/wp-json\/wp\/v2\/types\/page"}],"author":[{"embeddable":true,"href":"https:\/\/hidro-truck.com\/web\/wp-json\/wp\/v2\/users\/1"}],"replies":[{"embeddable":true,"href":"https:\/\/hidro-truck.com\/web\/wp-json\/wp\/v2\/comments?post=1373"}],"version-history":[{"count":2,"href":"https:\/\/hidro-truck.com\/web\/wp-json\/wp\/v2\/pages\/1373\/revisions"}],"predecessor-version":[{"id":1379,"href":"https:\/\/hidro-truck.com\/web\/wp-json\/wp\/v2\/pages\/1373\/revisions\/1379"}],"wp:featuredmedia":[{"embeddable":true,"href":"https:\/\/hidro-truck.com\/web\/wp-json\/wp\/v2\/media\/1377"}],"wp:attachment":[{"href":"https:\/\/hidro-truck.com\/web\/wp-json\/wp\/v2\/media?parent=1373"}],"curies":[{"name":"wp","href":"https:\/\/api.w.org\/{rel}","templated":true}]}}