{"id":1453,"date":"2019-11-28T19:47:32","date_gmt":"2019-11-28T19:47:32","guid":{"rendered":"http:\/\/hidro-truck.com\/web\/?page_id=1453"},"modified":"2019-11-28T19:47:32","modified_gmt":"2019-11-28T19:47:32","slug":"hidrogrua-tka-10-700-c","status":"publish","type":"page","link":"https:\/\/hidro-truck.com\/web\/trabajos\/hidrogrua-tka-10-700-c\/","title":{"rendered":"Hidrogrua TKA 10.700 C"},"content":{"rendered":"<p><strong>Venta e instalaci\u00f3n de Hidrogrua TKA, 10.700 en formato Canivete con configuraci\u00f3n 2H 1M.<\/strong><\/p>\n<p><img decoding=\"async\" loading=\"lazy\" class=\"alignnone size-large wp-image-1457\" src=\"http:\/\/hidro-truck.com\/web\/wp-content\/uploads\/2019\/11\/WhatsApp-Image-2019-11-28-at-3.52.32-PM-2-1024x768.jpeg\" alt=\"WhatsApp Image 2019-11-28 at 3.52.32 PM (2)\" width=\"550\" height=\"413\" srcset=\"https:\/\/hidro-truck.com\/web\/wp-content\/uploads\/2019\/11\/WhatsApp-Image-2019-11-28-at-3.52.32-PM-2.jpeg 1024w, https:\/\/hidro-truck.com\/web\/wp-content\/uploads\/2019\/11\/WhatsApp-Image-2019-11-28-at-3.52.32-PM-2-300x225.jpeg 300w, https:\/\/hidro-truck.com\/web\/wp-content\/uploads\/2019\/11\/WhatsApp-Image-2019-11-28-at-3.52.32-PM-2-768x576.jpeg 768w\" sizes=\"(max-width: 550px) 100vw, 550px\" \/><\/p>\n<p>En\u00a0\u00a0Ford 7000 con caja volcadora. Reforma de caja para adaptaci\u00f3n del montaje de la gr\u00faa.<\/p>\n<p><iframe loading=\"lazy\" src=\"https:\/\/www.youtube.com\/embed\/PYL_Sj22rGk\" width=\"560\" height=\"315\" frameborder=\"0\" allowfullscreen=\"allowfullscreen\"><\/iframe><\/p>\n<p><img decoding=\"async\" loading=\"lazy\" class=\"alignnone size-large wp-image-1454\" src=\"http:\/\/hidro-truck.com\/web\/wp-content\/uploads\/2019\/11\/WhatsApp-Image-2019-11-28-at-1.23.12-PM-1024x768.jpeg\" alt=\"WhatsApp Image 2019-11-28 at 1.23.12 PM\" width=\"550\" height=\"413\" srcset=\"https:\/\/hidro-truck.com\/web\/wp-content\/uploads\/2019\/11\/WhatsApp-Image-2019-11-28-at-1.23.12-PM-1024x768.jpeg 1024w, https:\/\/hidro-truck.com\/web\/wp-content\/uploads\/2019\/11\/WhatsApp-Image-2019-11-28-at-1.23.12-PM-300x225.jpeg 300w, https:\/\/hidro-truck.com\/web\/wp-content\/uploads\/2019\/11\/WhatsApp-Image-2019-11-28-at-1.23.12-PM-768x576.jpeg 768w, https:\/\/hidro-truck.com\/web\/wp-content\/uploads\/2019\/11\/WhatsApp-Image-2019-11-28-at-1.23.12-PM.jpeg 1280w\" sizes=\"(max-width: 550px) 100vw, 550px\" \/><\/p>\n<p>La adquiri\u00f3 la firma <strong>Corral\u00f3n \u201cLa Aurora\u201d<\/strong>, una reconocida empresa de comercializaci\u00f3n de materiales de construcci\u00f3n arraigada en Villa Dev\u00f3to (CABA).<\/p>\n<p><img decoding=\"async\" loading=\"lazy\" class=\"alignnone size-large wp-image-1458\" src=\"http:\/\/hidro-truck.com\/web\/wp-content\/uploads\/2019\/11\/WhatsApp-Image-2019-11-28-at-3.52.32-PM-3-1024x768.jpeg\" alt=\"WhatsApp Image 2019-11-28 at 3.52.32 PM (3)\" width=\"550\" height=\"413\" srcset=\"https:\/\/hidro-truck.com\/web\/wp-content\/uploads\/2019\/11\/WhatsApp-Image-2019-11-28-at-3.52.32-PM-3.jpeg 1024w, https:\/\/hidro-truck.com\/web\/wp-content\/uploads\/2019\/11\/WhatsApp-Image-2019-11-28-at-3.52.32-PM-3-300x225.jpeg 300w, https:\/\/hidro-truck.com\/web\/wp-content\/uploads\/2019\/11\/WhatsApp-Image-2019-11-28-at-3.52.32-PM-3-768x576.jpeg 768w\" sizes=\"(max-width: 550px) 100vw, 550px\" \/><\/p>\n<!-- AddThis Advanced Settings generic via filter on the_content --><!-- AddThis Share Buttons generic via filter on the_content -->","protected":false},"excerpt":{"rendered":"<p>Venta e instalaci\u00f3n de Hidrogrua TKA, 10.700 en formato Canivete con configuraci\u00f3n 2H 1M. En\u00a0\u00a0Ford 7000 con caja volcadora. Reforma de caja para adaptaci\u00f3n del montaje de la gr\u00faa. La adquiri\u00f3 la firma Corral\u00f3n \u201cLa Aurora\u201d, una reconocida empresa de comercializaci\u00f3n de materiales de construcci\u00f3n arraigada en Villa Dev\u00f3to (CABA).<!-- AddThis Advanced Settings generic via filter on get_the_excerpt --><!-- AddThis Share Buttons generic via filter on get_the_excerpt --><\/p>\n","protected":false},"author":1,"featured_media":1459,"parent":23,"menu_order":0,"comment_status":"closed","ping_status":"closed","template":"","meta":[],"yoast_head":"<!-- This site is optimized with the Yoast SEO plugin v21.0 - https:\/\/yoast.com\/wordpress\/plugins\/seo\/ -->\n<title>Hidrogrua TKA 10.700 C - HidroTruck SRL<\/title>\n<meta name=\"robots\" content=\"index, follow, max-snippet:-1, max-image-preview:large, max-video-preview:-1\" \/>\n<link rel=\"canonical\" href=\"https:\/\/hidro-truck.com\/web\/trabajos\/hidrogrua-tka-10-700-c\/\" \/>\n<meta property=\"og:locale\" content=\"es_ES\" \/>\n<meta property=\"og:type\" content=\"article\" \/>\n<meta property=\"og:title\" content=\"Hidrogrua TKA 10.700 C - HidroTruck SRL\" \/>\n<meta property=\"og:description\" content=\"Venta e instalaci\u00f3n de Hidrogrua TKA, 10.700 en formato Canivete con configuraci\u00f3n 2H 1M. En\u00a0\u00a0Ford 7000 con caja volcadora. Reforma de caja para adaptaci\u00f3n del montaje de la gr\u00faa. La adquiri\u00f3 la firma Corral\u00f3n \u201cLa Aurora\u201d, una reconocida empresa de comercializaci\u00f3n de materiales de construcci\u00f3n arraigada en Villa Dev\u00f3to (CABA).\" \/>\n<meta property=\"og:url\" content=\"https:\/\/hidro-truck.com\/web\/trabajos\/hidrogrua-tka-10-700-c\/\" \/>\n<meta property=\"og:site_name\" content=\"HidroTruck SRL\" \/>\n<meta property=\"og:image\" content=\"https:\/\/hidro-truck.com\/web\/wp-content\/uploads\/2019\/11\/WhatsApp-Image-2019-11-28-at-3.52.32-PM.jpeg\" \/>\n\t<meta property=\"og:image:width\" content=\"1024\" \/>\n\t<meta property=\"og:image:height\" content=\"768\" \/>\n\t<meta property=\"og:image:type\" content=\"image\/jpeg\" \/>\n<meta name=\"twitter:card\" content=\"summary_large_image\" \/>\n<script type=\"application\/ld+json\" class=\"yoast-schema-graph\">{\"@context\":\"https:\/\/schema.org\",\"@graph\":[{\"@type\":\"WebPage\",\"@id\":\"https:\/\/hidro-truck.com\/web\/trabajos\/hidrogrua-tka-10-700-c\/\",\"url\":\"https:\/\/hidro-truck.com\/web\/trabajos\/hidrogrua-tka-10-700-c\/\",\"name\":\"Hidrogrua TKA 10.700 C - HidroTruck SRL\",\"isPartOf\":{\"@id\":\"https:\/\/hidro-truck.com\/web\/#website\"},\"datePublished\":\"2019-11-28T19:47:32+00:00\",\"dateModified\":\"2019-11-28T19:47:32+00:00\",\"breadcrumb\":{\"@id\":\"https:\/\/hidro-truck.com\/web\/trabajos\/hidrogrua-tka-10-700-c\/#breadcrumb\"},\"inLanguage\":\"es\",\"potentialAction\":[{\"@type\":\"ReadAction\",\"target\":[\"https:\/\/hidro-truck.com\/web\/trabajos\/hidrogrua-tka-10-700-c\/\"]}]},{\"@type\":\"BreadcrumbList\",\"@id\":\"https:\/\/hidro-truck.com\/web\/trabajos\/hidrogrua-tka-10-700-c\/#breadcrumb\",\"itemListElement\":[{\"@type\":\"ListItem\",\"position\":1,\"name\":\"Portada\",\"item\":\"https:\/\/hidro-truck.com\/web\/\"},{\"@type\":\"ListItem\",\"position\":2,\"name\":\"Trabajos\",\"item\":\"https:\/\/hidro-truck.com\/web\/trabajos\/\"},{\"@type\":\"ListItem\",\"position\":3,\"name\":\"Hidrogrua TKA 10.700 C\"}]},{\"@type\":\"WebSite\",\"@id\":\"https:\/\/hidro-truck.com\/web\/#website\",\"url\":\"https:\/\/hidro-truck.com\/web\/\",\"name\":\"HidroTruck SRL\",\"description\":\"Venta de Hidrogruas TKA. Reparaci\u00f3n y mantenimiento\",\"potentialAction\":[{\"@type\":\"SearchAction\",\"target\":{\"@type\":\"EntryPoint\",\"urlTemplate\":\"https:\/\/hidro-truck.com\/web\/?s={search_term_string}\"},\"query-input\":\"required name=search_term_string\"}],\"inLanguage\":\"es\"}]}<\/script>\n<!-- \/ Yoast SEO plugin. -->","yoast_head_json":{"title":"Hidrogrua TKA 10.700 C - HidroTruck SRL","robots":{"index":"index","follow":"follow","max-snippet":"max-snippet:-1","max-image-preview":"max-image-preview:large","max-video-preview":"max-video-preview:-1"},"canonical":"https:\/\/hidro-truck.com\/web\/trabajos\/hidrogrua-tka-10-700-c\/","og_locale":"es_ES","og_type":"article","og_title":"Hidrogrua TKA 10.700 C - HidroTruck SRL","og_description":"Venta e instalaci\u00f3n de Hidrogrua TKA, 10.700 en formato Canivete con configuraci\u00f3n 2H 1M. En\u00a0\u00a0Ford 7000 con caja volcadora. Reforma de caja para adaptaci\u00f3n del montaje de la gr\u00faa. La adquiri\u00f3 la firma Corral\u00f3n \u201cLa Aurora\u201d, una reconocida empresa de comercializaci\u00f3n de materiales de construcci\u00f3n arraigada en Villa Dev\u00f3to (CABA).","og_url":"https:\/\/hidro-truck.com\/web\/trabajos\/hidrogrua-tka-10-700-c\/","og_site_name":"HidroTruck SRL","og_image":[{"width":1024,"height":768,"url":"https:\/\/hidro-truck.com\/web\/wp-content\/uploads\/2019\/11\/WhatsApp-Image-2019-11-28-at-3.52.32-PM.jpeg","type":"image\/jpeg"}],"twitter_card":"summary_large_image","schema":{"@context":"https:\/\/schema.org","@graph":[{"@type":"WebPage","@id":"https:\/\/hidro-truck.com\/web\/trabajos\/hidrogrua-tka-10-700-c\/","url":"https:\/\/hidro-truck.com\/web\/trabajos\/hidrogrua-tka-10-700-c\/","name":"Hidrogrua TKA 10.700 C - HidroTruck SRL","isPartOf":{"@id":"https:\/\/hidro-truck.com\/web\/#website"},"datePublished":"2019-11-28T19:47:32+00:00","dateModified":"2019-11-28T19:47:32+00:00","breadcrumb":{"@id":"https:\/\/hidro-truck.com\/web\/trabajos\/hidrogrua-tka-10-700-c\/#breadcrumb"},"inLanguage":"es","potentialAction":[{"@type":"ReadAction","target":["https:\/\/hidro-truck.com\/web\/trabajos\/hidrogrua-tka-10-700-c\/"]}]},{"@type":"BreadcrumbList","@id":"https:\/\/hidro-truck.com\/web\/trabajos\/hidrogrua-tka-10-700-c\/#breadcrumb","itemListElement":[{"@type":"ListItem","position":1,"name":"Portada","item":"https:\/\/hidro-truck.com\/web\/"},{"@type":"ListItem","position":2,"name":"Trabajos","item":"https:\/\/hidro-truck.com\/web\/trabajos\/"},{"@type":"ListItem","position":3,"name":"Hidrogrua TKA 10.700 C"}]},{"@type":"WebSite","@id":"https:\/\/hidro-truck.com\/web\/#website","url":"https:\/\/hidro-truck.com\/web\/","name":"HidroTruck SRL","description":"Venta de Hidrogruas TKA. Reparaci\u00f3n y mantenimiento","potentialAction":[{"@type":"SearchAction","target":{"@type":"EntryPoint","urlTemplate":"https:\/\/hidro-truck.com\/web\/?s={search_term_string}"},"query-input":"required name=search_term_string"}],"inLanguage":"es"}]}},"_links":{"self":[{"href":"https:\/\/hidro-truck.com\/web\/wp-json\/wp\/v2\/pages\/1453"}],"collection":[{"href":"https:\/\/hidro-truck.com\/web\/wp-json\/wp\/v2\/pages"}],"about":[{"href":"https:\/\/hidro-truck.com\/web\/wp-json\/wp\/v2\/types\/page"}],"author":[{"embeddable":true,"href":"https:\/\/hidro-truck.com\/web\/wp-json\/wp\/v2\/users\/1"}],"replies":[{"embeddable":true,"href":"https:\/\/hidro-truck.com\/web\/wp-json\/wp\/v2\/comments?post=1453"}],"version-history":[{"count":3,"href":"https:\/\/hidro-truck.com\/web\/wp-json\/wp\/v2\/pages\/1453\/revisions"}],"predecessor-version":[{"id":1462,"href":"https:\/\/hidro-truck.com\/web\/wp-json\/wp\/v2\/pages\/1453\/revisions\/1462"}],"up":[{"embeddable":true,"href":"https:\/\/hidro-truck.com\/web\/wp-json\/wp\/v2\/pages\/23"}],"wp:featuredmedia":[{"embeddable":true,"href":"https:\/\/hidro-truck.com\/web\/wp-json\/wp\/v2\/media\/1459"}],"wp:attachment":[{"href":"https:\/\/hidro-truck.com\/web\/wp-json\/wp\/v2\/media?parent=1453"}],"curies":[{"name":"wp","href":"https:\/\/api.w.org\/{rel}","templated":true}]}}