{"id":1631,"date":"2020-11-06T16:05:11","date_gmt":"2020-11-06T16:05:11","guid":{"rendered":"http:\/\/hidro-truck.com\/web\/?page_id=1631"},"modified":"2020-11-10T01:10:27","modified_gmt":"2020-11-10T01:10:27","slug":"hidrogrua-tka-23-700-2","status":"publish","type":"page","link":"https:\/\/hidro-truck.com\/web\/trabajos\/hidrogrua-tka-23-700-2\/","title":{"rendered":"Hidrogrua TKA 23.700"},"content":{"rendered":"<p>Con barquilla, adquirida por la <strong>COOPERTIVA EL\u00c9CTRICA DE AZUL LTDA.<\/strong><\/p>\n<p style=\"text-align: center;\"><iframe loading=\"lazy\" src=\"https:\/\/www.youtube.com\/embed\/caj0S4MQ8HA\" width=\"560\" height=\"315\" frameborder=\"0\" allowfullscreen=\"allowfullscreen\"><\/iframe><\/p>\n<blockquote><p>\u00abGracias por seguir confiando nosotros despu\u00e9s de tantos a\u00f1os de relaci\u00f3n laboral\u00bb.<\/p><\/blockquote>\n\n\t\t<style type=\"text\/css\">\n\t\t\t#gallery-1 {\n\t\t\t\tmargin: auto;\n\t\t\t}\n\t\t\t#gallery-1 .gallery-item {\n\t\t\t\tfloat: left;\n\t\t\t\tmargin-top: 10px;\n\t\t\t\ttext-align: center;\n\t\t\t\twidth: 33%;\n\t\t\t}\n\t\t\t#gallery-1 img {\n\t\t\t\tborder: 2px solid #cfcfcf;\n\t\t\t}\n\t\t\t#gallery-1 .gallery-caption {\n\t\t\t\tmargin-left: 0;\n\t\t\t}\n\t\t\t\/* see gallery_shortcode() in wp-includes\/media.php *\/\n\t\t<\/style>\n\t\t<div id='gallery-1' class='gallery galleryid-1631 gallery-columns-3 gallery-size-medium'><dl class='gallery-item'>\n\t\t\t<dt class='gallery-icon landscape'>\n\t\t\t\t<a title=\"hidrotruck-2\" href='https:\/\/hidro-truck.com\/web\/wp-content\/uploads\/2020\/11\/hidrotruck-2.jpeg'><img width=\"300\" height=\"225\" src=\"https:\/\/hidro-truck.com\/web\/wp-content\/uploads\/2020\/11\/hidrotruck-2-300x225.jpeg\" class=\"attachment-medium size-medium\" alt=\"\" decoding=\"async\" loading=\"lazy\" srcset=\"https:\/\/hidro-truck.com\/web\/wp-content\/uploads\/2020\/11\/hidrotruck-2-300x225.jpeg 300w, https:\/\/hidro-truck.com\/web\/wp-content\/uploads\/2020\/11\/hidrotruck-2-768x576.jpeg 768w, https:\/\/hidro-truck.com\/web\/wp-content\/uploads\/2020\/11\/hidrotruck-2-1024x768.jpeg 1024w, https:\/\/hidro-truck.com\/web\/wp-content\/uploads\/2020\/11\/hidrotruck-2.jpeg 1280w\" sizes=\"(max-width: 300px) 100vw, 300px\" \/><\/a>\n\t\t\t<\/dt><\/dl><dl class='gallery-item'>\n\t\t\t<dt class='gallery-icon landscape'>\n\t\t\t\t<a title=\"hidrotruck-4\" href='https:\/\/hidro-truck.com\/web\/wp-content\/uploads\/2020\/11\/hidrotruck-4.jpeg'><img width=\"300\" height=\"225\" src=\"https:\/\/hidro-truck.com\/web\/wp-content\/uploads\/2020\/11\/hidrotruck-4-300x225.jpeg\" class=\"attachment-medium size-medium\" alt=\"\" decoding=\"async\" loading=\"lazy\" srcset=\"https:\/\/hidro-truck.com\/web\/wp-content\/uploads\/2020\/11\/hidrotruck-4-300x225.jpeg 300w, https:\/\/hidro-truck.com\/web\/wp-content\/uploads\/2020\/11\/hidrotruck-4-768x576.jpeg 768w, https:\/\/hidro-truck.com\/web\/wp-content\/uploads\/2020\/11\/hidrotruck-4-1024x768.jpeg 1024w, https:\/\/hidro-truck.com\/web\/wp-content\/uploads\/2020\/11\/hidrotruck-4.jpeg 1280w\" sizes=\"(max-width: 300px) 100vw, 300px\" \/><\/a>\n\t\t\t<\/dt><\/dl><dl class='gallery-item'>\n\t\t\t<dt class='gallery-icon landscape'>\n\t\t\t\t<a title=\"hidrotruck-6\" href='https:\/\/hidro-truck.com\/web\/wp-content\/uploads\/2020\/11\/hidrotruck-6.jpeg'><img width=\"300\" height=\"169\" src=\"https:\/\/hidro-truck.com\/web\/wp-content\/uploads\/2020\/11\/hidrotruck-6-300x169.jpeg\" class=\"attachment-medium size-medium\" alt=\"\" decoding=\"async\" loading=\"lazy\" srcset=\"https:\/\/hidro-truck.com\/web\/wp-content\/uploads\/2020\/11\/hidrotruck-6-300x169.jpeg 300w, https:\/\/hidro-truck.com\/web\/wp-content\/uploads\/2020\/11\/hidrotruck-6-768x432.jpeg 768w, https:\/\/hidro-truck.com\/web\/wp-content\/uploads\/2020\/11\/hidrotruck-6-1024x576.jpeg 1024w, https:\/\/hidro-truck.com\/web\/wp-content\/uploads\/2020\/11\/hidrotruck-6.jpeg 1280w\" sizes=\"(max-width: 300px) 100vw, 300px\" \/><\/a>\n\t\t\t<\/dt><\/dl><br style=\"clear: both\" \/><dl class='gallery-item'>\n\t\t\t<dt class='gallery-icon landscape'>\n\t\t\t\t<a title=\"hidrotruck-3\" href='https:\/\/hidro-truck.com\/web\/wp-content\/uploads\/2020\/11\/hidrotruck-3.jpeg'><img width=\"300\" height=\"225\" src=\"https:\/\/hidro-truck.com\/web\/wp-content\/uploads\/2020\/11\/hidrotruck-3-300x225.jpeg\" class=\"attachment-medium size-medium\" alt=\"\" decoding=\"async\" loading=\"lazy\" srcset=\"https:\/\/hidro-truck.com\/web\/wp-content\/uploads\/2020\/11\/hidrotruck-3-300x225.jpeg 300w, https:\/\/hidro-truck.com\/web\/wp-content\/uploads\/2020\/11\/hidrotruck-3-768x576.jpeg 768w, https:\/\/hidro-truck.com\/web\/wp-content\/uploads\/2020\/11\/hidrotruck-3-1024x768.jpeg 1024w, https:\/\/hidro-truck.com\/web\/wp-content\/uploads\/2020\/11\/hidrotruck-3.jpeg 1280w\" sizes=\"(max-width: 300px) 100vw, 300px\" \/><\/a>\n\t\t\t<\/dt><\/dl><dl class='gallery-item'>\n\t\t\t<dt class='gallery-icon landscape'>\n\t\t\t\t<a title=\"hidrotruck-5\" href='https:\/\/hidro-truck.com\/web\/wp-content\/uploads\/2020\/11\/hidrotruck-5.jpeg'><img width=\"300\" height=\"169\" src=\"https:\/\/hidro-truck.com\/web\/wp-content\/uploads\/2020\/11\/hidrotruck-5-300x169.jpeg\" class=\"attachment-medium size-medium\" alt=\"\" decoding=\"async\" loading=\"lazy\" srcset=\"https:\/\/hidro-truck.com\/web\/wp-content\/uploads\/2020\/11\/hidrotruck-5-300x169.jpeg 300w, https:\/\/hidro-truck.com\/web\/wp-content\/uploads\/2020\/11\/hidrotruck-5-768x432.jpeg 768w, https:\/\/hidro-truck.com\/web\/wp-content\/uploads\/2020\/11\/hidrotruck-5-1024x576.jpeg 1024w, https:\/\/hidro-truck.com\/web\/wp-content\/uploads\/2020\/11\/hidrotruck-5.jpeg 1280w\" sizes=\"(max-width: 300px) 100vw, 300px\" \/><\/a>\n\t\t\t<\/dt><\/dl><dl class='gallery-item'>\n\t\t\t<dt class='gallery-icon landscape'>\n\t\t\t\t<a title=\"hidrotruck-1\" href='https:\/\/hidro-truck.com\/web\/wp-content\/uploads\/2020\/11\/hidrotruck-1.jpeg'><img width=\"300\" height=\"225\" src=\"https:\/\/hidro-truck.com\/web\/wp-content\/uploads\/2020\/11\/hidrotruck-1-300x225.jpeg\" class=\"attachment-medium size-medium\" alt=\"\" decoding=\"async\" loading=\"lazy\" srcset=\"https:\/\/hidro-truck.com\/web\/wp-content\/uploads\/2020\/11\/hidrotruck-1-300x225.jpeg 300w, https:\/\/hidro-truck.com\/web\/wp-content\/uploads\/2020\/11\/hidrotruck-1-768x576.jpeg 768w, https:\/\/hidro-truck.com\/web\/wp-content\/uploads\/2020\/11\/hidrotruck-1-1024x768.jpeg 1024w, https:\/\/hidro-truck.com\/web\/wp-content\/uploads\/2020\/11\/hidrotruck-1.jpeg 1280w\" sizes=\"(max-width: 300px) 100vw, 300px\" \/><\/a>\n\t\t\t<\/dt><\/dl><br style=\"clear: both\" \/>\n\t\t<\/div>\n\n<!-- AddThis Advanced Settings generic via filter on the_content --><!-- AddThis Share Buttons generic via filter on the_content -->","protected":false},"excerpt":{"rendered":"<p>Con barquilla, adquirida por la COOPERTIVA EL\u00c9CTRICA DE AZUL LTDA. \u00abGracias por seguir confiando nosotros despu\u00e9s de tantos a\u00f1os de relaci\u00f3n laboral\u00bb.<!-- AddThis Advanced Settings generic via filter on get_the_excerpt --><!-- AddThis Share Buttons generic via filter on get_the_excerpt --><\/p>\n","protected":false},"author":1,"featured_media":1632,"parent":23,"menu_order":0,"comment_status":"closed","ping_status":"closed","template":"","meta":[],"yoast_head":"<!-- This site is optimized with the Yoast SEO plugin v21.0 - https:\/\/yoast.com\/wordpress\/plugins\/seo\/ -->\n<title>Hidrogrua TKA 23.700 - HidroTruck SRL<\/title>\n<meta name=\"robots\" content=\"index, follow, max-snippet:-1, max-image-preview:large, max-video-preview:-1\" \/>\n<link rel=\"canonical\" href=\"https:\/\/hidro-truck.com\/web\/trabajos\/hidrogrua-tka-23-700-2\/\" \/>\n<meta property=\"og:locale\" content=\"es_ES\" \/>\n<meta property=\"og:type\" content=\"article\" \/>\n<meta property=\"og:title\" content=\"Hidrogrua TKA 23.700 - HidroTruck SRL\" \/>\n<meta property=\"og:description\" content=\"Con barquilla, adquirida por la COOPERTIVA EL\u00c9CTRICA DE AZUL LTDA. \u00abGracias por seguir confiando nosotros despu\u00e9s de tantos a\u00f1os de relaci\u00f3n laboral\u00bb.\" \/>\n<meta property=\"og:url\" content=\"https:\/\/hidro-truck.com\/web\/trabajos\/hidrogrua-tka-23-700-2\/\" \/>\n<meta property=\"og:site_name\" content=\"HidroTruck SRL\" \/>\n<meta property=\"article:modified_time\" content=\"2020-11-10T01:10:27+00:00\" \/>\n<meta property=\"og:image\" content=\"https:\/\/hidro-truck.com\/web\/wp-content\/uploads\/2020\/11\/hidrotruck-7.jpeg\" \/>\n\t<meta property=\"og:image:width\" content=\"1280\" \/>\n\t<meta property=\"og:image:height\" content=\"960\" \/>\n\t<meta property=\"og:image:type\" content=\"image\/jpeg\" \/>\n<meta name=\"twitter:card\" content=\"summary_large_image\" \/>\n<script type=\"application\/ld+json\" class=\"yoast-schema-graph\">{\"@context\":\"https:\/\/schema.org\",\"@graph\":[{\"@type\":\"WebPage\",\"@id\":\"https:\/\/hidro-truck.com\/web\/trabajos\/hidrogrua-tka-23-700-2\/\",\"url\":\"https:\/\/hidro-truck.com\/web\/trabajos\/hidrogrua-tka-23-700-2\/\",\"name\":\"Hidrogrua TKA 23.700 - HidroTruck SRL\",\"isPartOf\":{\"@id\":\"https:\/\/hidro-truck.com\/web\/#website\"},\"datePublished\":\"2020-11-06T16:05:11+00:00\",\"dateModified\":\"2020-11-10T01:10:27+00:00\",\"breadcrumb\":{\"@id\":\"https:\/\/hidro-truck.com\/web\/trabajos\/hidrogrua-tka-23-700-2\/#breadcrumb\"},\"inLanguage\":\"es\",\"potentialAction\":[{\"@type\":\"ReadAction\",\"target\":[\"https:\/\/hidro-truck.com\/web\/trabajos\/hidrogrua-tka-23-700-2\/\"]}]},{\"@type\":\"BreadcrumbList\",\"@id\":\"https:\/\/hidro-truck.com\/web\/trabajos\/hidrogrua-tka-23-700-2\/#breadcrumb\",\"itemListElement\":[{\"@type\":\"ListItem\",\"position\":1,\"name\":\"Portada\",\"item\":\"https:\/\/hidro-truck.com\/web\/\"},{\"@type\":\"ListItem\",\"position\":2,\"name\":\"Trabajos\",\"item\":\"https:\/\/hidro-truck.com\/web\/trabajos\/\"},{\"@type\":\"ListItem\",\"position\":3,\"name\":\"Hidrogrua TKA 23.700\"}]},{\"@type\":\"WebSite\",\"@id\":\"https:\/\/hidro-truck.com\/web\/#website\",\"url\":\"https:\/\/hidro-truck.com\/web\/\",\"name\":\"HidroTruck SRL\",\"description\":\"Venta de Hidrogruas TKA. Reparaci\u00f3n y mantenimiento\",\"potentialAction\":[{\"@type\":\"SearchAction\",\"target\":{\"@type\":\"EntryPoint\",\"urlTemplate\":\"https:\/\/hidro-truck.com\/web\/?s={search_term_string}\"},\"query-input\":\"required name=search_term_string\"}],\"inLanguage\":\"es\"}]}<\/script>\n<!-- \/ Yoast SEO plugin. -->","yoast_head_json":{"title":"Hidrogrua TKA 23.700 - HidroTruck SRL","robots":{"index":"index","follow":"follow","max-snippet":"max-snippet:-1","max-image-preview":"max-image-preview:large","max-video-preview":"max-video-preview:-1"},"canonical":"https:\/\/hidro-truck.com\/web\/trabajos\/hidrogrua-tka-23-700-2\/","og_locale":"es_ES","og_type":"article","og_title":"Hidrogrua TKA 23.700 - HidroTruck SRL","og_description":"Con barquilla, adquirida por la COOPERTIVA EL\u00c9CTRICA DE AZUL LTDA. \u00abGracias por seguir confiando nosotros despu\u00e9s de tantos a\u00f1os de relaci\u00f3n laboral\u00bb.","og_url":"https:\/\/hidro-truck.com\/web\/trabajos\/hidrogrua-tka-23-700-2\/","og_site_name":"HidroTruck SRL","article_modified_time":"2020-11-10T01:10:27+00:00","og_image":[{"width":1280,"height":960,"url":"https:\/\/hidro-truck.com\/web\/wp-content\/uploads\/2020\/11\/hidrotruck-7.jpeg","type":"image\/jpeg"}],"twitter_card":"summary_large_image","schema":{"@context":"https:\/\/schema.org","@graph":[{"@type":"WebPage","@id":"https:\/\/hidro-truck.com\/web\/trabajos\/hidrogrua-tka-23-700-2\/","url":"https:\/\/hidro-truck.com\/web\/trabajos\/hidrogrua-tka-23-700-2\/","name":"Hidrogrua TKA 23.700 - HidroTruck SRL","isPartOf":{"@id":"https:\/\/hidro-truck.com\/web\/#website"},"datePublished":"2020-11-06T16:05:11+00:00","dateModified":"2020-11-10T01:10:27+00:00","breadcrumb":{"@id":"https:\/\/hidro-truck.com\/web\/trabajos\/hidrogrua-tka-23-700-2\/#breadcrumb"},"inLanguage":"es","potentialAction":[{"@type":"ReadAction","target":["https:\/\/hidro-truck.com\/web\/trabajos\/hidrogrua-tka-23-700-2\/"]}]},{"@type":"BreadcrumbList","@id":"https:\/\/hidro-truck.com\/web\/trabajos\/hidrogrua-tka-23-700-2\/#breadcrumb","itemListElement":[{"@type":"ListItem","position":1,"name":"Portada","item":"https:\/\/hidro-truck.com\/web\/"},{"@type":"ListItem","position":2,"name":"Trabajos","item":"https:\/\/hidro-truck.com\/web\/trabajos\/"},{"@type":"ListItem","position":3,"name":"Hidrogrua TKA 23.700"}]},{"@type":"WebSite","@id":"https:\/\/hidro-truck.com\/web\/#website","url":"https:\/\/hidro-truck.com\/web\/","name":"HidroTruck SRL","description":"Venta de Hidrogruas TKA. Reparaci\u00f3n y mantenimiento","potentialAction":[{"@type":"SearchAction","target":{"@type":"EntryPoint","urlTemplate":"https:\/\/hidro-truck.com\/web\/?s={search_term_string}"},"query-input":"required name=search_term_string"}],"inLanguage":"es"}]}},"_links":{"self":[{"href":"https:\/\/hidro-truck.com\/web\/wp-json\/wp\/v2\/pages\/1631"}],"collection":[{"href":"https:\/\/hidro-truck.com\/web\/wp-json\/wp\/v2\/pages"}],"about":[{"href":"https:\/\/hidro-truck.com\/web\/wp-json\/wp\/v2\/types\/page"}],"author":[{"embeddable":true,"href":"https:\/\/hidro-truck.com\/web\/wp-json\/wp\/v2\/users\/1"}],"replies":[{"embeddable":true,"href":"https:\/\/hidro-truck.com\/web\/wp-json\/wp\/v2\/comments?post=1631"}],"version-history":[{"count":3,"href":"https:\/\/hidro-truck.com\/web\/wp-json\/wp\/v2\/pages\/1631\/revisions"}],"predecessor-version":[{"id":1642,"href":"https:\/\/hidro-truck.com\/web\/wp-json\/wp\/v2\/pages\/1631\/revisions\/1642"}],"up":[{"embeddable":true,"href":"https:\/\/hidro-truck.com\/web\/wp-json\/wp\/v2\/pages\/23"}],"wp:featuredmedia":[{"embeddable":true,"href":"https:\/\/hidro-truck.com\/web\/wp-json\/wp\/v2\/media\/1632"}],"wp:attachment":[{"href":"https:\/\/hidro-truck.com\/web\/wp-json\/wp\/v2\/media?parent=1631"}],"curies":[{"name":"wp","href":"https:\/\/api.w.org\/{rel}","templated":true}]}}