{"id":1694,"date":"2021-06-09T17:04:04","date_gmt":"2021-06-09T17:04:04","guid":{"rendered":"https:\/\/hidro-truck.com\/web\/?page_id=1694"},"modified":"2021-06-09T17:04:04","modified_gmt":"2021-06-09T17:04:04","slug":"tka-23-700-c-termoandes-sa","status":"publish","type":"page","link":"https:\/\/hidro-truck.com\/web\/trabajos\/tka-23-700-c-termoandes-sa\/","title":{"rendered":"TKA 23.700 C para TermoAndes SA"},"content":{"rendered":"<p>La empresa\u00a0<strong>TermoAndes S.A.<\/strong>\u00a0retir\u00f3 de las instalaciones de\u00a0<strong>Hidro-Tuck<\/strong>\u00a0en Buenos Aires su flamante\u00a0<strong>Hidrogr\u00faa TKA 23.700 C EX.<\/strong><\/p>\n<p>Se trata del modelo 23.700 en formato Canivete y configuraci\u00f3n 5H 2M instalada en un cami\u00f3n Volkswagen 17.230 Luxcam.<\/p>\n<p>La hidrogr\u00faa cuenta con\u00a0<strong>Control Remoto inal\u00e1mbrico<\/strong>,\u00a0<strong>Cabrestante<\/strong>\u00a0y\u00a0<strong>Barquilla<\/strong>\u00a0para trabajos de operarios en altura.<\/p>\n<p><img decoding=\"async\" loading=\"lazy\" class=\"alignnone size-large wp-image-1696 aligncenter\" src=\"https:\/\/hidro-truck.com\/web\/wp-content\/uploads\/2021\/06\/WhatsApp-Image-2021-05-13-at-2.05.21-PM-1024x766.jpeg\" alt=\"WhatsApp-Image-2021-05-13-at-2.05.21-PM\" width=\"550\" height=\"411\" srcset=\"https:\/\/hidro-truck.com\/web\/wp-content\/uploads\/2021\/06\/WhatsApp-Image-2021-05-13-at-2.05.21-PM-1024x766.jpeg 1024w, https:\/\/hidro-truck.com\/web\/wp-content\/uploads\/2021\/06\/WhatsApp-Image-2021-05-13-at-2.05.21-PM-300x225.jpeg 300w, https:\/\/hidro-truck.com\/web\/wp-content\/uploads\/2021\/06\/WhatsApp-Image-2021-05-13-at-2.05.21-PM-768x575.jpeg 768w, https:\/\/hidro-truck.com\/web\/wp-content\/uploads\/2021\/06\/WhatsApp-Image-2021-05-13-at-2.05.21-PM.jpeg 1280w\" sizes=\"(max-width: 550px) 100vw, 550px\" \/><\/p>\n<p>Tanto la gesti\u00f3n comercial del negocio como la instalaci\u00f3n de la Hidrogr\u00faa fue llevada a cabo por Hidro-Truck, representante oficial de TKA en CABA y Gran Buenos Aires.<\/p>\n<p><strong>Termoandes SA<\/strong> es una empresa de gran importancia dentro del sector de la energ\u00eda el\u00e9ctrica que exigir\u00e1 la mejor prestaci\u00f3n del equipo TKA.<\/p>\n<p><img decoding=\"async\" loading=\"lazy\" class=\"alignnone size-large wp-image-1697 aligncenter\" src=\"https:\/\/hidro-truck.com\/web\/wp-content\/uploads\/2021\/06\/WhatsApp-Image-2021-05-13-at-2.05.26-PM-766x1024.jpeg\" alt=\"WhatsApp-Image-2021-05-13-at-2.05.26-PM\" width=\"550\" height=\"735\" srcset=\"https:\/\/hidro-truck.com\/web\/wp-content\/uploads\/2021\/06\/WhatsApp-Image-2021-05-13-at-2.05.26-PM-766x1024.jpeg 766w, https:\/\/hidro-truck.com\/web\/wp-content\/uploads\/2021\/06\/WhatsApp-Image-2021-05-13-at-2.05.26-PM-225x300.jpeg 225w, https:\/\/hidro-truck.com\/web\/wp-content\/uploads\/2021\/06\/WhatsApp-Image-2021-05-13-at-2.05.26-PM-768x1026.jpeg 768w, https:\/\/hidro-truck.com\/web\/wp-content\/uploads\/2021\/06\/WhatsApp-Image-2021-05-13-at-2.05.26-PM.jpeg 958w\" sizes=\"(max-width: 550px) 100vw, 550px\" \/><\/p>\n<!-- AddThis Advanced Settings generic via filter on the_content --><!-- AddThis Share Buttons generic via filter on the_content -->","protected":false},"excerpt":{"rendered":"<p>La empresa\u00a0TermoAndes S.A.\u00a0retir\u00f3 de las instalaciones de\u00a0Hidro-Tuck\u00a0en Buenos Aires su flamante\u00a0Hidrogr\u00faa TKA 23.700 C EX. Se trata del modelo 23.700 en formato Canivete y configuraci\u00f3n 5H 2M instalada en un cami\u00f3n Volkswagen 17.230 Luxcam. La hidrogr\u00faa cuenta con\u00a0Control Remoto inal\u00e1mbrico,\u00a0Cabrestante\u00a0y\u00a0Barquilla\u00a0para trabajos de operarios en altura. Tanto la gesti\u00f3n comercial del negocio como la instalaci\u00f3n de<!-- AddThis Advanced Settings generic via filter on get_the_excerpt --><!-- AddThis Share Buttons generic via filter on get_the_excerpt --><\/p>\n","protected":false},"author":1,"featured_media":1695,"parent":23,"menu_order":0,"comment_status":"closed","ping_status":"closed","template":"","meta":[],"yoast_head":"<!-- This site is optimized with the Yoast SEO plugin v21.0 - https:\/\/yoast.com\/wordpress\/plugins\/seo\/ -->\n<title>TKA 23.700 C para TermoAndes SA - HidroTruck SRL<\/title>\n<meta name=\"robots\" content=\"index, follow, max-snippet:-1, max-image-preview:large, max-video-preview:-1\" \/>\n<link rel=\"canonical\" href=\"https:\/\/hidro-truck.com\/web\/trabajos\/tka-23-700-c-termoandes-sa\/\" \/>\n<meta property=\"og:locale\" content=\"es_ES\" \/>\n<meta property=\"og:type\" content=\"article\" \/>\n<meta property=\"og:title\" content=\"TKA 23.700 C para TermoAndes SA - HidroTruck SRL\" \/>\n<meta property=\"og:description\" content=\"La empresa\u00a0TermoAndes S.A.\u00a0retir\u00f3 de las instalaciones de\u00a0Hidro-Tuck\u00a0en Buenos Aires su flamante\u00a0Hidrogr\u00faa TKA 23.700 C EX. Se trata del modelo 23.700 en formato Canivete y configuraci\u00f3n 5H 2M instalada en un cami\u00f3n Volkswagen 17.230 Luxcam. La hidrogr\u00faa cuenta con\u00a0Control Remoto inal\u00e1mbrico,\u00a0Cabrestante\u00a0y\u00a0Barquilla\u00a0para trabajos de operarios en altura. Tanto la gesti\u00f3n comercial del negocio como la instalaci\u00f3n de\" \/>\n<meta property=\"og:url\" content=\"https:\/\/hidro-truck.com\/web\/trabajos\/tka-23-700-c-termoandes-sa\/\" \/>\n<meta property=\"og:site_name\" content=\"HidroTruck SRL\" \/>\n<meta property=\"og:image\" content=\"https:\/\/hidro-truck.com\/web\/wp-content\/uploads\/2021\/06\/WhatsApp-Image-2021-05-13-at-2.05.22-PM-1-1170x600.jpeg\" \/>\n\t<meta property=\"og:image:width\" content=\"1170\" \/>\n\t<meta property=\"og:image:height\" content=\"600\" \/>\n\t<meta property=\"og:image:type\" content=\"image\/jpeg\" \/>\n<meta name=\"twitter:card\" content=\"summary_large_image\" \/>\n<meta name=\"twitter:label1\" content=\"Tiempo de lectura\" \/>\n\t<meta name=\"twitter:data1\" content=\"1 minuto\" \/>\n<script type=\"application\/ld+json\" class=\"yoast-schema-graph\">{\"@context\":\"https:\/\/schema.org\",\"@graph\":[{\"@type\":\"WebPage\",\"@id\":\"https:\/\/hidro-truck.com\/web\/trabajos\/tka-23-700-c-termoandes-sa\/\",\"url\":\"https:\/\/hidro-truck.com\/web\/trabajos\/tka-23-700-c-termoandes-sa\/\",\"name\":\"TKA 23.700 C para TermoAndes SA - HidroTruck SRL\",\"isPartOf\":{\"@id\":\"https:\/\/hidro-truck.com\/web\/#website\"},\"datePublished\":\"2021-06-09T17:04:04+00:00\",\"dateModified\":\"2021-06-09T17:04:04+00:00\",\"breadcrumb\":{\"@id\":\"https:\/\/hidro-truck.com\/web\/trabajos\/tka-23-700-c-termoandes-sa\/#breadcrumb\"},\"inLanguage\":\"es\",\"potentialAction\":[{\"@type\":\"ReadAction\",\"target\":[\"https:\/\/hidro-truck.com\/web\/trabajos\/tka-23-700-c-termoandes-sa\/\"]}]},{\"@type\":\"BreadcrumbList\",\"@id\":\"https:\/\/hidro-truck.com\/web\/trabajos\/tka-23-700-c-termoandes-sa\/#breadcrumb\",\"itemListElement\":[{\"@type\":\"ListItem\",\"position\":1,\"name\":\"Portada\",\"item\":\"https:\/\/hidro-truck.com\/web\/\"},{\"@type\":\"ListItem\",\"position\":2,\"name\":\"Trabajos\",\"item\":\"https:\/\/hidro-truck.com\/web\/trabajos\/\"},{\"@type\":\"ListItem\",\"position\":3,\"name\":\"TKA 23.700 C para TermoAndes SA\"}]},{\"@type\":\"WebSite\",\"@id\":\"https:\/\/hidro-truck.com\/web\/#website\",\"url\":\"https:\/\/hidro-truck.com\/web\/\",\"name\":\"HidroTruck SRL\",\"description\":\"Venta de Hidrogruas TKA. Reparaci\u00f3n y mantenimiento\",\"potentialAction\":[{\"@type\":\"SearchAction\",\"target\":{\"@type\":\"EntryPoint\",\"urlTemplate\":\"https:\/\/hidro-truck.com\/web\/?s={search_term_string}\"},\"query-input\":\"required name=search_term_string\"}],\"inLanguage\":\"es\"}]}<\/script>\n<!-- \/ Yoast SEO plugin. -->","yoast_head_json":{"title":"TKA 23.700 C para TermoAndes SA - HidroTruck SRL","robots":{"index":"index","follow":"follow","max-snippet":"max-snippet:-1","max-image-preview":"max-image-preview:large","max-video-preview":"max-video-preview:-1"},"canonical":"https:\/\/hidro-truck.com\/web\/trabajos\/tka-23-700-c-termoandes-sa\/","og_locale":"es_ES","og_type":"article","og_title":"TKA 23.700 C para TermoAndes SA - HidroTruck SRL","og_description":"La empresa\u00a0TermoAndes S.A.\u00a0retir\u00f3 de las instalaciones de\u00a0Hidro-Tuck\u00a0en Buenos Aires su flamante\u00a0Hidrogr\u00faa TKA 23.700 C EX. Se trata del modelo 23.700 en formato Canivete y configuraci\u00f3n 5H 2M instalada en un cami\u00f3n Volkswagen 17.230 Luxcam. La hidrogr\u00faa cuenta con\u00a0Control Remoto inal\u00e1mbrico,\u00a0Cabrestante\u00a0y\u00a0Barquilla\u00a0para trabajos de operarios en altura. Tanto la gesti\u00f3n comercial del negocio como la instalaci\u00f3n de","og_url":"https:\/\/hidro-truck.com\/web\/trabajos\/tka-23-700-c-termoandes-sa\/","og_site_name":"HidroTruck SRL","og_image":[{"width":1170,"height":600,"url":"https:\/\/hidro-truck.com\/web\/wp-content\/uploads\/2021\/06\/WhatsApp-Image-2021-05-13-at-2.05.22-PM-1-1170x600.jpeg","type":"image\/jpeg"}],"twitter_card":"summary_large_image","twitter_misc":{"Tiempo de lectura":"1 minuto"},"schema":{"@context":"https:\/\/schema.org","@graph":[{"@type":"WebPage","@id":"https:\/\/hidro-truck.com\/web\/trabajos\/tka-23-700-c-termoandes-sa\/","url":"https:\/\/hidro-truck.com\/web\/trabajos\/tka-23-700-c-termoandes-sa\/","name":"TKA 23.700 C para TermoAndes SA - HidroTruck SRL","isPartOf":{"@id":"https:\/\/hidro-truck.com\/web\/#website"},"datePublished":"2021-06-09T17:04:04+00:00","dateModified":"2021-06-09T17:04:04+00:00","breadcrumb":{"@id":"https:\/\/hidro-truck.com\/web\/trabajos\/tka-23-700-c-termoandes-sa\/#breadcrumb"},"inLanguage":"es","potentialAction":[{"@type":"ReadAction","target":["https:\/\/hidro-truck.com\/web\/trabajos\/tka-23-700-c-termoandes-sa\/"]}]},{"@type":"BreadcrumbList","@id":"https:\/\/hidro-truck.com\/web\/trabajos\/tka-23-700-c-termoandes-sa\/#breadcrumb","itemListElement":[{"@type":"ListItem","position":1,"name":"Portada","item":"https:\/\/hidro-truck.com\/web\/"},{"@type":"ListItem","position":2,"name":"Trabajos","item":"https:\/\/hidro-truck.com\/web\/trabajos\/"},{"@type":"ListItem","position":3,"name":"TKA 23.700 C para TermoAndes SA"}]},{"@type":"WebSite","@id":"https:\/\/hidro-truck.com\/web\/#website","url":"https:\/\/hidro-truck.com\/web\/","name":"HidroTruck SRL","description":"Venta de Hidrogruas TKA. Reparaci\u00f3n y mantenimiento","potentialAction":[{"@type":"SearchAction","target":{"@type":"EntryPoint","urlTemplate":"https:\/\/hidro-truck.com\/web\/?s={search_term_string}"},"query-input":"required name=search_term_string"}],"inLanguage":"es"}]}},"_links":{"self":[{"href":"https:\/\/hidro-truck.com\/web\/wp-json\/wp\/v2\/pages\/1694"}],"collection":[{"href":"https:\/\/hidro-truck.com\/web\/wp-json\/wp\/v2\/pages"}],"about":[{"href":"https:\/\/hidro-truck.com\/web\/wp-json\/wp\/v2\/types\/page"}],"author":[{"embeddable":true,"href":"https:\/\/hidro-truck.com\/web\/wp-json\/wp\/v2\/users\/1"}],"replies":[{"embeddable":true,"href":"https:\/\/hidro-truck.com\/web\/wp-json\/wp\/v2\/comments?post=1694"}],"version-history":[{"count":2,"href":"https:\/\/hidro-truck.com\/web\/wp-json\/wp\/v2\/pages\/1694\/revisions"}],"predecessor-version":[{"id":1699,"href":"https:\/\/hidro-truck.com\/web\/wp-json\/wp\/v2\/pages\/1694\/revisions\/1699"}],"up":[{"embeddable":true,"href":"https:\/\/hidro-truck.com\/web\/wp-json\/wp\/v2\/pages\/23"}],"wp:featuredmedia":[{"embeddable":true,"href":"https:\/\/hidro-truck.com\/web\/wp-json\/wp\/v2\/media\/1695"}],"wp:attachment":[{"href":"https:\/\/hidro-truck.com\/web\/wp-json\/wp\/v2\/media?parent=1694"}],"curies":[{"name":"wp","href":"https:\/\/api.w.org\/{rel}","templated":true}]}}