{"id":1722,"date":"2021-07-19T19:30:53","date_gmt":"2021-07-19T19:30:53","guid":{"rendered":"https:\/\/hidro-truck.com\/web\/?page_id=1722"},"modified":"2021-07-19T19:32:40","modified_gmt":"2021-07-19T19:32:40","slug":"corralon-servimat-se-decidio-tka","status":"publish","type":"page","link":"https:\/\/hidro-truck.com\/web\/trabajos\/corralon-servimat-se-decidio-tka\/","title":{"rendered":"Corral\u00f3n Servimat se decidi\u00f3 por TKA"},"content":{"rendered":"<p style=\"text-align: left;\">El corral\u00f3n de materiales para la construcci\u00f3n\u00a0<strong>Servimat<\/strong>, ubicado en Bella Vista, provincia de Buenos Aires, adquiri\u00f3 una\u00a0<strong>Hidrogr\u00faa TKA modelo 10.700 Premium<\/strong>\u00a0en formato Canivete y configuraci\u00f3n 2H 1M.<\/p>\n<p>El equipo fue montado en un cami\u00f3n Volkswagen 12220 en\u00a0nuestras instalaciones.<\/p>\n<p><img decoding=\"async\" loading=\"lazy\" class=\"size-large wp-image-1724 aligncenter\" src=\"https:\/\/hidro-truck.com\/web\/wp-content\/uploads\/2021\/07\/WhatsApp-Image-2021-06-10-at-12.16.15-PM-3-766x1024.jpeg\" alt=\"WhatsApp-Image-2021-06-10-at-12.16.15-PM-3\" width=\"550\" height=\"735\" srcset=\"https:\/\/hidro-truck.com\/web\/wp-content\/uploads\/2021\/07\/WhatsApp-Image-2021-06-10-at-12.16.15-PM-3-766x1024.jpeg 766w, https:\/\/hidro-truck.com\/web\/wp-content\/uploads\/2021\/07\/WhatsApp-Image-2021-06-10-at-12.16.15-PM-3-225x300.jpeg 225w, https:\/\/hidro-truck.com\/web\/wp-content\/uploads\/2021\/07\/WhatsApp-Image-2021-06-10-at-12.16.15-PM-3-768x1026.jpeg 768w, https:\/\/hidro-truck.com\/web\/wp-content\/uploads\/2021\/07\/WhatsApp-Image-2021-06-10-at-12.16.15-PM-3.jpeg 958w\" sizes=\"(max-width: 550px) 100vw, 550px\" \/><\/p>\n<p>El corral\u00f3n Servimat es propiedad de La Barraca Ayres Mat SA, una empresa familiar dedicada desde hace m\u00e1s de 50 a\u00f1os a la comercializaci\u00f3n de todo tipo de materiales para la construcci\u00f3n.<\/p>\n<p><img decoding=\"async\" loading=\"lazy\" class=\"alignnone size-large wp-image-1725 aligncenter\" src=\"https:\/\/hidro-truck.com\/web\/wp-content\/uploads\/2021\/07\/WhatsApp-Image-2021-06-10-at-12.16.15-PM-1024x766.jpeg\" alt=\"WhatsApp-Image-2021-06-10-at-12.16.15-PM\" width=\"550\" height=\"411\" srcset=\"https:\/\/hidro-truck.com\/web\/wp-content\/uploads\/2021\/07\/WhatsApp-Image-2021-06-10-at-12.16.15-PM-1024x766.jpeg 1024w, https:\/\/hidro-truck.com\/web\/wp-content\/uploads\/2021\/07\/WhatsApp-Image-2021-06-10-at-12.16.15-PM-300x225.jpeg 300w, https:\/\/hidro-truck.com\/web\/wp-content\/uploads\/2021\/07\/WhatsApp-Image-2021-06-10-at-12.16.15-PM-768x575.jpeg 768w, https:\/\/hidro-truck.com\/web\/wp-content\/uploads\/2021\/07\/WhatsApp-Image-2021-06-10-at-12.16.15-PM.jpeg 1280w\" sizes=\"(max-width: 550px) 100vw, 550px\" \/><\/p>\n<!-- AddThis Advanced Settings generic via filter on the_content --><!-- AddThis Share Buttons generic via filter on the_content -->","protected":false},"excerpt":{"rendered":"<p>El corral\u00f3n de materiales para la construcci\u00f3n\u00a0Servimat, ubicado en Bella Vista, provincia de Buenos Aires, adquiri\u00f3 una\u00a0Hidrogr\u00faa TKA modelo 10.700 Premium\u00a0en formato Canivete y configuraci\u00f3n 2H 1M. El equipo fue montado en un cami\u00f3n Volkswagen 12220 en\u00a0nuestras instalaciones. El corral\u00f3n Servimat es propiedad de La Barraca Ayres Mat SA, una empresa familiar dedicada desde hace<!-- AddThis Advanced Settings generic via filter on get_the_excerpt --><!-- AddThis Share Buttons generic via filter on get_the_excerpt --><\/p>\n","protected":false},"author":1,"featured_media":1723,"parent":23,"menu_order":0,"comment_status":"closed","ping_status":"closed","template":"","meta":[],"yoast_head":"<!-- This site is optimized with the Yoast SEO plugin v21.0 - https:\/\/yoast.com\/wordpress\/plugins\/seo\/ -->\n<title>Corral\u00f3n Servimat se decidi\u00f3 por TKA - HidroTruck SRL<\/title>\n<meta name=\"robots\" content=\"index, follow, max-snippet:-1, max-image-preview:large, max-video-preview:-1\" \/>\n<link rel=\"canonical\" href=\"https:\/\/hidro-truck.com\/web\/trabajos\/corralon-servimat-se-decidio-tka\/\" \/>\n<meta property=\"og:locale\" content=\"es_ES\" \/>\n<meta property=\"og:type\" content=\"article\" \/>\n<meta property=\"og:title\" content=\"Corral\u00f3n Servimat se decidi\u00f3 por TKA - HidroTruck SRL\" \/>\n<meta property=\"og:description\" content=\"El corral\u00f3n de materiales para la construcci\u00f3n\u00a0Servimat, ubicado en Bella Vista, provincia de Buenos Aires, adquiri\u00f3 una\u00a0Hidrogr\u00faa TKA modelo 10.700 Premium\u00a0en formato Canivete y configuraci\u00f3n 2H 1M. El equipo fue montado en un cami\u00f3n Volkswagen 12220 en\u00a0nuestras instalaciones. El corral\u00f3n Servimat es propiedad de La Barraca Ayres Mat SA, una empresa familiar dedicada desde hace\" \/>\n<meta property=\"og:url\" content=\"https:\/\/hidro-truck.com\/web\/trabajos\/corralon-servimat-se-decidio-tka\/\" \/>\n<meta property=\"og:site_name\" content=\"HidroTruck SRL\" \/>\n<meta property=\"article:modified_time\" content=\"2021-07-19T19:32:40+00:00\" \/>\n<meta property=\"og:image\" content=\"https:\/\/hidro-truck.com\/web\/wp-content\/uploads\/2021\/07\/WhatsApp-Image-2021-06-10-at-12.16.14-PM-1170x600.jpeg\" \/>\n\t<meta property=\"og:image:width\" content=\"1170\" \/>\n\t<meta property=\"og:image:height\" content=\"600\" \/>\n\t<meta property=\"og:image:type\" content=\"image\/jpeg\" \/>\n<meta name=\"twitter:card\" content=\"summary_large_image\" \/>\n<script type=\"application\/ld+json\" class=\"yoast-schema-graph\">{\"@context\":\"https:\/\/schema.org\",\"@graph\":[{\"@type\":\"WebPage\",\"@id\":\"https:\/\/hidro-truck.com\/web\/trabajos\/corralon-servimat-se-decidio-tka\/\",\"url\":\"https:\/\/hidro-truck.com\/web\/trabajos\/corralon-servimat-se-decidio-tka\/\",\"name\":\"Corral\u00f3n Servimat se decidi\u00f3 por TKA - HidroTruck SRL\",\"isPartOf\":{\"@id\":\"https:\/\/hidro-truck.com\/web\/#website\"},\"datePublished\":\"2021-07-19T19:30:53+00:00\",\"dateModified\":\"2021-07-19T19:32:40+00:00\",\"breadcrumb\":{\"@id\":\"https:\/\/hidro-truck.com\/web\/trabajos\/corralon-servimat-se-decidio-tka\/#breadcrumb\"},\"inLanguage\":\"es\",\"potentialAction\":[{\"@type\":\"ReadAction\",\"target\":[\"https:\/\/hidro-truck.com\/web\/trabajos\/corralon-servimat-se-decidio-tka\/\"]}]},{\"@type\":\"BreadcrumbList\",\"@id\":\"https:\/\/hidro-truck.com\/web\/trabajos\/corralon-servimat-se-decidio-tka\/#breadcrumb\",\"itemListElement\":[{\"@type\":\"ListItem\",\"position\":1,\"name\":\"Portada\",\"item\":\"https:\/\/hidro-truck.com\/web\/\"},{\"@type\":\"ListItem\",\"position\":2,\"name\":\"Trabajos\",\"item\":\"https:\/\/hidro-truck.com\/web\/trabajos\/\"},{\"@type\":\"ListItem\",\"position\":3,\"name\":\"Corral\u00f3n Servimat se decidi\u00f3 por TKA\"}]},{\"@type\":\"WebSite\",\"@id\":\"https:\/\/hidro-truck.com\/web\/#website\",\"url\":\"https:\/\/hidro-truck.com\/web\/\",\"name\":\"HidroTruck SRL\",\"description\":\"Venta de Hidrogruas TKA. Reparaci\u00f3n y mantenimiento\",\"potentialAction\":[{\"@type\":\"SearchAction\",\"target\":{\"@type\":\"EntryPoint\",\"urlTemplate\":\"https:\/\/hidro-truck.com\/web\/?s={search_term_string}\"},\"query-input\":\"required name=search_term_string\"}],\"inLanguage\":\"es\"}]}<\/script>\n<!-- \/ Yoast SEO plugin. -->","yoast_head_json":{"title":"Corral\u00f3n Servimat se decidi\u00f3 por TKA - HidroTruck SRL","robots":{"index":"index","follow":"follow","max-snippet":"max-snippet:-1","max-image-preview":"max-image-preview:large","max-video-preview":"max-video-preview:-1"},"canonical":"https:\/\/hidro-truck.com\/web\/trabajos\/corralon-servimat-se-decidio-tka\/","og_locale":"es_ES","og_type":"article","og_title":"Corral\u00f3n Servimat se decidi\u00f3 por TKA - HidroTruck SRL","og_description":"El corral\u00f3n de materiales para la construcci\u00f3n\u00a0Servimat, ubicado en Bella Vista, provincia de Buenos Aires, adquiri\u00f3 una\u00a0Hidrogr\u00faa TKA modelo 10.700 Premium\u00a0en formato Canivete y configuraci\u00f3n 2H 1M. El equipo fue montado en un cami\u00f3n Volkswagen 12220 en\u00a0nuestras instalaciones. El corral\u00f3n Servimat es propiedad de La Barraca Ayres Mat SA, una empresa familiar dedicada desde hace","og_url":"https:\/\/hidro-truck.com\/web\/trabajos\/corralon-servimat-se-decidio-tka\/","og_site_name":"HidroTruck SRL","article_modified_time":"2021-07-19T19:32:40+00:00","og_image":[{"width":1170,"height":600,"url":"https:\/\/hidro-truck.com\/web\/wp-content\/uploads\/2021\/07\/WhatsApp-Image-2021-06-10-at-12.16.14-PM-1170x600.jpeg","type":"image\/jpeg"}],"twitter_card":"summary_large_image","schema":{"@context":"https:\/\/schema.org","@graph":[{"@type":"WebPage","@id":"https:\/\/hidro-truck.com\/web\/trabajos\/corralon-servimat-se-decidio-tka\/","url":"https:\/\/hidro-truck.com\/web\/trabajos\/corralon-servimat-se-decidio-tka\/","name":"Corral\u00f3n Servimat se decidi\u00f3 por TKA - HidroTruck SRL","isPartOf":{"@id":"https:\/\/hidro-truck.com\/web\/#website"},"datePublished":"2021-07-19T19:30:53+00:00","dateModified":"2021-07-19T19:32:40+00:00","breadcrumb":{"@id":"https:\/\/hidro-truck.com\/web\/trabajos\/corralon-servimat-se-decidio-tka\/#breadcrumb"},"inLanguage":"es","potentialAction":[{"@type":"ReadAction","target":["https:\/\/hidro-truck.com\/web\/trabajos\/corralon-servimat-se-decidio-tka\/"]}]},{"@type":"BreadcrumbList","@id":"https:\/\/hidro-truck.com\/web\/trabajos\/corralon-servimat-se-decidio-tka\/#breadcrumb","itemListElement":[{"@type":"ListItem","position":1,"name":"Portada","item":"https:\/\/hidro-truck.com\/web\/"},{"@type":"ListItem","position":2,"name":"Trabajos","item":"https:\/\/hidro-truck.com\/web\/trabajos\/"},{"@type":"ListItem","position":3,"name":"Corral\u00f3n Servimat se decidi\u00f3 por TKA"}]},{"@type":"WebSite","@id":"https:\/\/hidro-truck.com\/web\/#website","url":"https:\/\/hidro-truck.com\/web\/","name":"HidroTruck SRL","description":"Venta de Hidrogruas TKA. Reparaci\u00f3n y mantenimiento","potentialAction":[{"@type":"SearchAction","target":{"@type":"EntryPoint","urlTemplate":"https:\/\/hidro-truck.com\/web\/?s={search_term_string}"},"query-input":"required name=search_term_string"}],"inLanguage":"es"}]}},"_links":{"self":[{"href":"https:\/\/hidro-truck.com\/web\/wp-json\/wp\/v2\/pages\/1722"}],"collection":[{"href":"https:\/\/hidro-truck.com\/web\/wp-json\/wp\/v2\/pages"}],"about":[{"href":"https:\/\/hidro-truck.com\/web\/wp-json\/wp\/v2\/types\/page"}],"author":[{"embeddable":true,"href":"https:\/\/hidro-truck.com\/web\/wp-json\/wp\/v2\/users\/1"}],"replies":[{"embeddable":true,"href":"https:\/\/hidro-truck.com\/web\/wp-json\/wp\/v2\/comments?post=1722"}],"version-history":[{"count":4,"href":"https:\/\/hidro-truck.com\/web\/wp-json\/wp\/v2\/pages\/1722\/revisions"}],"predecessor-version":[{"id":1729,"href":"https:\/\/hidro-truck.com\/web\/wp-json\/wp\/v2\/pages\/1722\/revisions\/1729"}],"up":[{"embeddable":true,"href":"https:\/\/hidro-truck.com\/web\/wp-json\/wp\/v2\/pages\/23"}],"wp:featuredmedia":[{"embeddable":true,"href":"https:\/\/hidro-truck.com\/web\/wp-json\/wp\/v2\/media\/1723"}],"wp:attachment":[{"href":"https:\/\/hidro-truck.com\/web\/wp-json\/wp\/v2\/media?parent=1722"}],"curies":[{"name":"wp","href":"https:\/\/api.w.org\/{rel}","templated":true}]}}