{"id":1740,"date":"2021-08-24T12:52:59","date_gmt":"2021-08-24T12:52:59","guid":{"rendered":"https:\/\/hidro-truck.com\/web\/?page_id=1740"},"modified":"2021-08-24T12:52:59","modified_gmt":"2021-08-24T12:52:59","slug":"tercer-tka-corralon-bimat","status":"publish","type":"page","link":"https:\/\/hidro-truck.com\/web\/tercer-tka-corralon-bimat\/","title":{"rendered":"Tercer TKA para Corral\u00f3n Bimat"},"content":{"rendered":"<p>Hidro-Truck instal\u00f3 y entreg\u00f3 la tercer\u00a0<strong>Hidrogr\u00faa TKA<\/strong>\u00a0a\u00a0<strong>Corral\u00f3n Bimat de San Vicente<\/strong>, provincia de Buenos Aires; se trata de la segunda\u00a0<strong>TKA modelo 10.700 Premium<\/strong>\u00a0en formato Canivete y configuraci\u00f3n 2H 1M entregada a Bimat en menos de 15 d\u00edas.<\/p>\n<p><img decoding=\"async\" loading=\"lazy\" class=\"alignnone wp-image-1742 size-full\" src=\"https:\/\/hidro-truck.com\/web\/wp-content\/uploads\/2021\/08\/TKA-10.700-para-Corral\u00f3n-BIMAT-5.jpeg\" alt=\"TKA-10.700-para-Corral\u00f3n-BIMAT-5\" width=\"1280\" height=\"958\" srcset=\"https:\/\/hidro-truck.com\/web\/wp-content\/uploads\/2021\/08\/TKA-10.700-para-Corral\u00f3n-BIMAT-5.jpeg 1280w, https:\/\/hidro-truck.com\/web\/wp-content\/uploads\/2021\/08\/TKA-10.700-para-Corral\u00f3n-BIMAT-5-300x225.jpeg 300w, https:\/\/hidro-truck.com\/web\/wp-content\/uploads\/2021\/08\/TKA-10.700-para-Corral\u00f3n-BIMAT-5-768x575.jpeg 768w, https:\/\/hidro-truck.com\/web\/wp-content\/uploads\/2021\/08\/TKA-10.700-para-Corral\u00f3n-BIMAT-5-1024x766.jpeg 1024w\" sizes=\"(max-width: 1280px) 100vw, 1280px\" \/><\/p>\n<p>El montaje de la hidrogr\u00faa corralonera se realiz\u00f3 sobre un Ford 14.000 en los talleres de Hidro-truck, quienes a su vez tambi\u00e9n fueron responsables de la gesti\u00f3n comercial de todo el negocio.<\/p>\n<p><img decoding=\"async\" loading=\"lazy\" class=\"alignnone size-full wp-image-1743\" src=\"https:\/\/hidro-truck.com\/web\/wp-content\/uploads\/2021\/08\/TKA-10.700-para-Corral\u00f3n-BIMAT-6.jpeg\" alt=\"TKA-10.700-para-Corral\u00f3n-BIMAT-6\" width=\"1280\" height=\"958\" srcset=\"https:\/\/hidro-truck.com\/web\/wp-content\/uploads\/2021\/08\/TKA-10.700-para-Corral\u00f3n-BIMAT-6.jpeg 1280w, https:\/\/hidro-truck.com\/web\/wp-content\/uploads\/2021\/08\/TKA-10.700-para-Corral\u00f3n-BIMAT-6-300x225.jpeg 300w, https:\/\/hidro-truck.com\/web\/wp-content\/uploads\/2021\/08\/TKA-10.700-para-Corral\u00f3n-BIMAT-6-768x575.jpeg 768w, https:\/\/hidro-truck.com\/web\/wp-content\/uploads\/2021\/08\/TKA-10.700-para-Corral\u00f3n-BIMAT-6-1024x766.jpeg 1024w\" sizes=\"(max-width: 1280px) 100vw, 1280px\" \/><\/p>\n<p>Corral\u00f3n Bimat ya conoc\u00eda de primera mano los beneficios de Hidrogr\u00faas TKA y no dud\u00f3 en adquirir dos equipos m\u00e1s para sumar a su planta de maquinarias dedicadas al movimiento de carga pesada.<\/p>\n<!-- AddThis Advanced Settings generic via filter on the_content --><!-- AddThis Share Buttons generic via filter on the_content -->","protected":false},"excerpt":{"rendered":"<p>Hidro-Truck instal\u00f3 y entreg\u00f3 la tercer\u00a0Hidrogr\u00faa TKA\u00a0a\u00a0Corral\u00f3n Bimat de San Vicente, provincia de Buenos Aires; se trata de la segunda\u00a0TKA modelo 10.700 Premium\u00a0en formato Canivete y configuraci\u00f3n 2H 1M entregada a Bimat en menos de 15 d\u00edas. El montaje de la hidrogr\u00faa corralonera se realiz\u00f3 sobre un Ford 14.000 en los talleres de Hidro-truck, quienes<!-- AddThis Advanced Settings generic via filter on get_the_excerpt --><!-- AddThis Share Buttons generic via filter on get_the_excerpt --><\/p>\n","protected":false},"author":1,"featured_media":1741,"parent":0,"menu_order":0,"comment_status":"closed","ping_status":"closed","template":"","meta":[],"yoast_head":"<!-- This site is optimized with the Yoast SEO plugin v21.0 - https:\/\/yoast.com\/wordpress\/plugins\/seo\/ -->\n<title>Tercer TKA para Corral\u00f3n Bimat - HidroTruck SRL<\/title>\n<meta name=\"robots\" content=\"index, follow, max-snippet:-1, max-image-preview:large, max-video-preview:-1\" \/>\n<link rel=\"canonical\" href=\"https:\/\/hidro-truck.com\/web\/tercer-tka-corralon-bimat\/\" \/>\n<meta property=\"og:locale\" content=\"es_ES\" \/>\n<meta property=\"og:type\" content=\"article\" \/>\n<meta property=\"og:title\" content=\"Tercer TKA para Corral\u00f3n Bimat - HidroTruck SRL\" \/>\n<meta property=\"og:description\" content=\"Hidro-Truck instal\u00f3 y entreg\u00f3 la tercer\u00a0Hidrogr\u00faa TKA\u00a0a\u00a0Corral\u00f3n Bimat de San Vicente, provincia de Buenos Aires; se trata de la segunda\u00a0TKA modelo 10.700 Premium\u00a0en formato Canivete y configuraci\u00f3n 2H 1M entregada a Bimat en menos de 15 d\u00edas. El montaje de la hidrogr\u00faa corralonera se realiz\u00f3 sobre un Ford 14.000 en los talleres de Hidro-truck, quienes\" \/>\n<meta property=\"og:url\" content=\"https:\/\/hidro-truck.com\/web\/tercer-tka-corralon-bimat\/\" \/>\n<meta property=\"og:site_name\" content=\"HidroTruck SRL\" \/>\n<meta property=\"og:image\" content=\"https:\/\/hidro-truck.com\/web\/wp-content\/uploads\/2021\/08\/BIMAT-3.jpeg\" \/>\n\t<meta property=\"og:image:width\" content=\"1170\" \/>\n\t<meta property=\"og:image:height\" content=\"600\" \/>\n\t<meta property=\"og:image:type\" content=\"image\/jpeg\" \/>\n<meta name=\"twitter:card\" content=\"summary_large_image\" \/>\n<meta name=\"twitter:label1\" content=\"Tiempo de lectura\" \/>\n\t<meta name=\"twitter:data1\" content=\"1 minuto\" \/>\n<script type=\"application\/ld+json\" class=\"yoast-schema-graph\">{\"@context\":\"https:\/\/schema.org\",\"@graph\":[{\"@type\":\"WebPage\",\"@id\":\"https:\/\/hidro-truck.com\/web\/tercer-tka-corralon-bimat\/\",\"url\":\"https:\/\/hidro-truck.com\/web\/tercer-tka-corralon-bimat\/\",\"name\":\"Tercer TKA para Corral\u00f3n Bimat - HidroTruck SRL\",\"isPartOf\":{\"@id\":\"https:\/\/hidro-truck.com\/web\/#website\"},\"datePublished\":\"2021-08-24T12:52:59+00:00\",\"dateModified\":\"2021-08-24T12:52:59+00:00\",\"breadcrumb\":{\"@id\":\"https:\/\/hidro-truck.com\/web\/tercer-tka-corralon-bimat\/#breadcrumb\"},\"inLanguage\":\"es\",\"potentialAction\":[{\"@type\":\"ReadAction\",\"target\":[\"https:\/\/hidro-truck.com\/web\/tercer-tka-corralon-bimat\/\"]}]},{\"@type\":\"BreadcrumbList\",\"@id\":\"https:\/\/hidro-truck.com\/web\/tercer-tka-corralon-bimat\/#breadcrumb\",\"itemListElement\":[{\"@type\":\"ListItem\",\"position\":1,\"name\":\"Portada\",\"item\":\"https:\/\/hidro-truck.com\/web\/\"},{\"@type\":\"ListItem\",\"position\":2,\"name\":\"Tercer TKA para Corral\u00f3n Bimat\"}]},{\"@type\":\"WebSite\",\"@id\":\"https:\/\/hidro-truck.com\/web\/#website\",\"url\":\"https:\/\/hidro-truck.com\/web\/\",\"name\":\"HidroTruck SRL\",\"description\":\"Venta de Hidrogruas TKA. Reparaci\u00f3n y mantenimiento\",\"potentialAction\":[{\"@type\":\"SearchAction\",\"target\":{\"@type\":\"EntryPoint\",\"urlTemplate\":\"https:\/\/hidro-truck.com\/web\/?s={search_term_string}\"},\"query-input\":\"required name=search_term_string\"}],\"inLanguage\":\"es\"}]}<\/script>\n<!-- \/ Yoast SEO plugin. -->","yoast_head_json":{"title":"Tercer TKA para Corral\u00f3n Bimat - HidroTruck SRL","robots":{"index":"index","follow":"follow","max-snippet":"max-snippet:-1","max-image-preview":"max-image-preview:large","max-video-preview":"max-video-preview:-1"},"canonical":"https:\/\/hidro-truck.com\/web\/tercer-tka-corralon-bimat\/","og_locale":"es_ES","og_type":"article","og_title":"Tercer TKA para Corral\u00f3n Bimat - HidroTruck SRL","og_description":"Hidro-Truck instal\u00f3 y entreg\u00f3 la tercer\u00a0Hidrogr\u00faa TKA\u00a0a\u00a0Corral\u00f3n Bimat de San Vicente, provincia de Buenos Aires; se trata de la segunda\u00a0TKA modelo 10.700 Premium\u00a0en formato Canivete y configuraci\u00f3n 2H 1M entregada a Bimat en menos de 15 d\u00edas. El montaje de la hidrogr\u00faa corralonera se realiz\u00f3 sobre un Ford 14.000 en los talleres de Hidro-truck, quienes","og_url":"https:\/\/hidro-truck.com\/web\/tercer-tka-corralon-bimat\/","og_site_name":"HidroTruck SRL","og_image":[{"width":1170,"height":600,"url":"https:\/\/hidro-truck.com\/web\/wp-content\/uploads\/2021\/08\/BIMAT-3.jpeg","type":"image\/jpeg"}],"twitter_card":"summary_large_image","twitter_misc":{"Tiempo de lectura":"1 minuto"},"schema":{"@context":"https:\/\/schema.org","@graph":[{"@type":"WebPage","@id":"https:\/\/hidro-truck.com\/web\/tercer-tka-corralon-bimat\/","url":"https:\/\/hidro-truck.com\/web\/tercer-tka-corralon-bimat\/","name":"Tercer TKA para Corral\u00f3n Bimat - HidroTruck SRL","isPartOf":{"@id":"https:\/\/hidro-truck.com\/web\/#website"},"datePublished":"2021-08-24T12:52:59+00:00","dateModified":"2021-08-24T12:52:59+00:00","breadcrumb":{"@id":"https:\/\/hidro-truck.com\/web\/tercer-tka-corralon-bimat\/#breadcrumb"},"inLanguage":"es","potentialAction":[{"@type":"ReadAction","target":["https:\/\/hidro-truck.com\/web\/tercer-tka-corralon-bimat\/"]}]},{"@type":"BreadcrumbList","@id":"https:\/\/hidro-truck.com\/web\/tercer-tka-corralon-bimat\/#breadcrumb","itemListElement":[{"@type":"ListItem","position":1,"name":"Portada","item":"https:\/\/hidro-truck.com\/web\/"},{"@type":"ListItem","position":2,"name":"Tercer TKA para Corral\u00f3n Bimat"}]},{"@type":"WebSite","@id":"https:\/\/hidro-truck.com\/web\/#website","url":"https:\/\/hidro-truck.com\/web\/","name":"HidroTruck SRL","description":"Venta de Hidrogruas TKA. Reparaci\u00f3n y mantenimiento","potentialAction":[{"@type":"SearchAction","target":{"@type":"EntryPoint","urlTemplate":"https:\/\/hidro-truck.com\/web\/?s={search_term_string}"},"query-input":"required name=search_term_string"}],"inLanguage":"es"}]}},"_links":{"self":[{"href":"https:\/\/hidro-truck.com\/web\/wp-json\/wp\/v2\/pages\/1740"}],"collection":[{"href":"https:\/\/hidro-truck.com\/web\/wp-json\/wp\/v2\/pages"}],"about":[{"href":"https:\/\/hidro-truck.com\/web\/wp-json\/wp\/v2\/types\/page"}],"author":[{"embeddable":true,"href":"https:\/\/hidro-truck.com\/web\/wp-json\/wp\/v2\/users\/1"}],"replies":[{"embeddable":true,"href":"https:\/\/hidro-truck.com\/web\/wp-json\/wp\/v2\/comments?post=1740"}],"version-history":[{"count":2,"href":"https:\/\/hidro-truck.com\/web\/wp-json\/wp\/v2\/pages\/1740\/revisions"}],"predecessor-version":[{"id":1745,"href":"https:\/\/hidro-truck.com\/web\/wp-json\/wp\/v2\/pages\/1740\/revisions\/1745"}],"wp:featuredmedia":[{"embeddable":true,"href":"https:\/\/hidro-truck.com\/web\/wp-json\/wp\/v2\/media\/1741"}],"wp:attachment":[{"href":"https:\/\/hidro-truck.com\/web\/wp-json\/wp\/v2\/media?parent=1740"}],"curies":[{"name":"wp","href":"https:\/\/api.w.org\/{rel}","templated":true}]}}