{"id":1756,"date":"2021-09-09T18:49:03","date_gmt":"2021-09-09T18:49:03","guid":{"rendered":"https:\/\/hidro-truck.com\/web\/?page_id=1756"},"modified":"2021-09-09T18:56:16","modified_gmt":"2021-09-09T18:56:16","slug":"romano-piedras-lajas-tka-10-700-c-premium","status":"publish","type":"page","link":"https:\/\/hidro-truck.com\/web\/trabajos\/romano-piedras-lajas-tka-10-700-c-premium\/","title":{"rendered":"Romano Piedras Lajas y su TKA 10.700 C Premium"},"content":{"rendered":"<p>El tradicional oficio del piedrero sabe muy bien de cargas pesadas y de las dificultades que acarrean sus movimientos. Y si de este rubro buscamos una referencia, nada mejor que\u00a0<strong>Romano Piedras Lajas<\/strong>, la tradicional firma de Escobar (provincia de Buenos Aires), dedicada a la comercializaci\u00f3n de piedras y lajas para la construcci\u00f3n, quien apost\u00f3 por\u00a0<strong>Hidrogr\u00faas TKA<\/strong>\u00a0y ya cuenta con un\u00a0<strong>modelo 10.700 Premium en formato Canivete y configuraci\u00f3n 2H 1M.<\/strong><\/p>\n<p><img decoding=\"async\" loading=\"lazy\" class=\"wp-image-1758 size-large aligncenter\" src=\"https:\/\/hidro-truck.com\/web\/wp-content\/uploads\/2021\/09\/WhatsApp-Image-2021-07-15-at-1.28.10-PM-1024x766.jpeg\" alt=\"WhatsApp-Image-2021-07-15-at-1.28.10-PM\" width=\"550\" height=\"411\" srcset=\"https:\/\/hidro-truck.com\/web\/wp-content\/uploads\/2021\/09\/WhatsApp-Image-2021-07-15-at-1.28.10-PM-1024x766.jpeg 1024w, https:\/\/hidro-truck.com\/web\/wp-content\/uploads\/2021\/09\/WhatsApp-Image-2021-07-15-at-1.28.10-PM-300x225.jpeg 300w, https:\/\/hidro-truck.com\/web\/wp-content\/uploads\/2021\/09\/WhatsApp-Image-2021-07-15-at-1.28.10-PM-768x575.jpeg 768w, https:\/\/hidro-truck.com\/web\/wp-content\/uploads\/2021\/09\/WhatsApp-Image-2021-07-15-at-1.28.10-PM.jpeg 1280w\" sizes=\"(max-width: 550px) 100vw, 550px\" \/><\/p>\n<p>Instalada en un cami\u00f3n Volkswagen 13 180 por\u00a0<strong>Hidro-Truck<\/strong>\u00a0en Loma Hermosa, el modelo corralonero por excelencia afrotar\u00e1 las exigencias de Romano Piedras Lajas y demostrar\u00e1 todas sus virtudes.<\/p>\n<p><img decoding=\"async\" loading=\"lazy\" class=\"alignnone wp-image-1759 size-large\" src=\"https:\/\/hidro-truck.com\/web\/wp-content\/uploads\/2021\/09\/WhatsApp-Image-2021-07-15-at-1.28.08-PM-1024x766.jpeg\" alt=\"WhatsApp-Image-2021-07-15-at-1.28.08-PM\" width=\"550\" height=\"411\" srcset=\"https:\/\/hidro-truck.com\/web\/wp-content\/uploads\/2021\/09\/WhatsApp-Image-2021-07-15-at-1.28.08-PM-1024x766.jpeg 1024w, https:\/\/hidro-truck.com\/web\/wp-content\/uploads\/2021\/09\/WhatsApp-Image-2021-07-15-at-1.28.08-PM-300x225.jpeg 300w, https:\/\/hidro-truck.com\/web\/wp-content\/uploads\/2021\/09\/WhatsApp-Image-2021-07-15-at-1.28.08-PM-768x575.jpeg 768w, https:\/\/hidro-truck.com\/web\/wp-content\/uploads\/2021\/09\/WhatsApp-Image-2021-07-15-at-1.28.08-PM.jpeg 1280w\" sizes=\"(max-width: 550px) 100vw, 550px\" \/><\/p>\n<p>Romano Piedras Lajas es una empresa fundada en 1966 por\u00a0<strong>Don Romano Cernic<\/strong>, de origen italiano, quien trajo desde el viejo continente sus saberes de piedrero para aplicarlos en Buenos Aires.<\/p>\n<p><img decoding=\"async\" loading=\"lazy\" class=\"alignnone wp-image-1760 size-large\" src=\"https:\/\/hidro-truck.com\/web\/wp-content\/uploads\/2021\/09\/WhatsApp-Image-2021-07-15-at-1.28.09-PM-3-1024x766.jpeg\" alt=\"WhatsApp-Image-2021-07-15-at-1.28.09-PM-3\" width=\"550\" height=\"411\" srcset=\"https:\/\/hidro-truck.com\/web\/wp-content\/uploads\/2021\/09\/WhatsApp-Image-2021-07-15-at-1.28.09-PM-3-1024x766.jpeg 1024w, https:\/\/hidro-truck.com\/web\/wp-content\/uploads\/2021\/09\/WhatsApp-Image-2021-07-15-at-1.28.09-PM-3-300x225.jpeg 300w, https:\/\/hidro-truck.com\/web\/wp-content\/uploads\/2021\/09\/WhatsApp-Image-2021-07-15-at-1.28.09-PM-3-768x575.jpeg 768w, https:\/\/hidro-truck.com\/web\/wp-content\/uploads\/2021\/09\/WhatsApp-Image-2021-07-15-at-1.28.09-PM-3.jpeg 1280w\" sizes=\"(max-width: 550px) 100vw, 550px\" \/><\/p>\n<p>&nbsp;<\/p>\n<!-- AddThis Advanced Settings generic via filter on the_content --><!-- AddThis Share Buttons generic via filter on the_content -->","protected":false},"excerpt":{"rendered":"<p>El tradicional oficio del piedrero sabe muy bien de cargas pesadas y de las dificultades que acarrean sus movimientos. Y si de este rubro buscamos una referencia, nada mejor que\u00a0Romano Piedras Lajas, la tradicional firma de Escobar (provincia de Buenos Aires), dedicada a la comercializaci\u00f3n de piedras y lajas para la construcci\u00f3n, quien apost\u00f3 por\u00a0Hidrogr\u00faas<!-- AddThis Advanced Settings generic via filter on get_the_excerpt --><!-- AddThis Share Buttons generic via filter on get_the_excerpt --><\/p>\n","protected":false},"author":1,"featured_media":1757,"parent":23,"menu_order":0,"comment_status":"closed","ping_status":"closed","template":"","meta":[],"yoast_head":"<!-- This site is optimized with the Yoast SEO plugin v21.0 - https:\/\/yoast.com\/wordpress\/plugins\/seo\/ -->\n<title>Romano Piedras Lajas y su TKA 10.700 C Premium - HidroTruck SRL<\/title>\n<meta name=\"robots\" content=\"index, follow, max-snippet:-1, max-image-preview:large, max-video-preview:-1\" \/>\n<link rel=\"canonical\" href=\"https:\/\/hidro-truck.com\/web\/trabajos\/romano-piedras-lajas-tka-10-700-c-premium\/\" \/>\n<meta property=\"og:locale\" content=\"es_ES\" \/>\n<meta property=\"og:type\" content=\"article\" \/>\n<meta property=\"og:title\" content=\"Romano Piedras Lajas y su TKA 10.700 C Premium - HidroTruck SRL\" \/>\n<meta property=\"og:description\" content=\"El tradicional oficio del piedrero sabe muy bien de cargas pesadas y de las dificultades que acarrean sus movimientos. Y si de este rubro buscamos una referencia, nada mejor que\u00a0Romano Piedras Lajas, la tradicional firma de Escobar (provincia de Buenos Aires), dedicada a la comercializaci\u00f3n de piedras y lajas para la construcci\u00f3n, quien apost\u00f3 por\u00a0Hidrogr\u00faas\" \/>\n<meta property=\"og:url\" content=\"https:\/\/hidro-truck.com\/web\/trabajos\/romano-piedras-lajas-tka-10-700-c-premium\/\" \/>\n<meta property=\"og:site_name\" content=\"HidroTruck SRL\" \/>\n<meta property=\"article:modified_time\" content=\"2021-09-09T18:56:16+00:00\" \/>\n<meta property=\"og:image\" content=\"https:\/\/hidro-truck.com\/web\/wp-content\/uploads\/2021\/09\/WhatsApp-Image-2021-07-15-at-1.28.09-PM-1-1170x600.jpeg\" \/>\n\t<meta property=\"og:image:width\" content=\"1170\" \/>\n\t<meta property=\"og:image:height\" content=\"600\" \/>\n\t<meta property=\"og:image:type\" content=\"image\/jpeg\" \/>\n<meta name=\"twitter:card\" content=\"summary_large_image\" \/>\n<meta name=\"twitter:label1\" content=\"Tiempo de lectura\" \/>\n\t<meta name=\"twitter:data1\" content=\"1 minuto\" \/>\n<script type=\"application\/ld+json\" class=\"yoast-schema-graph\">{\"@context\":\"https:\/\/schema.org\",\"@graph\":[{\"@type\":\"WebPage\",\"@id\":\"https:\/\/hidro-truck.com\/web\/trabajos\/romano-piedras-lajas-tka-10-700-c-premium\/\",\"url\":\"https:\/\/hidro-truck.com\/web\/trabajos\/romano-piedras-lajas-tka-10-700-c-premium\/\",\"name\":\"Romano Piedras Lajas y su TKA 10.700 C Premium - HidroTruck SRL\",\"isPartOf\":{\"@id\":\"https:\/\/hidro-truck.com\/web\/#website\"},\"datePublished\":\"2021-09-09T18:49:03+00:00\",\"dateModified\":\"2021-09-09T18:56:16+00:00\",\"breadcrumb\":{\"@id\":\"https:\/\/hidro-truck.com\/web\/trabajos\/romano-piedras-lajas-tka-10-700-c-premium\/#breadcrumb\"},\"inLanguage\":\"es\",\"potentialAction\":[{\"@type\":\"ReadAction\",\"target\":[\"https:\/\/hidro-truck.com\/web\/trabajos\/romano-piedras-lajas-tka-10-700-c-premium\/\"]}]},{\"@type\":\"BreadcrumbList\",\"@id\":\"https:\/\/hidro-truck.com\/web\/trabajos\/romano-piedras-lajas-tka-10-700-c-premium\/#breadcrumb\",\"itemListElement\":[{\"@type\":\"ListItem\",\"position\":1,\"name\":\"Portada\",\"item\":\"https:\/\/hidro-truck.com\/web\/\"},{\"@type\":\"ListItem\",\"position\":2,\"name\":\"Trabajos\",\"item\":\"https:\/\/hidro-truck.com\/web\/trabajos\/\"},{\"@type\":\"ListItem\",\"position\":3,\"name\":\"Romano Piedras Lajas y su TKA 10.700 C Premium\"}]},{\"@type\":\"WebSite\",\"@id\":\"https:\/\/hidro-truck.com\/web\/#website\",\"url\":\"https:\/\/hidro-truck.com\/web\/\",\"name\":\"HidroTruck SRL\",\"description\":\"Venta de Hidrogruas TKA. Reparaci\u00f3n y mantenimiento\",\"potentialAction\":[{\"@type\":\"SearchAction\",\"target\":{\"@type\":\"EntryPoint\",\"urlTemplate\":\"https:\/\/hidro-truck.com\/web\/?s={search_term_string}\"},\"query-input\":\"required name=search_term_string\"}],\"inLanguage\":\"es\"}]}<\/script>\n<!-- \/ Yoast SEO plugin. -->","yoast_head_json":{"title":"Romano Piedras Lajas y su TKA 10.700 C Premium - HidroTruck SRL","robots":{"index":"index","follow":"follow","max-snippet":"max-snippet:-1","max-image-preview":"max-image-preview:large","max-video-preview":"max-video-preview:-1"},"canonical":"https:\/\/hidro-truck.com\/web\/trabajos\/romano-piedras-lajas-tka-10-700-c-premium\/","og_locale":"es_ES","og_type":"article","og_title":"Romano Piedras Lajas y su TKA 10.700 C Premium - HidroTruck SRL","og_description":"El tradicional oficio del piedrero sabe muy bien de cargas pesadas y de las dificultades que acarrean sus movimientos. Y si de este rubro buscamos una referencia, nada mejor que\u00a0Romano Piedras Lajas, la tradicional firma de Escobar (provincia de Buenos Aires), dedicada a la comercializaci\u00f3n de piedras y lajas para la construcci\u00f3n, quien apost\u00f3 por\u00a0Hidrogr\u00faas","og_url":"https:\/\/hidro-truck.com\/web\/trabajos\/romano-piedras-lajas-tka-10-700-c-premium\/","og_site_name":"HidroTruck SRL","article_modified_time":"2021-09-09T18:56:16+00:00","og_image":[{"width":1170,"height":600,"url":"https:\/\/hidro-truck.com\/web\/wp-content\/uploads\/2021\/09\/WhatsApp-Image-2021-07-15-at-1.28.09-PM-1-1170x600.jpeg","type":"image\/jpeg"}],"twitter_card":"summary_large_image","twitter_misc":{"Tiempo de lectura":"1 minuto"},"schema":{"@context":"https:\/\/schema.org","@graph":[{"@type":"WebPage","@id":"https:\/\/hidro-truck.com\/web\/trabajos\/romano-piedras-lajas-tka-10-700-c-premium\/","url":"https:\/\/hidro-truck.com\/web\/trabajos\/romano-piedras-lajas-tka-10-700-c-premium\/","name":"Romano Piedras Lajas y su TKA 10.700 C Premium - HidroTruck SRL","isPartOf":{"@id":"https:\/\/hidro-truck.com\/web\/#website"},"datePublished":"2021-09-09T18:49:03+00:00","dateModified":"2021-09-09T18:56:16+00:00","breadcrumb":{"@id":"https:\/\/hidro-truck.com\/web\/trabajos\/romano-piedras-lajas-tka-10-700-c-premium\/#breadcrumb"},"inLanguage":"es","potentialAction":[{"@type":"ReadAction","target":["https:\/\/hidro-truck.com\/web\/trabajos\/romano-piedras-lajas-tka-10-700-c-premium\/"]}]},{"@type":"BreadcrumbList","@id":"https:\/\/hidro-truck.com\/web\/trabajos\/romano-piedras-lajas-tka-10-700-c-premium\/#breadcrumb","itemListElement":[{"@type":"ListItem","position":1,"name":"Portada","item":"https:\/\/hidro-truck.com\/web\/"},{"@type":"ListItem","position":2,"name":"Trabajos","item":"https:\/\/hidro-truck.com\/web\/trabajos\/"},{"@type":"ListItem","position":3,"name":"Romano Piedras Lajas y su TKA 10.700 C Premium"}]},{"@type":"WebSite","@id":"https:\/\/hidro-truck.com\/web\/#website","url":"https:\/\/hidro-truck.com\/web\/","name":"HidroTruck SRL","description":"Venta de Hidrogruas TKA. Reparaci\u00f3n y mantenimiento","potentialAction":[{"@type":"SearchAction","target":{"@type":"EntryPoint","urlTemplate":"https:\/\/hidro-truck.com\/web\/?s={search_term_string}"},"query-input":"required name=search_term_string"}],"inLanguage":"es"}]}},"_links":{"self":[{"href":"https:\/\/hidro-truck.com\/web\/wp-json\/wp\/v2\/pages\/1756"}],"collection":[{"href":"https:\/\/hidro-truck.com\/web\/wp-json\/wp\/v2\/pages"}],"about":[{"href":"https:\/\/hidro-truck.com\/web\/wp-json\/wp\/v2\/types\/page"}],"author":[{"embeddable":true,"href":"https:\/\/hidro-truck.com\/web\/wp-json\/wp\/v2\/users\/1"}],"replies":[{"embeddable":true,"href":"https:\/\/hidro-truck.com\/web\/wp-json\/wp\/v2\/comments?post=1756"}],"version-history":[{"count":4,"href":"https:\/\/hidro-truck.com\/web\/wp-json\/wp\/v2\/pages\/1756\/revisions"}],"predecessor-version":[{"id":1764,"href":"https:\/\/hidro-truck.com\/web\/wp-json\/wp\/v2\/pages\/1756\/revisions\/1764"}],"up":[{"embeddable":true,"href":"https:\/\/hidro-truck.com\/web\/wp-json\/wp\/v2\/pages\/23"}],"wp:featuredmedia":[{"embeddable":true,"href":"https:\/\/hidro-truck.com\/web\/wp-json\/wp\/v2\/media\/1757"}],"wp:attachment":[{"href":"https:\/\/hidro-truck.com\/web\/wp-json\/wp\/v2\/media?parent=1756"}],"curies":[{"name":"wp","href":"https:\/\/api.w.org\/{rel}","templated":true}]}}