{"id":1783,"date":"2021-10-21T17:37:42","date_gmt":"2021-10-21T17:37:42","guid":{"rendered":"https:\/\/hidro-truck.com\/web\/?page_id=1783"},"modified":"2021-10-21T17:37:42","modified_gmt":"2021-10-21T17:37:42","slug":"tka-5-700-3h-0m-agrogey-sa-caba","status":"publish","type":"page","link":"https:\/\/hidro-truck.com\/web\/trabajos\/tka-5-700-3h-0m-agrogey-sa-caba\/","title":{"rendered":"TKA 5.700 3H 0M para AgroGey SA de CABA"},"content":{"rendered":"<p>Un nueva Hidrogr\u00faa TKA sale al ruedo en Capital Federal (CABA) gracias a la firma\u00a0<strong>AgroGey SA<\/strong>\u00a0que confi\u00f3 en la marca comercializada por B\u00e1sculas Magris y adquiri\u00f3 un modelo\u00a0<strong>5.700 Premium<\/strong>\u00a0en formato Canivete y en su m\u00e1xima configuraci\u00f3n 3H 0M.<\/p>\n<p>Tanto la gesti\u00f3n comercial como la instalaci\u00f3n fue llevada a cabo por\u00a0<strong>Hidro-Truck<\/strong>, representante oficial y exclusivo de TKA en la regi\u00f3n del AMBA.<\/p>\n<p><img decoding=\"async\" loading=\"lazy\" class=\"alignnone size-large wp-image-1785\" src=\"https:\/\/hidro-truck.com\/web\/wp-content\/uploads\/2021\/10\/WhatsApp-Image-2021-07-27-at-10.38.10-AM-1-768x1024.jpeg\" alt=\"WhatsApp-Image-2021-07-27-at-10.38.10-AM-1\" width=\"550\" height=\"733\" srcset=\"https:\/\/hidro-truck.com\/web\/wp-content\/uploads\/2021\/10\/WhatsApp-Image-2021-07-27-at-10.38.10-AM-1.jpeg 768w, https:\/\/hidro-truck.com\/web\/wp-content\/uploads\/2021\/10\/WhatsApp-Image-2021-07-27-at-10.38.10-AM-1-225x300.jpeg 225w\" sizes=\"(max-width: 550px) 100vw, 550px\" \/><\/p>\n<p>La TKA 5.700 fue montada en un Mercedes Benz Accelo 1016 Autom\u00e1tico y cuenta con\u00a0<strong>Parada de Emergencia<\/strong>\u00a0y\u00a0<strong>Corte Efectivo<\/strong>.<\/p>\n<p>&nbsp;<\/p>\n<!-- AddThis Advanced Settings generic via filter on the_content --><!-- AddThis Share Buttons generic via filter on the_content -->","protected":false},"excerpt":{"rendered":"<p>Un nueva Hidrogr\u00faa TKA sale al ruedo en Capital Federal (CABA) gracias a la firma\u00a0AgroGey SA\u00a0que confi\u00f3 en la marca comercializada por B\u00e1sculas Magris y adquiri\u00f3 un modelo\u00a05.700 Premium\u00a0en formato Canivete y en su m\u00e1xima configuraci\u00f3n 3H 0M. Tanto la gesti\u00f3n comercial como la instalaci\u00f3n fue llevada a cabo por\u00a0Hidro-Truck, representante oficial y exclusivo de<!-- AddThis Advanced Settings generic via filter on get_the_excerpt --><!-- AddThis Share Buttons generic via filter on get_the_excerpt --><\/p>\n","protected":false},"author":1,"featured_media":1784,"parent":23,"menu_order":0,"comment_status":"closed","ping_status":"closed","template":"","meta":[],"yoast_head":"<!-- This site is optimized with the Yoast SEO plugin v21.0 - https:\/\/yoast.com\/wordpress\/plugins\/seo\/ -->\n<title>TKA 5.700 3H 0M para AgroGey SA de CABA - HidroTruck SRL<\/title>\n<meta name=\"robots\" content=\"index, follow, max-snippet:-1, max-image-preview:large, max-video-preview:-1\" \/>\n<link rel=\"canonical\" href=\"https:\/\/hidro-truck.com\/web\/trabajos\/tka-5-700-3h-0m-agrogey-sa-caba\/\" \/>\n<meta property=\"og:locale\" content=\"es_ES\" \/>\n<meta property=\"og:type\" content=\"article\" \/>\n<meta property=\"og:title\" content=\"TKA 5.700 3H 0M para AgroGey SA de CABA - HidroTruck SRL\" \/>\n<meta property=\"og:description\" content=\"Un nueva Hidrogr\u00faa TKA sale al ruedo en Capital Federal (CABA) gracias a la firma\u00a0AgroGey SA\u00a0que confi\u00f3 en la marca comercializada por B\u00e1sculas Magris y adquiri\u00f3 un modelo\u00a05.700 Premium\u00a0en formato Canivete y en su m\u00e1xima configuraci\u00f3n 3H 0M. Tanto la gesti\u00f3n comercial como la instalaci\u00f3n fue llevada a cabo por\u00a0Hidro-Truck, representante oficial y exclusivo de\" \/>\n<meta property=\"og:url\" content=\"https:\/\/hidro-truck.com\/web\/trabajos\/tka-5-700-3h-0m-agrogey-sa-caba\/\" \/>\n<meta property=\"og:site_name\" content=\"HidroTruck SRL\" \/>\n<meta property=\"og:image\" content=\"https:\/\/hidro-truck.com\/web\/wp-content\/uploads\/2021\/10\/WhatsApp-Image-2021-07-27-at-10.38.10-AM-1-768x600.jpeg\" \/>\n\t<meta property=\"og:image:width\" content=\"768\" \/>\n\t<meta property=\"og:image:height\" content=\"600\" \/>\n\t<meta property=\"og:image:type\" content=\"image\/jpeg\" \/>\n<meta name=\"twitter:card\" content=\"summary_large_image\" \/>\n<script type=\"application\/ld+json\" class=\"yoast-schema-graph\">{\"@context\":\"https:\/\/schema.org\",\"@graph\":[{\"@type\":\"WebPage\",\"@id\":\"https:\/\/hidro-truck.com\/web\/trabajos\/tka-5-700-3h-0m-agrogey-sa-caba\/\",\"url\":\"https:\/\/hidro-truck.com\/web\/trabajos\/tka-5-700-3h-0m-agrogey-sa-caba\/\",\"name\":\"TKA 5.700 3H 0M para AgroGey SA de CABA - HidroTruck SRL\",\"isPartOf\":{\"@id\":\"https:\/\/hidro-truck.com\/web\/#website\"},\"datePublished\":\"2021-10-21T17:37:42+00:00\",\"dateModified\":\"2021-10-21T17:37:42+00:00\",\"breadcrumb\":{\"@id\":\"https:\/\/hidro-truck.com\/web\/trabajos\/tka-5-700-3h-0m-agrogey-sa-caba\/#breadcrumb\"},\"inLanguage\":\"es\",\"potentialAction\":[{\"@type\":\"ReadAction\",\"target\":[\"https:\/\/hidro-truck.com\/web\/trabajos\/tka-5-700-3h-0m-agrogey-sa-caba\/\"]}]},{\"@type\":\"BreadcrumbList\",\"@id\":\"https:\/\/hidro-truck.com\/web\/trabajos\/tka-5-700-3h-0m-agrogey-sa-caba\/#breadcrumb\",\"itemListElement\":[{\"@type\":\"ListItem\",\"position\":1,\"name\":\"Portada\",\"item\":\"https:\/\/hidro-truck.com\/web\/\"},{\"@type\":\"ListItem\",\"position\":2,\"name\":\"Trabajos\",\"item\":\"https:\/\/hidro-truck.com\/web\/trabajos\/\"},{\"@type\":\"ListItem\",\"position\":3,\"name\":\"TKA 5.700 3H 0M para AgroGey SA de CABA\"}]},{\"@type\":\"WebSite\",\"@id\":\"https:\/\/hidro-truck.com\/web\/#website\",\"url\":\"https:\/\/hidro-truck.com\/web\/\",\"name\":\"HidroTruck SRL\",\"description\":\"Venta de Hidrogruas TKA. Reparaci\u00f3n y mantenimiento\",\"potentialAction\":[{\"@type\":\"SearchAction\",\"target\":{\"@type\":\"EntryPoint\",\"urlTemplate\":\"https:\/\/hidro-truck.com\/web\/?s={search_term_string}\"},\"query-input\":\"required name=search_term_string\"}],\"inLanguage\":\"es\"}]}<\/script>\n<!-- \/ Yoast SEO plugin. -->","yoast_head_json":{"title":"TKA 5.700 3H 0M para AgroGey SA de CABA - HidroTruck SRL","robots":{"index":"index","follow":"follow","max-snippet":"max-snippet:-1","max-image-preview":"max-image-preview:large","max-video-preview":"max-video-preview:-1"},"canonical":"https:\/\/hidro-truck.com\/web\/trabajos\/tka-5-700-3h-0m-agrogey-sa-caba\/","og_locale":"es_ES","og_type":"article","og_title":"TKA 5.700 3H 0M para AgroGey SA de CABA - HidroTruck SRL","og_description":"Un nueva Hidrogr\u00faa TKA sale al ruedo en Capital Federal (CABA) gracias a la firma\u00a0AgroGey SA\u00a0que confi\u00f3 en la marca comercializada por B\u00e1sculas Magris y adquiri\u00f3 un modelo\u00a05.700 Premium\u00a0en formato Canivete y en su m\u00e1xima configuraci\u00f3n 3H 0M. Tanto la gesti\u00f3n comercial como la instalaci\u00f3n fue llevada a cabo por\u00a0Hidro-Truck, representante oficial y exclusivo de","og_url":"https:\/\/hidro-truck.com\/web\/trabajos\/tka-5-700-3h-0m-agrogey-sa-caba\/","og_site_name":"HidroTruck SRL","og_image":[{"width":768,"height":600,"url":"https:\/\/hidro-truck.com\/web\/wp-content\/uploads\/2021\/10\/WhatsApp-Image-2021-07-27-at-10.38.10-AM-1-768x600.jpeg","type":"image\/jpeg"}],"twitter_card":"summary_large_image","schema":{"@context":"https:\/\/schema.org","@graph":[{"@type":"WebPage","@id":"https:\/\/hidro-truck.com\/web\/trabajos\/tka-5-700-3h-0m-agrogey-sa-caba\/","url":"https:\/\/hidro-truck.com\/web\/trabajos\/tka-5-700-3h-0m-agrogey-sa-caba\/","name":"TKA 5.700 3H 0M para AgroGey SA de CABA - HidroTruck SRL","isPartOf":{"@id":"https:\/\/hidro-truck.com\/web\/#website"},"datePublished":"2021-10-21T17:37:42+00:00","dateModified":"2021-10-21T17:37:42+00:00","breadcrumb":{"@id":"https:\/\/hidro-truck.com\/web\/trabajos\/tka-5-700-3h-0m-agrogey-sa-caba\/#breadcrumb"},"inLanguage":"es","potentialAction":[{"@type":"ReadAction","target":["https:\/\/hidro-truck.com\/web\/trabajos\/tka-5-700-3h-0m-agrogey-sa-caba\/"]}]},{"@type":"BreadcrumbList","@id":"https:\/\/hidro-truck.com\/web\/trabajos\/tka-5-700-3h-0m-agrogey-sa-caba\/#breadcrumb","itemListElement":[{"@type":"ListItem","position":1,"name":"Portada","item":"https:\/\/hidro-truck.com\/web\/"},{"@type":"ListItem","position":2,"name":"Trabajos","item":"https:\/\/hidro-truck.com\/web\/trabajos\/"},{"@type":"ListItem","position":3,"name":"TKA 5.700 3H 0M para AgroGey SA de CABA"}]},{"@type":"WebSite","@id":"https:\/\/hidro-truck.com\/web\/#website","url":"https:\/\/hidro-truck.com\/web\/","name":"HidroTruck SRL","description":"Venta de Hidrogruas TKA. Reparaci\u00f3n y mantenimiento","potentialAction":[{"@type":"SearchAction","target":{"@type":"EntryPoint","urlTemplate":"https:\/\/hidro-truck.com\/web\/?s={search_term_string}"},"query-input":"required name=search_term_string"}],"inLanguage":"es"}]}},"_links":{"self":[{"href":"https:\/\/hidro-truck.com\/web\/wp-json\/wp\/v2\/pages\/1783"}],"collection":[{"href":"https:\/\/hidro-truck.com\/web\/wp-json\/wp\/v2\/pages"}],"about":[{"href":"https:\/\/hidro-truck.com\/web\/wp-json\/wp\/v2\/types\/page"}],"author":[{"embeddable":true,"href":"https:\/\/hidro-truck.com\/web\/wp-json\/wp\/v2\/users\/1"}],"replies":[{"embeddable":true,"href":"https:\/\/hidro-truck.com\/web\/wp-json\/wp\/v2\/comments?post=1783"}],"version-history":[{"count":2,"href":"https:\/\/hidro-truck.com\/web\/wp-json\/wp\/v2\/pages\/1783\/revisions"}],"predecessor-version":[{"id":1787,"href":"https:\/\/hidro-truck.com\/web\/wp-json\/wp\/v2\/pages\/1783\/revisions\/1787"}],"up":[{"embeddable":true,"href":"https:\/\/hidro-truck.com\/web\/wp-json\/wp\/v2\/pages\/23"}],"wp:featuredmedia":[{"embeddable":true,"href":"https:\/\/hidro-truck.com\/web\/wp-json\/wp\/v2\/media\/1784"}],"wp:attachment":[{"href":"https:\/\/hidro-truck.com\/web\/wp-json\/wp\/v2\/media?parent=1783"}],"curies":[{"name":"wp","href":"https:\/\/api.w.org\/{rel}","templated":true}]}}