{"id":1796,"date":"2021-10-21T17:50:41","date_gmt":"2021-10-21T17:50:41","guid":{"rendered":"https:\/\/hidro-truck.com\/web\/?page_id=1796"},"modified":"2021-10-21T17:50:41","modified_gmt":"2021-10-21T17:50:41","slug":"edenor-suma-2-hidroelevadores-tka-planta-maquinarias","status":"publish","type":"page","link":"https:\/\/hidro-truck.com\/web\/trabajos\/edenor-suma-2-hidroelevadores-tka-planta-maquinarias\/","title":{"rendered":"EDENOR suma 2 Hidroelevadores TKA a su planta de maquinarias"},"content":{"rendered":"<p>Conociendo ya por experiencia y confiando en las prestaciones de los equipos TKA,\u00a0<strong>EDENOR SA<\/strong>\u00a0adquiri\u00f3\u00a0<strong>dos Hidroelevadores 10 S<\/strong>\u00a0instalados uno en pick up Toyota Hilux y otro en Volkswagen Amarok.<\/p>\n<p>Ambas instalaciones fueron llevadas a cabo por\u00a0<strong>Hidro-Truck SRL<\/strong>, representante oficial de TKA para CABA y Gran Buenos Aires. A su vez, Hidro-Truck tambi\u00e9n desarroll\u00f3 la gesti\u00f3n y log\u00edstica de la venta.<\/p>\n<p><img decoding=\"async\" loading=\"lazy\" class=\"alignnone size-large wp-image-1798\" src=\"https:\/\/hidro-truck.com\/web\/wp-content\/uploads\/2021\/10\/WhatsApp-Image-2021-08-13-at-8.03.56-AM-1-1024x766.jpeg\" alt=\"WhatsApp-Image-2021-08-13-at-8.03.56-AM-1\" width=\"550\" height=\"411\" srcset=\"https:\/\/hidro-truck.com\/web\/wp-content\/uploads\/2021\/10\/WhatsApp-Image-2021-08-13-at-8.03.56-AM-1-1024x766.jpeg 1024w, https:\/\/hidro-truck.com\/web\/wp-content\/uploads\/2021\/10\/WhatsApp-Image-2021-08-13-at-8.03.56-AM-1-300x225.jpeg 300w, https:\/\/hidro-truck.com\/web\/wp-content\/uploads\/2021\/10\/WhatsApp-Image-2021-08-13-at-8.03.56-AM-1-768x575.jpeg 768w, https:\/\/hidro-truck.com\/web\/wp-content\/uploads\/2021\/10\/WhatsApp-Image-2021-08-13-at-8.03.56-AM-1.jpeg 1280w\" sizes=\"(max-width: 550px) 100vw, 550px\" \/><\/p>\n<p>Los Hidroelevadores TKA 10 S poseen:<\/p>\n<p><strong>.Sistema de articulaci\u00f3n de bielas (Power Link), m\u00e1s eficiente en trabajos en altura<\/strong><\/p>\n<p><strong>.Estabilizadores Traseros y delanteros en forma de \u201cA\u201d, garantizando mejor estabilidad al veh\u00edculo y al operario.<\/strong><\/p>\n<p><strong>.Sistema de rotaci\u00f3n continuo 360\u00b0 sobre rodamientos.<\/strong><\/p>\n<p><strong>.Comando en barquilla y en la base.<\/strong><\/p>\n<p><img decoding=\"async\" loading=\"lazy\" class=\"alignnone size-large wp-image-1799\" src=\"https:\/\/hidro-truck.com\/web\/wp-content\/uploads\/2021\/10\/WhatsApp-Image-2021-07-15-hidro-truck-1024x766.jpeg\" alt=\"WhatsApp-Image-2021-07-15-hidro-truck\" width=\"550\" height=\"411\" srcset=\"https:\/\/hidro-truck.com\/web\/wp-content\/uploads\/2021\/10\/WhatsApp-Image-2021-07-15-hidro-truck-1024x766.jpeg 1024w, https:\/\/hidro-truck.com\/web\/wp-content\/uploads\/2021\/10\/WhatsApp-Image-2021-07-15-hidro-truck-300x225.jpeg 300w, https:\/\/hidro-truck.com\/web\/wp-content\/uploads\/2021\/10\/WhatsApp-Image-2021-07-15-hidro-truck-768x575.jpeg 768w, https:\/\/hidro-truck.com\/web\/wp-content\/uploads\/2021\/10\/WhatsApp-Image-2021-07-15-hidro-truck.jpeg 1280w\" sizes=\"(max-width: 550px) 100vw, 550px\" \/><\/p>\n<!-- AddThis Advanced Settings generic via filter on the_content --><!-- AddThis Share Buttons generic via filter on the_content -->","protected":false},"excerpt":{"rendered":"<p>Conociendo ya por experiencia y confiando en las prestaciones de los equipos TKA,\u00a0EDENOR SA\u00a0adquiri\u00f3\u00a0dos Hidroelevadores 10 S\u00a0instalados uno en pick up Toyota Hilux y otro en Volkswagen Amarok. Ambas instalaciones fueron llevadas a cabo por\u00a0Hidro-Truck SRL, representante oficial de TKA para CABA y Gran Buenos Aires. A su vez, Hidro-Truck tambi\u00e9n desarroll\u00f3 la gesti\u00f3n y<!-- AddThis Advanced Settings generic via filter on get_the_excerpt --><!-- AddThis Share Buttons generic via filter on get_the_excerpt --><\/p>\n","protected":false},"author":1,"featured_media":1797,"parent":23,"menu_order":0,"comment_status":"closed","ping_status":"closed","template":"","meta":[],"yoast_head":"<!-- This site is optimized with the Yoast SEO plugin v21.0 - https:\/\/yoast.com\/wordpress\/plugins\/seo\/ -->\n<title>EDENOR suma 2 Hidroelevadores TKA a su planta de maquinarias - HidroTruck SRL<\/title>\n<meta name=\"robots\" content=\"index, follow, max-snippet:-1, max-image-preview:large, max-video-preview:-1\" \/>\n<link rel=\"canonical\" href=\"https:\/\/hidro-truck.com\/web\/trabajos\/edenor-suma-2-hidroelevadores-tka-planta-maquinarias\/\" \/>\n<meta property=\"og:locale\" content=\"es_ES\" \/>\n<meta property=\"og:type\" content=\"article\" \/>\n<meta property=\"og:title\" content=\"EDENOR suma 2 Hidroelevadores TKA a su planta de maquinarias - HidroTruck SRL\" \/>\n<meta property=\"og:description\" content=\"Conociendo ya por experiencia y confiando en las prestaciones de los equipos TKA,\u00a0EDENOR SA\u00a0adquiri\u00f3\u00a0dos Hidroelevadores 10 S\u00a0instalados uno en pick up Toyota Hilux y otro en Volkswagen Amarok. Ambas instalaciones fueron llevadas a cabo por\u00a0Hidro-Truck SRL, representante oficial de TKA para CABA y Gran Buenos Aires. A su vez, Hidro-Truck tambi\u00e9n desarroll\u00f3 la gesti\u00f3n y\" \/>\n<meta property=\"og:url\" content=\"https:\/\/hidro-truck.com\/web\/trabajos\/edenor-suma-2-hidroelevadores-tka-planta-maquinarias\/\" \/>\n<meta property=\"og:site_name\" content=\"HidroTruck SRL\" \/>\n<meta property=\"og:image\" content=\"https:\/\/hidro-truck.com\/web\/wp-content\/uploads\/2021\/10\/WhatsApp-Image-2021-08-13-at-8.03.55-AM-1-1170x600.jpeg\" \/>\n\t<meta property=\"og:image:width\" content=\"1170\" \/>\n\t<meta property=\"og:image:height\" content=\"600\" \/>\n\t<meta property=\"og:image:type\" content=\"image\/jpeg\" \/>\n<meta name=\"twitter:card\" content=\"summary_large_image\" \/>\n<meta name=\"twitter:label1\" content=\"Tiempo de lectura\" \/>\n\t<meta name=\"twitter:data1\" content=\"1 minuto\" \/>\n<script type=\"application\/ld+json\" class=\"yoast-schema-graph\">{\"@context\":\"https:\/\/schema.org\",\"@graph\":[{\"@type\":\"WebPage\",\"@id\":\"https:\/\/hidro-truck.com\/web\/trabajos\/edenor-suma-2-hidroelevadores-tka-planta-maquinarias\/\",\"url\":\"https:\/\/hidro-truck.com\/web\/trabajos\/edenor-suma-2-hidroelevadores-tka-planta-maquinarias\/\",\"name\":\"EDENOR suma 2 Hidroelevadores TKA a su planta de maquinarias - HidroTruck SRL\",\"isPartOf\":{\"@id\":\"https:\/\/hidro-truck.com\/web\/#website\"},\"datePublished\":\"2021-10-21T17:50:41+00:00\",\"dateModified\":\"2021-10-21T17:50:41+00:00\",\"breadcrumb\":{\"@id\":\"https:\/\/hidro-truck.com\/web\/trabajos\/edenor-suma-2-hidroelevadores-tka-planta-maquinarias\/#breadcrumb\"},\"inLanguage\":\"es\",\"potentialAction\":[{\"@type\":\"ReadAction\",\"target\":[\"https:\/\/hidro-truck.com\/web\/trabajos\/edenor-suma-2-hidroelevadores-tka-planta-maquinarias\/\"]}]},{\"@type\":\"BreadcrumbList\",\"@id\":\"https:\/\/hidro-truck.com\/web\/trabajos\/edenor-suma-2-hidroelevadores-tka-planta-maquinarias\/#breadcrumb\",\"itemListElement\":[{\"@type\":\"ListItem\",\"position\":1,\"name\":\"Portada\",\"item\":\"https:\/\/hidro-truck.com\/web\/\"},{\"@type\":\"ListItem\",\"position\":2,\"name\":\"Trabajos\",\"item\":\"https:\/\/hidro-truck.com\/web\/trabajos\/\"},{\"@type\":\"ListItem\",\"position\":3,\"name\":\"EDENOR suma 2 Hidroelevadores TKA a su planta de maquinarias\"}]},{\"@type\":\"WebSite\",\"@id\":\"https:\/\/hidro-truck.com\/web\/#website\",\"url\":\"https:\/\/hidro-truck.com\/web\/\",\"name\":\"HidroTruck SRL\",\"description\":\"Venta de Hidrogruas TKA. Reparaci\u00f3n y mantenimiento\",\"potentialAction\":[{\"@type\":\"SearchAction\",\"target\":{\"@type\":\"EntryPoint\",\"urlTemplate\":\"https:\/\/hidro-truck.com\/web\/?s={search_term_string}\"},\"query-input\":\"required name=search_term_string\"}],\"inLanguage\":\"es\"}]}<\/script>\n<!-- \/ Yoast SEO plugin. -->","yoast_head_json":{"title":"EDENOR suma 2 Hidroelevadores TKA a su planta de maquinarias - HidroTruck SRL","robots":{"index":"index","follow":"follow","max-snippet":"max-snippet:-1","max-image-preview":"max-image-preview:large","max-video-preview":"max-video-preview:-1"},"canonical":"https:\/\/hidro-truck.com\/web\/trabajos\/edenor-suma-2-hidroelevadores-tka-planta-maquinarias\/","og_locale":"es_ES","og_type":"article","og_title":"EDENOR suma 2 Hidroelevadores TKA a su planta de maquinarias - HidroTruck SRL","og_description":"Conociendo ya por experiencia y confiando en las prestaciones de los equipos TKA,\u00a0EDENOR SA\u00a0adquiri\u00f3\u00a0dos Hidroelevadores 10 S\u00a0instalados uno en pick up Toyota Hilux y otro en Volkswagen Amarok. Ambas instalaciones fueron llevadas a cabo por\u00a0Hidro-Truck SRL, representante oficial de TKA para CABA y Gran Buenos Aires. A su vez, Hidro-Truck tambi\u00e9n desarroll\u00f3 la gesti\u00f3n y","og_url":"https:\/\/hidro-truck.com\/web\/trabajos\/edenor-suma-2-hidroelevadores-tka-planta-maquinarias\/","og_site_name":"HidroTruck SRL","og_image":[{"width":1170,"height":600,"url":"https:\/\/hidro-truck.com\/web\/wp-content\/uploads\/2021\/10\/WhatsApp-Image-2021-08-13-at-8.03.55-AM-1-1170x600.jpeg","type":"image\/jpeg"}],"twitter_card":"summary_large_image","twitter_misc":{"Tiempo de lectura":"1 minuto"},"schema":{"@context":"https:\/\/schema.org","@graph":[{"@type":"WebPage","@id":"https:\/\/hidro-truck.com\/web\/trabajos\/edenor-suma-2-hidroelevadores-tka-planta-maquinarias\/","url":"https:\/\/hidro-truck.com\/web\/trabajos\/edenor-suma-2-hidroelevadores-tka-planta-maquinarias\/","name":"EDENOR suma 2 Hidroelevadores TKA a su planta de maquinarias - HidroTruck SRL","isPartOf":{"@id":"https:\/\/hidro-truck.com\/web\/#website"},"datePublished":"2021-10-21T17:50:41+00:00","dateModified":"2021-10-21T17:50:41+00:00","breadcrumb":{"@id":"https:\/\/hidro-truck.com\/web\/trabajos\/edenor-suma-2-hidroelevadores-tka-planta-maquinarias\/#breadcrumb"},"inLanguage":"es","potentialAction":[{"@type":"ReadAction","target":["https:\/\/hidro-truck.com\/web\/trabajos\/edenor-suma-2-hidroelevadores-tka-planta-maquinarias\/"]}]},{"@type":"BreadcrumbList","@id":"https:\/\/hidro-truck.com\/web\/trabajos\/edenor-suma-2-hidroelevadores-tka-planta-maquinarias\/#breadcrumb","itemListElement":[{"@type":"ListItem","position":1,"name":"Portada","item":"https:\/\/hidro-truck.com\/web\/"},{"@type":"ListItem","position":2,"name":"Trabajos","item":"https:\/\/hidro-truck.com\/web\/trabajos\/"},{"@type":"ListItem","position":3,"name":"EDENOR suma 2 Hidroelevadores TKA a su planta de maquinarias"}]},{"@type":"WebSite","@id":"https:\/\/hidro-truck.com\/web\/#website","url":"https:\/\/hidro-truck.com\/web\/","name":"HidroTruck SRL","description":"Venta de Hidrogruas TKA. Reparaci\u00f3n y mantenimiento","potentialAction":[{"@type":"SearchAction","target":{"@type":"EntryPoint","urlTemplate":"https:\/\/hidro-truck.com\/web\/?s={search_term_string}"},"query-input":"required name=search_term_string"}],"inLanguage":"es"}]}},"_links":{"self":[{"href":"https:\/\/hidro-truck.com\/web\/wp-json\/wp\/v2\/pages\/1796"}],"collection":[{"href":"https:\/\/hidro-truck.com\/web\/wp-json\/wp\/v2\/pages"}],"about":[{"href":"https:\/\/hidro-truck.com\/web\/wp-json\/wp\/v2\/types\/page"}],"author":[{"embeddable":true,"href":"https:\/\/hidro-truck.com\/web\/wp-json\/wp\/v2\/users\/1"}],"replies":[{"embeddable":true,"href":"https:\/\/hidro-truck.com\/web\/wp-json\/wp\/v2\/comments?post=1796"}],"version-history":[{"count":2,"href":"https:\/\/hidro-truck.com\/web\/wp-json\/wp\/v2\/pages\/1796\/revisions"}],"predecessor-version":[{"id":1801,"href":"https:\/\/hidro-truck.com\/web\/wp-json\/wp\/v2\/pages\/1796\/revisions\/1801"}],"up":[{"embeddable":true,"href":"https:\/\/hidro-truck.com\/web\/wp-json\/wp\/v2\/pages\/23"}],"wp:featuredmedia":[{"embeddable":true,"href":"https:\/\/hidro-truck.com\/web\/wp-json\/wp\/v2\/media\/1797"}],"wp:attachment":[{"href":"https:\/\/hidro-truck.com\/web\/wp-json\/wp\/v2\/media?parent=1796"}],"curies":[{"name":"wp","href":"https:\/\/api.w.org\/{rel}","templated":true}]}}