{"id":1818,"date":"2022-05-16T16:19:59","date_gmt":"2022-05-16T16:19:59","guid":{"rendered":"https:\/\/hidro-truck.com\/web\/?page_id=1818"},"modified":"2022-05-16T16:21:35","modified_gmt":"2022-05-16T16:21:35","slug":"hidroelevador-tka-jorge-prieto-srl-zarate","status":"publish","type":"page","link":"https:\/\/hidro-truck.com\/web\/trabajos\/hidroelevador-tka-jorge-prieto-srl-zarate\/","title":{"rendered":"Hidroelevador TKA para Jorge Prieto SRL de Z\u00e1rate"},"content":{"rendered":"<p>El mercado argentino sigue incorporando Hidroelevadores TKA. Esta vez, la firma Jorge Prieto S.R.L. de la localidad bonaerense de Z\u00e1rate, adquiri\u00f3 un modelo 10 s para desarrollar trabajos de mantenimiento de luminarias.<\/p>\n<p><img decoding=\"async\" loading=\"lazy\" class=\"alignnone size-large wp-image-1820\" src=\"https:\/\/hidro-truck.com\/web\/wp-content\/uploads\/2022\/05\/WhatsApp-Image-2021-11-09-at-10.48.34-AM-1-1024x768-1024x768.jpeg\" alt=\"WhatsApp-Image-2021-11-09-at-10.48.34-AM-1-1024x768\" width=\"550\" height=\"413\" srcset=\"https:\/\/hidro-truck.com\/web\/wp-content\/uploads\/2022\/05\/WhatsApp-Image-2021-11-09-at-10.48.34-AM-1-1024x768.jpeg 1024w, https:\/\/hidro-truck.com\/web\/wp-content\/uploads\/2022\/05\/WhatsApp-Image-2021-11-09-at-10.48.34-AM-1-1024x768-300x225.jpeg 300w, https:\/\/hidro-truck.com\/web\/wp-content\/uploads\/2022\/05\/WhatsApp-Image-2021-11-09-at-10.48.34-AM-1-1024x768-768x576.jpeg 768w\" sizes=\"(max-width: 550px) 100vw, 550px\" \/><\/p>\n<p><strong>El Hidroelevador TKA 10 s presenta:<\/strong><\/p>\n<p>.Motor a Explosi\u00f3n marca Honda<\/p>\n<p>.Sistemas de articulaci\u00f3n con bielas (Power Link).<\/p>\n<p>.Elevaci\u00f3n de carga hasta 136 Kg.<\/p>\n<p>.Estabilizadores delanteros y traseros en \u201cA\u201d con 2,6 metros de apertura, garantizando mejor estabilidad<\/p>\n<p>.Sistema de rotaci\u00f3n 360\u00b0 continuo sobre rodamiento.<\/p>\n<p>.Sistema de comandos en base y en barquilla.<\/p>\n<p><img decoding=\"async\" loading=\"lazy\" class=\"size-large wp-image-1821 aligncenter\" src=\"https:\/\/hidro-truck.com\/web\/wp-content\/uploads\/2022\/05\/WhatsApp-Image-2021-11-09-at-10.48.34-AM-576x1024-576x1024.jpeg\" alt=\"WhatsApp-Image-2021-11-09-at-10.48.34-AM-576x1024\" width=\"550\" height=\"978\" srcset=\"https:\/\/hidro-truck.com\/web\/wp-content\/uploads\/2022\/05\/WhatsApp-Image-2021-11-09-at-10.48.34-AM-576x1024.jpeg 576w, https:\/\/hidro-truck.com\/web\/wp-content\/uploads\/2022\/05\/WhatsApp-Image-2021-11-09-at-10.48.34-AM-576x1024-169x300.jpeg 169w\" sizes=\"(max-width: 550px) 100vw, 550px\" \/><\/p>\n<p>La instalaci\u00f3n se realiz\u00f3 sobre una\u00a0<strong>pick up Toyota Hilux\u00a0<\/strong>por\u00a0<strong>Hidro-Truck<\/strong>, representante oficial de TKA, desde donde tambi\u00e9n se realiz\u00f3 la gesti\u00f3n y log\u00edstica de la venta a Jorge Prieto.<\/p>\n<!-- AddThis Advanced Settings generic via filter on the_content --><!-- AddThis Share Buttons generic via filter on the_content -->","protected":false},"excerpt":{"rendered":"<p>El mercado argentino sigue incorporando Hidroelevadores TKA. Esta vez, la firma Jorge Prieto S.R.L. de la localidad bonaerense de Z\u00e1rate, adquiri\u00f3 un modelo 10 s para desarrollar trabajos de mantenimiento de luminarias. El Hidroelevador TKA 10 s presenta: .Motor a Explosi\u00f3n marca Honda .Sistemas de articulaci\u00f3n con bielas (Power Link). .Elevaci\u00f3n de carga hasta 136<!-- AddThis Advanced Settings generic via filter on get_the_excerpt --><!-- AddThis Share Buttons generic via filter on get_the_excerpt --><\/p>\n","protected":false},"author":1,"featured_media":1819,"parent":23,"menu_order":0,"comment_status":"closed","ping_status":"closed","template":"","meta":[],"yoast_head":"<!-- This site is optimized with the Yoast SEO plugin v21.0 - https:\/\/yoast.com\/wordpress\/plugins\/seo\/ -->\n<title>Hidroelevador TKA para Jorge Prieto SRL de Z\u00e1rate - HidroTruck SRL<\/title>\n<meta name=\"robots\" content=\"index, follow, max-snippet:-1, max-image-preview:large, max-video-preview:-1\" \/>\n<link rel=\"canonical\" href=\"https:\/\/hidro-truck.com\/web\/trabajos\/hidroelevador-tka-jorge-prieto-srl-zarate\/\" \/>\n<meta property=\"og:locale\" content=\"es_ES\" \/>\n<meta property=\"og:type\" content=\"article\" \/>\n<meta property=\"og:title\" content=\"Hidroelevador TKA para Jorge Prieto SRL de Z\u00e1rate - HidroTruck SRL\" \/>\n<meta property=\"og:description\" content=\"El mercado argentino sigue incorporando Hidroelevadores TKA. Esta vez, la firma Jorge Prieto S.R.L. de la localidad bonaerense de Z\u00e1rate, adquiri\u00f3 un modelo 10 s para desarrollar trabajos de mantenimiento de luminarias. El Hidroelevador TKA 10 s presenta: .Motor a Explosi\u00f3n marca Honda .Sistemas de articulaci\u00f3n con bielas (Power Link). .Elevaci\u00f3n de carga hasta 136\" \/>\n<meta property=\"og:url\" content=\"https:\/\/hidro-truck.com\/web\/trabajos\/hidroelevador-tka-jorge-prieto-srl-zarate\/\" \/>\n<meta property=\"og:site_name\" content=\"HidroTruck SRL\" \/>\n<meta property=\"article:modified_time\" content=\"2022-05-16T16:21:35+00:00\" \/>\n<meta property=\"og:image\" content=\"https:\/\/hidro-truck.com\/web\/wp-content\/uploads\/2022\/05\/WhatsApp-Image-2021-11-09-at-10.48.32-AM-1170x600.jpeg\" \/>\n\t<meta property=\"og:image:width\" content=\"1170\" \/>\n\t<meta property=\"og:image:height\" content=\"600\" \/>\n\t<meta property=\"og:image:type\" content=\"image\/jpeg\" \/>\n<meta name=\"twitter:card\" content=\"summary_large_image\" \/>\n<meta name=\"twitter:label1\" content=\"Tiempo de lectura\" \/>\n\t<meta name=\"twitter:data1\" content=\"1 minuto\" \/>\n<script type=\"application\/ld+json\" class=\"yoast-schema-graph\">{\"@context\":\"https:\/\/schema.org\",\"@graph\":[{\"@type\":\"WebPage\",\"@id\":\"https:\/\/hidro-truck.com\/web\/trabajos\/hidroelevador-tka-jorge-prieto-srl-zarate\/\",\"url\":\"https:\/\/hidro-truck.com\/web\/trabajos\/hidroelevador-tka-jorge-prieto-srl-zarate\/\",\"name\":\"Hidroelevador TKA para Jorge Prieto SRL de Z\u00e1rate - HidroTruck SRL\",\"isPartOf\":{\"@id\":\"https:\/\/hidro-truck.com\/web\/#website\"},\"datePublished\":\"2022-05-16T16:19:59+00:00\",\"dateModified\":\"2022-05-16T16:21:35+00:00\",\"breadcrumb\":{\"@id\":\"https:\/\/hidro-truck.com\/web\/trabajos\/hidroelevador-tka-jorge-prieto-srl-zarate\/#breadcrumb\"},\"inLanguage\":\"es\",\"potentialAction\":[{\"@type\":\"ReadAction\",\"target\":[\"https:\/\/hidro-truck.com\/web\/trabajos\/hidroelevador-tka-jorge-prieto-srl-zarate\/\"]}]},{\"@type\":\"BreadcrumbList\",\"@id\":\"https:\/\/hidro-truck.com\/web\/trabajos\/hidroelevador-tka-jorge-prieto-srl-zarate\/#breadcrumb\",\"itemListElement\":[{\"@type\":\"ListItem\",\"position\":1,\"name\":\"Portada\",\"item\":\"https:\/\/hidro-truck.com\/web\/\"},{\"@type\":\"ListItem\",\"position\":2,\"name\":\"Trabajos\",\"item\":\"https:\/\/hidro-truck.com\/web\/trabajos\/\"},{\"@type\":\"ListItem\",\"position\":3,\"name\":\"Hidroelevador TKA para Jorge Prieto SRL de Z\u00e1rate\"}]},{\"@type\":\"WebSite\",\"@id\":\"https:\/\/hidro-truck.com\/web\/#website\",\"url\":\"https:\/\/hidro-truck.com\/web\/\",\"name\":\"HidroTruck SRL\",\"description\":\"Venta de Hidrogruas TKA. Reparaci\u00f3n y mantenimiento\",\"potentialAction\":[{\"@type\":\"SearchAction\",\"target\":{\"@type\":\"EntryPoint\",\"urlTemplate\":\"https:\/\/hidro-truck.com\/web\/?s={search_term_string}\"},\"query-input\":\"required name=search_term_string\"}],\"inLanguage\":\"es\"}]}<\/script>\n<!-- \/ Yoast SEO plugin. -->","yoast_head_json":{"title":"Hidroelevador TKA para Jorge Prieto SRL de Z\u00e1rate - HidroTruck SRL","robots":{"index":"index","follow":"follow","max-snippet":"max-snippet:-1","max-image-preview":"max-image-preview:large","max-video-preview":"max-video-preview:-1"},"canonical":"https:\/\/hidro-truck.com\/web\/trabajos\/hidroelevador-tka-jorge-prieto-srl-zarate\/","og_locale":"es_ES","og_type":"article","og_title":"Hidroelevador TKA para Jorge Prieto SRL de Z\u00e1rate - HidroTruck SRL","og_description":"El mercado argentino sigue incorporando Hidroelevadores TKA. Esta vez, la firma Jorge Prieto S.R.L. de la localidad bonaerense de Z\u00e1rate, adquiri\u00f3 un modelo 10 s para desarrollar trabajos de mantenimiento de luminarias. El Hidroelevador TKA 10 s presenta: .Motor a Explosi\u00f3n marca Honda .Sistemas de articulaci\u00f3n con bielas (Power Link). .Elevaci\u00f3n de carga hasta 136","og_url":"https:\/\/hidro-truck.com\/web\/trabajos\/hidroelevador-tka-jorge-prieto-srl-zarate\/","og_site_name":"HidroTruck SRL","article_modified_time":"2022-05-16T16:21:35+00:00","og_image":[{"width":1170,"height":600,"url":"https:\/\/hidro-truck.com\/web\/wp-content\/uploads\/2022\/05\/WhatsApp-Image-2021-11-09-at-10.48.32-AM-1170x600.jpeg","type":"image\/jpeg"}],"twitter_card":"summary_large_image","twitter_misc":{"Tiempo de lectura":"1 minuto"},"schema":{"@context":"https:\/\/schema.org","@graph":[{"@type":"WebPage","@id":"https:\/\/hidro-truck.com\/web\/trabajos\/hidroelevador-tka-jorge-prieto-srl-zarate\/","url":"https:\/\/hidro-truck.com\/web\/trabajos\/hidroelevador-tka-jorge-prieto-srl-zarate\/","name":"Hidroelevador TKA para Jorge Prieto SRL de Z\u00e1rate - HidroTruck SRL","isPartOf":{"@id":"https:\/\/hidro-truck.com\/web\/#website"},"datePublished":"2022-05-16T16:19:59+00:00","dateModified":"2022-05-16T16:21:35+00:00","breadcrumb":{"@id":"https:\/\/hidro-truck.com\/web\/trabajos\/hidroelevador-tka-jorge-prieto-srl-zarate\/#breadcrumb"},"inLanguage":"es","potentialAction":[{"@type":"ReadAction","target":["https:\/\/hidro-truck.com\/web\/trabajos\/hidroelevador-tka-jorge-prieto-srl-zarate\/"]}]},{"@type":"BreadcrumbList","@id":"https:\/\/hidro-truck.com\/web\/trabajos\/hidroelevador-tka-jorge-prieto-srl-zarate\/#breadcrumb","itemListElement":[{"@type":"ListItem","position":1,"name":"Portada","item":"https:\/\/hidro-truck.com\/web\/"},{"@type":"ListItem","position":2,"name":"Trabajos","item":"https:\/\/hidro-truck.com\/web\/trabajos\/"},{"@type":"ListItem","position":3,"name":"Hidroelevador TKA para Jorge Prieto SRL de Z\u00e1rate"}]},{"@type":"WebSite","@id":"https:\/\/hidro-truck.com\/web\/#website","url":"https:\/\/hidro-truck.com\/web\/","name":"HidroTruck SRL","description":"Venta de Hidrogruas TKA. Reparaci\u00f3n y mantenimiento","potentialAction":[{"@type":"SearchAction","target":{"@type":"EntryPoint","urlTemplate":"https:\/\/hidro-truck.com\/web\/?s={search_term_string}"},"query-input":"required name=search_term_string"}],"inLanguage":"es"}]}},"_links":{"self":[{"href":"https:\/\/hidro-truck.com\/web\/wp-json\/wp\/v2\/pages\/1818"}],"collection":[{"href":"https:\/\/hidro-truck.com\/web\/wp-json\/wp\/v2\/pages"}],"about":[{"href":"https:\/\/hidro-truck.com\/web\/wp-json\/wp\/v2\/types\/page"}],"author":[{"embeddable":true,"href":"https:\/\/hidro-truck.com\/web\/wp-json\/wp\/v2\/users\/1"}],"replies":[{"embeddable":true,"href":"https:\/\/hidro-truck.com\/web\/wp-json\/wp\/v2\/comments?post=1818"}],"version-history":[{"count":2,"href":"https:\/\/hidro-truck.com\/web\/wp-json\/wp\/v2\/pages\/1818\/revisions"}],"predecessor-version":[{"id":1823,"href":"https:\/\/hidro-truck.com\/web\/wp-json\/wp\/v2\/pages\/1818\/revisions\/1823"}],"up":[{"embeddable":true,"href":"https:\/\/hidro-truck.com\/web\/wp-json\/wp\/v2\/pages\/23"}],"wp:featuredmedia":[{"embeddable":true,"href":"https:\/\/hidro-truck.com\/web\/wp-json\/wp\/v2\/media\/1819"}],"wp:attachment":[{"href":"https:\/\/hidro-truck.com\/web\/wp-json\/wp\/v2\/media?parent=1818"}],"curies":[{"name":"wp","href":"https:\/\/api.w.org\/{rel}","templated":true}]}}