{"id":1838,"date":"2022-05-16T16:43:53","date_gmt":"2022-05-16T16:43:53","guid":{"rendered":"https:\/\/hidro-truck.com\/web\/?page_id=1838"},"modified":"2022-05-16T16:43:53","modified_gmt":"2022-05-16T16:43:53","slug":"tka-12-700-t-premium-gm-connection","status":"publish","type":"page","link":"https:\/\/hidro-truck.com\/web\/trabajos\/tka-12-700-t-premium-gm-connection\/","title":{"rendered":"TKA 12.700 T Premium para G&#038;M Connection"},"content":{"rendered":"<p>La empresa de instalaci\u00f3n y mantenimiento de redes el\u00e9ctricas\u00a0<strong>G&amp;M Connection S.R.L.<\/strong>, arraigada en el partido de San Mart\u00edn, provincia de Buenos Aires, retir\u00f3 de los talleres de\u00a0<strong>Hidro-Truck<\/strong>\u00a0su flamante\u00a0<strong>Hidrogr\u00faa TKA modelo 12.700 Premium\u00a0<\/strong>con patr\u00f3n de cierre Americano y configuraci\u00f3n 3H 2M.<\/p>\n<p><img decoding=\"async\" loading=\"lazy\" class=\"alignnone size-large wp-image-1840\" src=\"https:\/\/hidro-truck.com\/web\/wp-content\/uploads\/2022\/05\/WhatsApp-Image-2021-12-01-at-8.57.30-AM-1-576x1024-576x1024.jpeg\" alt=\"WhatsApp-Image-2021-12-01-at-8.57.30-AM-1-576x1024\" width=\"550\" height=\"978\" srcset=\"https:\/\/hidro-truck.com\/web\/wp-content\/uploads\/2022\/05\/WhatsApp-Image-2021-12-01-at-8.57.30-AM-1-576x1024.jpeg 576w, https:\/\/hidro-truck.com\/web\/wp-content\/uploads\/2022\/05\/WhatsApp-Image-2021-12-01-at-8.57.30-AM-1-576x1024-169x300.jpeg 169w\" sizes=\"(max-width: 550px) 100vw, 550px\" \/><\/p>\n<p>La Hidrogr\u00faa de formato Trave fue montada en un cami\u00f3n Iveco Tector 170e28 junto a una\u00a0<strong>carrocer\u00eda met\u00e1lica fija<\/strong>\u00a0que, a su vez, posee una\u00a0<strong>horquilla Portapostes<\/strong>.<\/p>\n<p>Tanto la gesti\u00f3n comercial de la venta como la instalaci\u00f3n corri\u00f3 por cuenta de Hidro-Truck, representante oficial de TKA para la regi\u00f3n del AMBA.<\/p>\n<!-- AddThis Advanced Settings generic via filter on the_content --><!-- AddThis Share Buttons generic via filter on the_content -->","protected":false},"excerpt":{"rendered":"<p>La empresa de instalaci\u00f3n y mantenimiento de redes el\u00e9ctricas\u00a0G&amp;M Connection S.R.L., arraigada en el partido de San Mart\u00edn, provincia de Buenos Aires, retir\u00f3 de los talleres de\u00a0Hidro-Truck\u00a0su flamante\u00a0Hidrogr\u00faa TKA modelo 12.700 Premium\u00a0con patr\u00f3n de cierre Americano y configuraci\u00f3n 3H 2M. La Hidrogr\u00faa de formato Trave fue montada en un cami\u00f3n Iveco Tector 170e28 junto a<!-- AddThis Advanced Settings generic via filter on get_the_excerpt --><!-- AddThis Share Buttons generic via filter on get_the_excerpt --><\/p>\n","protected":false},"author":1,"featured_media":1839,"parent":23,"menu_order":0,"comment_status":"closed","ping_status":"closed","template":"","meta":[],"yoast_head":"<!-- This site is optimized with the Yoast SEO plugin v21.0 - https:\/\/yoast.com\/wordpress\/plugins\/seo\/ -->\n<title>TKA 12.700 T Premium para G&amp;M Connection - HidroTruck SRL<\/title>\n<meta name=\"robots\" content=\"index, follow, max-snippet:-1, max-image-preview:large, max-video-preview:-1\" \/>\n<link rel=\"canonical\" href=\"https:\/\/hidro-truck.com\/web\/trabajos\/tka-12-700-t-premium-gm-connection\/\" \/>\n<meta property=\"og:locale\" content=\"es_ES\" \/>\n<meta property=\"og:type\" content=\"article\" \/>\n<meta property=\"og:title\" content=\"TKA 12.700 T Premium para G&amp;M Connection - HidroTruck SRL\" \/>\n<meta property=\"og:description\" content=\"La empresa de instalaci\u00f3n y mantenimiento de redes el\u00e9ctricas\u00a0G&amp;M Connection S.R.L., arraigada en el partido de San Mart\u00edn, provincia de Buenos Aires, retir\u00f3 de los talleres de\u00a0Hidro-Truck\u00a0su flamante\u00a0Hidrogr\u00faa TKA modelo 12.700 Premium\u00a0con patr\u00f3n de cierre Americano y configuraci\u00f3n 3H 2M. La Hidrogr\u00faa de formato Trave fue montada en un cami\u00f3n Iveco Tector 170e28 junto a\" \/>\n<meta property=\"og:url\" content=\"https:\/\/hidro-truck.com\/web\/trabajos\/tka-12-700-t-premium-gm-connection\/\" \/>\n<meta property=\"og:site_name\" content=\"HidroTruck SRL\" \/>\n<meta property=\"og:image\" content=\"https:\/\/hidro-truck.com\/web\/wp-content\/uploads\/2022\/05\/WhatsApp-Image-2021-12-01-at-8.57.28-AM-1-1024x768.jpeg\" \/>\n\t<meta property=\"og:image:width\" content=\"1024\" \/>\n\t<meta property=\"og:image:height\" content=\"768\" \/>\n\t<meta property=\"og:image:type\" content=\"image\/jpeg\" \/>\n<meta name=\"twitter:card\" content=\"summary_large_image\" \/>\n<meta name=\"twitter:label1\" content=\"Tiempo de lectura\" \/>\n\t<meta name=\"twitter:data1\" content=\"1 minuto\" \/>\n<script type=\"application\/ld+json\" class=\"yoast-schema-graph\">{\"@context\":\"https:\/\/schema.org\",\"@graph\":[{\"@type\":\"WebPage\",\"@id\":\"https:\/\/hidro-truck.com\/web\/trabajos\/tka-12-700-t-premium-gm-connection\/\",\"url\":\"https:\/\/hidro-truck.com\/web\/trabajos\/tka-12-700-t-premium-gm-connection\/\",\"name\":\"TKA 12.700 T Premium para G&M Connection - HidroTruck SRL\",\"isPartOf\":{\"@id\":\"https:\/\/hidro-truck.com\/web\/#website\"},\"datePublished\":\"2022-05-16T16:43:53+00:00\",\"dateModified\":\"2022-05-16T16:43:53+00:00\",\"breadcrumb\":{\"@id\":\"https:\/\/hidro-truck.com\/web\/trabajos\/tka-12-700-t-premium-gm-connection\/#breadcrumb\"},\"inLanguage\":\"es\",\"potentialAction\":[{\"@type\":\"ReadAction\",\"target\":[\"https:\/\/hidro-truck.com\/web\/trabajos\/tka-12-700-t-premium-gm-connection\/\"]}]},{\"@type\":\"BreadcrumbList\",\"@id\":\"https:\/\/hidro-truck.com\/web\/trabajos\/tka-12-700-t-premium-gm-connection\/#breadcrumb\",\"itemListElement\":[{\"@type\":\"ListItem\",\"position\":1,\"name\":\"Portada\",\"item\":\"https:\/\/hidro-truck.com\/web\/\"},{\"@type\":\"ListItem\",\"position\":2,\"name\":\"Trabajos\",\"item\":\"https:\/\/hidro-truck.com\/web\/trabajos\/\"},{\"@type\":\"ListItem\",\"position\":3,\"name\":\"TKA 12.700 T Premium para G&#038;M Connection\"}]},{\"@type\":\"WebSite\",\"@id\":\"https:\/\/hidro-truck.com\/web\/#website\",\"url\":\"https:\/\/hidro-truck.com\/web\/\",\"name\":\"HidroTruck SRL\",\"description\":\"Venta de Hidrogruas TKA. Reparaci\u00f3n y mantenimiento\",\"potentialAction\":[{\"@type\":\"SearchAction\",\"target\":{\"@type\":\"EntryPoint\",\"urlTemplate\":\"https:\/\/hidro-truck.com\/web\/?s={search_term_string}\"},\"query-input\":\"required name=search_term_string\"}],\"inLanguage\":\"es\"}]}<\/script>\n<!-- \/ Yoast SEO plugin. -->","yoast_head_json":{"title":"TKA 12.700 T Premium para G&M Connection - HidroTruck SRL","robots":{"index":"index","follow":"follow","max-snippet":"max-snippet:-1","max-image-preview":"max-image-preview:large","max-video-preview":"max-video-preview:-1"},"canonical":"https:\/\/hidro-truck.com\/web\/trabajos\/tka-12-700-t-premium-gm-connection\/","og_locale":"es_ES","og_type":"article","og_title":"TKA 12.700 T Premium para G&M Connection - HidroTruck SRL","og_description":"La empresa de instalaci\u00f3n y mantenimiento de redes el\u00e9ctricas\u00a0G&amp;M Connection S.R.L., arraigada en el partido de San Mart\u00edn, provincia de Buenos Aires, retir\u00f3 de los talleres de\u00a0Hidro-Truck\u00a0su flamante\u00a0Hidrogr\u00faa TKA modelo 12.700 Premium\u00a0con patr\u00f3n de cierre Americano y configuraci\u00f3n 3H 2M. La Hidrogr\u00faa de formato Trave fue montada en un cami\u00f3n Iveco Tector 170e28 junto a","og_url":"https:\/\/hidro-truck.com\/web\/trabajos\/tka-12-700-t-premium-gm-connection\/","og_site_name":"HidroTruck SRL","og_image":[{"width":1024,"height":768,"url":"https:\/\/hidro-truck.com\/web\/wp-content\/uploads\/2022\/05\/WhatsApp-Image-2021-12-01-at-8.57.28-AM-1-1024x768.jpeg","type":"image\/jpeg"}],"twitter_card":"summary_large_image","twitter_misc":{"Tiempo de lectura":"1 minuto"},"schema":{"@context":"https:\/\/schema.org","@graph":[{"@type":"WebPage","@id":"https:\/\/hidro-truck.com\/web\/trabajos\/tka-12-700-t-premium-gm-connection\/","url":"https:\/\/hidro-truck.com\/web\/trabajos\/tka-12-700-t-premium-gm-connection\/","name":"TKA 12.700 T Premium para G&M Connection - HidroTruck SRL","isPartOf":{"@id":"https:\/\/hidro-truck.com\/web\/#website"},"datePublished":"2022-05-16T16:43:53+00:00","dateModified":"2022-05-16T16:43:53+00:00","breadcrumb":{"@id":"https:\/\/hidro-truck.com\/web\/trabajos\/tka-12-700-t-premium-gm-connection\/#breadcrumb"},"inLanguage":"es","potentialAction":[{"@type":"ReadAction","target":["https:\/\/hidro-truck.com\/web\/trabajos\/tka-12-700-t-premium-gm-connection\/"]}]},{"@type":"BreadcrumbList","@id":"https:\/\/hidro-truck.com\/web\/trabajos\/tka-12-700-t-premium-gm-connection\/#breadcrumb","itemListElement":[{"@type":"ListItem","position":1,"name":"Portada","item":"https:\/\/hidro-truck.com\/web\/"},{"@type":"ListItem","position":2,"name":"Trabajos","item":"https:\/\/hidro-truck.com\/web\/trabajos\/"},{"@type":"ListItem","position":3,"name":"TKA 12.700 T Premium para G&#038;M Connection"}]},{"@type":"WebSite","@id":"https:\/\/hidro-truck.com\/web\/#website","url":"https:\/\/hidro-truck.com\/web\/","name":"HidroTruck SRL","description":"Venta de Hidrogruas TKA. Reparaci\u00f3n y mantenimiento","potentialAction":[{"@type":"SearchAction","target":{"@type":"EntryPoint","urlTemplate":"https:\/\/hidro-truck.com\/web\/?s={search_term_string}"},"query-input":"required name=search_term_string"}],"inLanguage":"es"}]}},"_links":{"self":[{"href":"https:\/\/hidro-truck.com\/web\/wp-json\/wp\/v2\/pages\/1838"}],"collection":[{"href":"https:\/\/hidro-truck.com\/web\/wp-json\/wp\/v2\/pages"}],"about":[{"href":"https:\/\/hidro-truck.com\/web\/wp-json\/wp\/v2\/types\/page"}],"author":[{"embeddable":true,"href":"https:\/\/hidro-truck.com\/web\/wp-json\/wp\/v2\/users\/1"}],"replies":[{"embeddable":true,"href":"https:\/\/hidro-truck.com\/web\/wp-json\/wp\/v2\/comments?post=1838"}],"version-history":[{"count":2,"href":"https:\/\/hidro-truck.com\/web\/wp-json\/wp\/v2\/pages\/1838\/revisions"}],"predecessor-version":[{"id":1842,"href":"https:\/\/hidro-truck.com\/web\/wp-json\/wp\/v2\/pages\/1838\/revisions\/1842"}],"up":[{"embeddable":true,"href":"https:\/\/hidro-truck.com\/web\/wp-json\/wp\/v2\/pages\/23"}],"wp:featuredmedia":[{"embeddable":true,"href":"https:\/\/hidro-truck.com\/web\/wp-json\/wp\/v2\/media\/1839"}],"wp:attachment":[{"href":"https:\/\/hidro-truck.com\/web\/wp-json\/wp\/v2\/media?parent=1838"}],"curies":[{"name":"wp","href":"https:\/\/api.w.org\/{rel}","templated":true}]}}