{"id":1852,"date":"2022-06-17T20:10:29","date_gmt":"2022-06-17T20:10:29","guid":{"rendered":"https:\/\/hidro-truck.com\/web\/?page_id=1852"},"modified":"2022-06-17T20:10:29","modified_gmt":"2022-06-17T20:10:29","slug":"corralon-los-8-hermanos-zarate-prueba-tka","status":"publish","type":"page","link":"https:\/\/hidro-truck.com\/web\/trabajos\/corralon-los-8-hermanos-zarate-prueba-tka\/","title":{"rendered":"Corral\u00f3n Los 8 Hermanos de Z\u00e1rate prueba con TKA"},"content":{"rendered":"<p>El\u00a0<strong>Corral\u00f3n \u201cLos 8 Hermanos\u201d\u00a0<\/strong>de la localidad bonaerense de\u00a0<strong>Z\u00e1rate\u00a0<\/strong>incorpor\u00f3 por primera vez una\u00a0<strong>Hidrogr\u00faa TKA<\/strong>.<\/p>\n<p><img decoding=\"async\" loading=\"lazy\" class=\"size-large wp-image-1854 aligncenter\" src=\"https:\/\/hidro-truck.com\/web\/wp-content\/uploads\/2022\/06\/WhatsApp-Image-2022-02-17-at-13.27.45-1536x1152-1024x768.jpeg\" alt=\"WhatsApp-Image-2022-02-17-at-13.27.45-1536x1152\" width=\"550\" height=\"413\" srcset=\"https:\/\/hidro-truck.com\/web\/wp-content\/uploads\/2022\/06\/WhatsApp-Image-2022-02-17-at-13.27.45-1536x1152-1024x768.jpeg 1024w, https:\/\/hidro-truck.com\/web\/wp-content\/uploads\/2022\/06\/WhatsApp-Image-2022-02-17-at-13.27.45-1536x1152-300x225.jpeg 300w, https:\/\/hidro-truck.com\/web\/wp-content\/uploads\/2022\/06\/WhatsApp-Image-2022-02-17-at-13.27.45-1536x1152-768x576.jpeg 768w, https:\/\/hidro-truck.com\/web\/wp-content\/uploads\/2022\/06\/WhatsApp-Image-2022-02-17-at-13.27.45-1536x1152.jpeg 1536w\" sizes=\"(max-width: 550px) 100vw, 550px\" \/><\/p>\n<p>Modelo ideal para el trabajo en corralones, Los 8 Hermanos optaron por una\u00a0<strong>TKA 10.700\u00a0<\/strong>con patr\u00f3n de cierre europeo (Canivete) y configuraci\u00f3n 2H 1M, la cual fue instalada sobre un cami\u00f3n Ford Cargo 1722.<\/p>\n<p><img decoding=\"async\" loading=\"lazy\" class=\"wp-image-1855 size-large aligncenter\" src=\"https:\/\/hidro-truck.com\/web\/wp-content\/uploads\/2022\/06\/WhatsApp-Image-2022-02-17-at-13.27.48-1-1536x1152-1024x768.jpeg\" alt=\"WhatsApp-Image-2022-02-17-at-13.27.48-1-1536x1152\" width=\"550\" height=\"413\" srcset=\"https:\/\/hidro-truck.com\/web\/wp-content\/uploads\/2022\/06\/WhatsApp-Image-2022-02-17-at-13.27.48-1-1536x1152-1024x768.jpeg 1024w, https:\/\/hidro-truck.com\/web\/wp-content\/uploads\/2022\/06\/WhatsApp-Image-2022-02-17-at-13.27.48-1-1536x1152-300x225.jpeg 300w, https:\/\/hidro-truck.com\/web\/wp-content\/uploads\/2022\/06\/WhatsApp-Image-2022-02-17-at-13.27.48-1-1536x1152-768x576.jpeg 768w, https:\/\/hidro-truck.com\/web\/wp-content\/uploads\/2022\/06\/WhatsApp-Image-2022-02-17-at-13.27.48-1-1536x1152.jpeg 1536w\" sizes=\"(max-width: 550px) 100vw, 550px\" \/><\/p>\n<p>Tanto el montaje del equipo como la gesti\u00f3n comercial del negocio fue llevada a cabo por<strong>\u00a0Hidro-Truck<\/strong>, representante oficial de Hidrogr\u00faas TKA en CABA y Gran Buenos Aires.<\/p>\n<!-- AddThis Advanced Settings generic via filter on the_content --><!-- AddThis Share Buttons generic via filter on the_content -->","protected":false},"excerpt":{"rendered":"<p>El\u00a0Corral\u00f3n \u201cLos 8 Hermanos\u201d\u00a0de la localidad bonaerense de\u00a0Z\u00e1rate\u00a0incorpor\u00f3 por primera vez una\u00a0Hidrogr\u00faa TKA. Modelo ideal para el trabajo en corralones, Los 8 Hermanos optaron por una\u00a0TKA 10.700\u00a0con patr\u00f3n de cierre europeo (Canivete) y configuraci\u00f3n 2H 1M, la cual fue instalada sobre un cami\u00f3n Ford Cargo 1722. Tanto el montaje del equipo como la gesti\u00f3n comercial<!-- AddThis Advanced Settings generic via filter on get_the_excerpt --><!-- AddThis Share Buttons generic via filter on get_the_excerpt --><\/p>\n","protected":false},"author":1,"featured_media":1853,"parent":23,"menu_order":0,"comment_status":"closed","ping_status":"closed","template":"","meta":[],"yoast_head":"<!-- This site is optimized with the Yoast SEO plugin v21.0 - https:\/\/yoast.com\/wordpress\/plugins\/seo\/ -->\n<title>Corral\u00f3n Los 8 Hermanos de Z\u00e1rate prueba con TKA - HidroTruck SRL<\/title>\n<meta name=\"robots\" content=\"index, follow, max-snippet:-1, max-image-preview:large, max-video-preview:-1\" \/>\n<link rel=\"canonical\" href=\"https:\/\/hidro-truck.com\/web\/trabajos\/corralon-los-8-hermanos-zarate-prueba-tka\/\" \/>\n<meta property=\"og:locale\" content=\"es_ES\" \/>\n<meta property=\"og:type\" content=\"article\" \/>\n<meta property=\"og:title\" content=\"Corral\u00f3n Los 8 Hermanos de Z\u00e1rate prueba con TKA - HidroTruck SRL\" \/>\n<meta property=\"og:description\" content=\"El\u00a0Corral\u00f3n \u201cLos 8 Hermanos\u201d\u00a0de la localidad bonaerense de\u00a0Z\u00e1rate\u00a0incorpor\u00f3 por primera vez una\u00a0Hidrogr\u00faa TKA. Modelo ideal para el trabajo en corralones, Los 8 Hermanos optaron por una\u00a0TKA 10.700\u00a0con patr\u00f3n de cierre europeo (Canivete) y configuraci\u00f3n 2H 1M, la cual fue instalada sobre un cami\u00f3n Ford Cargo 1722. Tanto el montaje del equipo como la gesti\u00f3n comercial\" \/>\n<meta property=\"og:url\" content=\"https:\/\/hidro-truck.com\/web\/trabajos\/corralon-los-8-hermanos-zarate-prueba-tka\/\" \/>\n<meta property=\"og:site_name\" content=\"HidroTruck SRL\" \/>\n<meta property=\"og:image\" content=\"https:\/\/hidro-truck.com\/web\/wp-content\/uploads\/2022\/06\/WhatsApp-Image-2022-02-17-at-13.27.47-1170x600.jpeg\" \/>\n\t<meta property=\"og:image:width\" content=\"1170\" \/>\n\t<meta property=\"og:image:height\" content=\"600\" \/>\n\t<meta property=\"og:image:type\" content=\"image\/jpeg\" \/>\n<meta name=\"twitter:card\" content=\"summary_large_image\" \/>\n<script type=\"application\/ld+json\" class=\"yoast-schema-graph\">{\"@context\":\"https:\/\/schema.org\",\"@graph\":[{\"@type\":\"WebPage\",\"@id\":\"https:\/\/hidro-truck.com\/web\/trabajos\/corralon-los-8-hermanos-zarate-prueba-tka\/\",\"url\":\"https:\/\/hidro-truck.com\/web\/trabajos\/corralon-los-8-hermanos-zarate-prueba-tka\/\",\"name\":\"Corral\u00f3n Los 8 Hermanos de Z\u00e1rate prueba con TKA - HidroTruck SRL\",\"isPartOf\":{\"@id\":\"https:\/\/hidro-truck.com\/web\/#website\"},\"datePublished\":\"2022-06-17T20:10:29+00:00\",\"dateModified\":\"2022-06-17T20:10:29+00:00\",\"breadcrumb\":{\"@id\":\"https:\/\/hidro-truck.com\/web\/trabajos\/corralon-los-8-hermanos-zarate-prueba-tka\/#breadcrumb\"},\"inLanguage\":\"es\",\"potentialAction\":[{\"@type\":\"ReadAction\",\"target\":[\"https:\/\/hidro-truck.com\/web\/trabajos\/corralon-los-8-hermanos-zarate-prueba-tka\/\"]}]},{\"@type\":\"BreadcrumbList\",\"@id\":\"https:\/\/hidro-truck.com\/web\/trabajos\/corralon-los-8-hermanos-zarate-prueba-tka\/#breadcrumb\",\"itemListElement\":[{\"@type\":\"ListItem\",\"position\":1,\"name\":\"Portada\",\"item\":\"https:\/\/hidro-truck.com\/web\/\"},{\"@type\":\"ListItem\",\"position\":2,\"name\":\"Trabajos\",\"item\":\"https:\/\/hidro-truck.com\/web\/trabajos\/\"},{\"@type\":\"ListItem\",\"position\":3,\"name\":\"Corral\u00f3n Los 8 Hermanos de Z\u00e1rate prueba con TKA\"}]},{\"@type\":\"WebSite\",\"@id\":\"https:\/\/hidro-truck.com\/web\/#website\",\"url\":\"https:\/\/hidro-truck.com\/web\/\",\"name\":\"HidroTruck SRL\",\"description\":\"Venta de Hidrogruas TKA. Reparaci\u00f3n y mantenimiento\",\"potentialAction\":[{\"@type\":\"SearchAction\",\"target\":{\"@type\":\"EntryPoint\",\"urlTemplate\":\"https:\/\/hidro-truck.com\/web\/?s={search_term_string}\"},\"query-input\":\"required name=search_term_string\"}],\"inLanguage\":\"es\"}]}<\/script>\n<!-- \/ Yoast SEO plugin. -->","yoast_head_json":{"title":"Corral\u00f3n Los 8 Hermanos de Z\u00e1rate prueba con TKA - HidroTruck SRL","robots":{"index":"index","follow":"follow","max-snippet":"max-snippet:-1","max-image-preview":"max-image-preview:large","max-video-preview":"max-video-preview:-1"},"canonical":"https:\/\/hidro-truck.com\/web\/trabajos\/corralon-los-8-hermanos-zarate-prueba-tka\/","og_locale":"es_ES","og_type":"article","og_title":"Corral\u00f3n Los 8 Hermanos de Z\u00e1rate prueba con TKA - HidroTruck SRL","og_description":"El\u00a0Corral\u00f3n \u201cLos 8 Hermanos\u201d\u00a0de la localidad bonaerense de\u00a0Z\u00e1rate\u00a0incorpor\u00f3 por primera vez una\u00a0Hidrogr\u00faa TKA. Modelo ideal para el trabajo en corralones, Los 8 Hermanos optaron por una\u00a0TKA 10.700\u00a0con patr\u00f3n de cierre europeo (Canivete) y configuraci\u00f3n 2H 1M, la cual fue instalada sobre un cami\u00f3n Ford Cargo 1722. Tanto el montaje del equipo como la gesti\u00f3n comercial","og_url":"https:\/\/hidro-truck.com\/web\/trabajos\/corralon-los-8-hermanos-zarate-prueba-tka\/","og_site_name":"HidroTruck SRL","og_image":[{"width":1170,"height":600,"url":"https:\/\/hidro-truck.com\/web\/wp-content\/uploads\/2022\/06\/WhatsApp-Image-2022-02-17-at-13.27.47-1170x600.jpeg","type":"image\/jpeg"}],"twitter_card":"summary_large_image","schema":{"@context":"https:\/\/schema.org","@graph":[{"@type":"WebPage","@id":"https:\/\/hidro-truck.com\/web\/trabajos\/corralon-los-8-hermanos-zarate-prueba-tka\/","url":"https:\/\/hidro-truck.com\/web\/trabajos\/corralon-los-8-hermanos-zarate-prueba-tka\/","name":"Corral\u00f3n Los 8 Hermanos de Z\u00e1rate prueba con TKA - HidroTruck SRL","isPartOf":{"@id":"https:\/\/hidro-truck.com\/web\/#website"},"datePublished":"2022-06-17T20:10:29+00:00","dateModified":"2022-06-17T20:10:29+00:00","breadcrumb":{"@id":"https:\/\/hidro-truck.com\/web\/trabajos\/corralon-los-8-hermanos-zarate-prueba-tka\/#breadcrumb"},"inLanguage":"es","potentialAction":[{"@type":"ReadAction","target":["https:\/\/hidro-truck.com\/web\/trabajos\/corralon-los-8-hermanos-zarate-prueba-tka\/"]}]},{"@type":"BreadcrumbList","@id":"https:\/\/hidro-truck.com\/web\/trabajos\/corralon-los-8-hermanos-zarate-prueba-tka\/#breadcrumb","itemListElement":[{"@type":"ListItem","position":1,"name":"Portada","item":"https:\/\/hidro-truck.com\/web\/"},{"@type":"ListItem","position":2,"name":"Trabajos","item":"https:\/\/hidro-truck.com\/web\/trabajos\/"},{"@type":"ListItem","position":3,"name":"Corral\u00f3n Los 8 Hermanos de Z\u00e1rate prueba con TKA"}]},{"@type":"WebSite","@id":"https:\/\/hidro-truck.com\/web\/#website","url":"https:\/\/hidro-truck.com\/web\/","name":"HidroTruck SRL","description":"Venta de Hidrogruas TKA. Reparaci\u00f3n y mantenimiento","potentialAction":[{"@type":"SearchAction","target":{"@type":"EntryPoint","urlTemplate":"https:\/\/hidro-truck.com\/web\/?s={search_term_string}"},"query-input":"required name=search_term_string"}],"inLanguage":"es"}]}},"_links":{"self":[{"href":"https:\/\/hidro-truck.com\/web\/wp-json\/wp\/v2\/pages\/1852"}],"collection":[{"href":"https:\/\/hidro-truck.com\/web\/wp-json\/wp\/v2\/pages"}],"about":[{"href":"https:\/\/hidro-truck.com\/web\/wp-json\/wp\/v2\/types\/page"}],"author":[{"embeddable":true,"href":"https:\/\/hidro-truck.com\/web\/wp-json\/wp\/v2\/users\/1"}],"replies":[{"embeddable":true,"href":"https:\/\/hidro-truck.com\/web\/wp-json\/wp\/v2\/comments?post=1852"}],"version-history":[{"count":3,"href":"https:\/\/hidro-truck.com\/web\/wp-json\/wp\/v2\/pages\/1852\/revisions"}],"predecessor-version":[{"id":1858,"href":"https:\/\/hidro-truck.com\/web\/wp-json\/wp\/v2\/pages\/1852\/revisions\/1858"}],"up":[{"embeddable":true,"href":"https:\/\/hidro-truck.com\/web\/wp-json\/wp\/v2\/pages\/23"}],"wp:featuredmedia":[{"embeddable":true,"href":"https:\/\/hidro-truck.com\/web\/wp-json\/wp\/v2\/media\/1853"}],"wp:attachment":[{"href":"https:\/\/hidro-truck.com\/web\/wp-json\/wp\/v2\/media?parent=1852"}],"curies":[{"name":"wp","href":"https:\/\/api.w.org\/{rel}","templated":true}]}}