{"id":1860,"date":"2022-06-17T17:15:59","date_gmt":"2022-06-17T17:15:59","guid":{"rendered":"https:\/\/hidro-truck.com\/web\/?page_id=1860"},"modified":"2022-06-17T20:17:03","modified_gmt":"2022-06-17T20:17:03","slug":"cooperativa-electrica-25-mayo-ya-opera-tka-20-700-t","status":"publish","type":"page","link":"https:\/\/hidro-truck.com\/web\/trabajos\/cooperativa-electrica-25-mayo-ya-opera-tka-20-700-t\/","title":{"rendered":"Cooperativa El\u00e9ctrica de 25 de Mayo ya opera su TKA 20.700 T"},"content":{"rendered":"<p>Una nueva Cooperativa El\u00e9ctrica se suma al listado de usuarios de la marca TKA. En este caso, la\u00a0<strong>Cooperativa El\u00e9ctrica de Servicios y Obras P\u00fablicas de 25 de Mayo Ltda.\u00a0<\/strong>adquiri\u00f3 una\u00a0<strong>Hidrogr\u00faa TKA modelo 20.700 Premium Full\u00a0<\/strong>con patr\u00f3n de cierre americano y en su m\u00e1xima configuraci\u00f3n 4H 3M.<\/p>\n<p><img decoding=\"async\" loading=\"lazy\" class=\"alignnone size-large wp-image-1862\" src=\"https:\/\/hidro-truck.com\/web\/wp-content\/uploads\/2022\/06\/WhatsApp-Image-2022-03-11-at-08.38.32-768x1024.jpeg\" alt=\"WhatsApp-Image-2022-03-11-at-08.38.32\" width=\"550\" height=\"733\" srcset=\"https:\/\/hidro-truck.com\/web\/wp-content\/uploads\/2022\/06\/WhatsApp-Image-2022-03-11-at-08.38.32.jpeg 768w, https:\/\/hidro-truck.com\/web\/wp-content\/uploads\/2022\/06\/WhatsApp-Image-2022-03-11-at-08.38.32-225x300.jpeg 225w\" sizes=\"(max-width: 550px) 100vw, 550px\" \/><\/p>\n<p>El equipo fue instalado en un cami\u00f3n Mercedes Benz Atego 1721 en los talleres de\u00a0<strong>Hidro-Truck<\/strong>, representante oficial de TKA en CABA y Gran Buenos Aires y quienes tambi\u00e9n desarrollaron la gesti\u00f3n comercial del negocio con la Cooperativa.<\/p>\n<p><img decoding=\"async\" loading=\"lazy\" class=\"alignnone size-large wp-image-1863\" src=\"https:\/\/hidro-truck.com\/web\/wp-content\/uploads\/2022\/06\/WhatsApp-Image-2022-03-11-at-08.38.36-768x1024.jpeg\" alt=\"WhatsApp-Image-2022-03-11-at-08.38.36\" width=\"550\" height=\"733\" srcset=\"https:\/\/hidro-truck.com\/web\/wp-content\/uploads\/2022\/06\/WhatsApp-Image-2022-03-11-at-08.38.36.jpeg 768w, https:\/\/hidro-truck.com\/web\/wp-content\/uploads\/2022\/06\/WhatsApp-Image-2022-03-11-at-08.38.36-225x300.jpeg 225w\" sizes=\"(max-width: 550px) 100vw, 550px\" \/><\/p>\n<p>A su vez, la hidrogr\u00faa fue complementada con una\u00a0<strong>Barquilla Doble<\/strong>\u00a0para realizar trabajos de operarios en altura.<\/p>\n<p>El equipo 20.700 T Premium es ideal para el trabajo de cooperativas el\u00e9ctricas por su alcance, robustez y versatilidad operativa.<\/p>\n<!-- AddThis Advanced Settings generic via filter on the_content --><!-- AddThis Share Buttons generic via filter on the_content -->","protected":false},"excerpt":{"rendered":"<p>Una nueva Cooperativa El\u00e9ctrica se suma al listado de usuarios de la marca TKA. En este caso, la\u00a0Cooperativa El\u00e9ctrica de Servicios y Obras P\u00fablicas de 25 de Mayo Ltda.\u00a0adquiri\u00f3 una\u00a0Hidrogr\u00faa TKA modelo 20.700 Premium Full\u00a0con patr\u00f3n de cierre americano y en su m\u00e1xima configuraci\u00f3n 4H 3M. El equipo fue instalado en un cami\u00f3n Mercedes Benz<!-- AddThis Advanced Settings generic via filter on get_the_excerpt --><!-- AddThis Share Buttons generic via filter on get_the_excerpt --><\/p>\n","protected":false},"author":1,"featured_media":1861,"parent":23,"menu_order":0,"comment_status":"closed","ping_status":"closed","template":"","meta":[],"yoast_head":"<!-- This site is optimized with the Yoast SEO plugin v21.0 - https:\/\/yoast.com\/wordpress\/plugins\/seo\/ -->\n<title>Cooperativa El\u00e9ctrica de 25 de Mayo ya opera su TKA 20.700 T - HidroTruck SRL<\/title>\n<meta name=\"robots\" content=\"index, follow, max-snippet:-1, max-image-preview:large, max-video-preview:-1\" \/>\n<link rel=\"canonical\" href=\"https:\/\/hidro-truck.com\/web\/trabajos\/cooperativa-electrica-25-mayo-ya-opera-tka-20-700-t\/\" \/>\n<meta property=\"og:locale\" content=\"es_ES\" \/>\n<meta property=\"og:type\" content=\"article\" \/>\n<meta property=\"og:title\" content=\"Cooperativa El\u00e9ctrica de 25 de Mayo ya opera su TKA 20.700 T - HidroTruck SRL\" \/>\n<meta property=\"og:description\" content=\"Una nueva Cooperativa El\u00e9ctrica se suma al listado de usuarios de la marca TKA. En este caso, la\u00a0Cooperativa El\u00e9ctrica de Servicios y Obras P\u00fablicas de 25 de Mayo Ltda.\u00a0adquiri\u00f3 una\u00a0Hidrogr\u00faa TKA modelo 20.700 Premium Full\u00a0con patr\u00f3n de cierre americano y en su m\u00e1xima configuraci\u00f3n 4H 3M. El equipo fue instalado en un cami\u00f3n Mercedes Benz\" \/>\n<meta property=\"og:url\" content=\"https:\/\/hidro-truck.com\/web\/trabajos\/cooperativa-electrica-25-mayo-ya-opera-tka-20-700-t\/\" \/>\n<meta property=\"og:site_name\" content=\"HidroTruck SRL\" \/>\n<meta property=\"article:modified_time\" content=\"2022-06-17T20:17:03+00:00\" \/>\n<meta property=\"og:image\" content=\"https:\/\/hidro-truck.com\/web\/wp-content\/uploads\/2022\/06\/WhatsApp-Image-2022-03-11-at-08.38.35-1024x600.jpeg\" \/>\n\t<meta property=\"og:image:width\" content=\"1024\" \/>\n\t<meta property=\"og:image:height\" content=\"600\" \/>\n\t<meta property=\"og:image:type\" content=\"image\/jpeg\" \/>\n<meta name=\"twitter:card\" content=\"summary_large_image\" \/>\n<meta name=\"twitter:label1\" content=\"Tiempo de lectura\" \/>\n\t<meta name=\"twitter:data1\" content=\"1 minuto\" \/>\n<script type=\"application\/ld+json\" class=\"yoast-schema-graph\">{\"@context\":\"https:\/\/schema.org\",\"@graph\":[{\"@type\":\"WebPage\",\"@id\":\"https:\/\/hidro-truck.com\/web\/trabajos\/cooperativa-electrica-25-mayo-ya-opera-tka-20-700-t\/\",\"url\":\"https:\/\/hidro-truck.com\/web\/trabajos\/cooperativa-electrica-25-mayo-ya-opera-tka-20-700-t\/\",\"name\":\"Cooperativa El\u00e9ctrica de 25 de Mayo ya opera su TKA 20.700 T - HidroTruck SRL\",\"isPartOf\":{\"@id\":\"https:\/\/hidro-truck.com\/web\/#website\"},\"datePublished\":\"2022-06-17T17:15:59+00:00\",\"dateModified\":\"2022-06-17T20:17:03+00:00\",\"breadcrumb\":{\"@id\":\"https:\/\/hidro-truck.com\/web\/trabajos\/cooperativa-electrica-25-mayo-ya-opera-tka-20-700-t\/#breadcrumb\"},\"inLanguage\":\"es\",\"potentialAction\":[{\"@type\":\"ReadAction\",\"target\":[\"https:\/\/hidro-truck.com\/web\/trabajos\/cooperativa-electrica-25-mayo-ya-opera-tka-20-700-t\/\"]}]},{\"@type\":\"BreadcrumbList\",\"@id\":\"https:\/\/hidro-truck.com\/web\/trabajos\/cooperativa-electrica-25-mayo-ya-opera-tka-20-700-t\/#breadcrumb\",\"itemListElement\":[{\"@type\":\"ListItem\",\"position\":1,\"name\":\"Portada\",\"item\":\"https:\/\/hidro-truck.com\/web\/\"},{\"@type\":\"ListItem\",\"position\":2,\"name\":\"Trabajos\",\"item\":\"https:\/\/hidro-truck.com\/web\/trabajos\/\"},{\"@type\":\"ListItem\",\"position\":3,\"name\":\"Cooperativa El\u00e9ctrica de 25 de Mayo ya opera su TKA 20.700 T\"}]},{\"@type\":\"WebSite\",\"@id\":\"https:\/\/hidro-truck.com\/web\/#website\",\"url\":\"https:\/\/hidro-truck.com\/web\/\",\"name\":\"HidroTruck SRL\",\"description\":\"Venta de Hidrogruas TKA. Reparaci\u00f3n y mantenimiento\",\"potentialAction\":[{\"@type\":\"SearchAction\",\"target\":{\"@type\":\"EntryPoint\",\"urlTemplate\":\"https:\/\/hidro-truck.com\/web\/?s={search_term_string}\"},\"query-input\":\"required name=search_term_string\"}],\"inLanguage\":\"es\"}]}<\/script>\n<!-- \/ Yoast SEO plugin. -->","yoast_head_json":{"title":"Cooperativa El\u00e9ctrica de 25 de Mayo ya opera su TKA 20.700 T - HidroTruck SRL","robots":{"index":"index","follow":"follow","max-snippet":"max-snippet:-1","max-image-preview":"max-image-preview:large","max-video-preview":"max-video-preview:-1"},"canonical":"https:\/\/hidro-truck.com\/web\/trabajos\/cooperativa-electrica-25-mayo-ya-opera-tka-20-700-t\/","og_locale":"es_ES","og_type":"article","og_title":"Cooperativa El\u00e9ctrica de 25 de Mayo ya opera su TKA 20.700 T - HidroTruck SRL","og_description":"Una nueva Cooperativa El\u00e9ctrica se suma al listado de usuarios de la marca TKA. En este caso, la\u00a0Cooperativa El\u00e9ctrica de Servicios y Obras P\u00fablicas de 25 de Mayo Ltda.\u00a0adquiri\u00f3 una\u00a0Hidrogr\u00faa TKA modelo 20.700 Premium Full\u00a0con patr\u00f3n de cierre americano y en su m\u00e1xima configuraci\u00f3n 4H 3M. El equipo fue instalado en un cami\u00f3n Mercedes Benz","og_url":"https:\/\/hidro-truck.com\/web\/trabajos\/cooperativa-electrica-25-mayo-ya-opera-tka-20-700-t\/","og_site_name":"HidroTruck SRL","article_modified_time":"2022-06-17T20:17:03+00:00","og_image":[{"width":1024,"height":600,"url":"https:\/\/hidro-truck.com\/web\/wp-content\/uploads\/2022\/06\/WhatsApp-Image-2022-03-11-at-08.38.35-1024x600.jpeg","type":"image\/jpeg"}],"twitter_card":"summary_large_image","twitter_misc":{"Tiempo de lectura":"1 minuto"},"schema":{"@context":"https:\/\/schema.org","@graph":[{"@type":"WebPage","@id":"https:\/\/hidro-truck.com\/web\/trabajos\/cooperativa-electrica-25-mayo-ya-opera-tka-20-700-t\/","url":"https:\/\/hidro-truck.com\/web\/trabajos\/cooperativa-electrica-25-mayo-ya-opera-tka-20-700-t\/","name":"Cooperativa El\u00e9ctrica de 25 de Mayo ya opera su TKA 20.700 T - HidroTruck SRL","isPartOf":{"@id":"https:\/\/hidro-truck.com\/web\/#website"},"datePublished":"2022-06-17T17:15:59+00:00","dateModified":"2022-06-17T20:17:03+00:00","breadcrumb":{"@id":"https:\/\/hidro-truck.com\/web\/trabajos\/cooperativa-electrica-25-mayo-ya-opera-tka-20-700-t\/#breadcrumb"},"inLanguage":"es","potentialAction":[{"@type":"ReadAction","target":["https:\/\/hidro-truck.com\/web\/trabajos\/cooperativa-electrica-25-mayo-ya-opera-tka-20-700-t\/"]}]},{"@type":"BreadcrumbList","@id":"https:\/\/hidro-truck.com\/web\/trabajos\/cooperativa-electrica-25-mayo-ya-opera-tka-20-700-t\/#breadcrumb","itemListElement":[{"@type":"ListItem","position":1,"name":"Portada","item":"https:\/\/hidro-truck.com\/web\/"},{"@type":"ListItem","position":2,"name":"Trabajos","item":"https:\/\/hidro-truck.com\/web\/trabajos\/"},{"@type":"ListItem","position":3,"name":"Cooperativa El\u00e9ctrica de 25 de Mayo ya opera su TKA 20.700 T"}]},{"@type":"WebSite","@id":"https:\/\/hidro-truck.com\/web\/#website","url":"https:\/\/hidro-truck.com\/web\/","name":"HidroTruck SRL","description":"Venta de Hidrogruas TKA. Reparaci\u00f3n y mantenimiento","potentialAction":[{"@type":"SearchAction","target":{"@type":"EntryPoint","urlTemplate":"https:\/\/hidro-truck.com\/web\/?s={search_term_string}"},"query-input":"required name=search_term_string"}],"inLanguage":"es"}]}},"_links":{"self":[{"href":"https:\/\/hidro-truck.com\/web\/wp-json\/wp\/v2\/pages\/1860"}],"collection":[{"href":"https:\/\/hidro-truck.com\/web\/wp-json\/wp\/v2\/pages"}],"about":[{"href":"https:\/\/hidro-truck.com\/web\/wp-json\/wp\/v2\/types\/page"}],"author":[{"embeddable":true,"href":"https:\/\/hidro-truck.com\/web\/wp-json\/wp\/v2\/users\/1"}],"replies":[{"embeddable":true,"href":"https:\/\/hidro-truck.com\/web\/wp-json\/wp\/v2\/comments?post=1860"}],"version-history":[{"count":1,"href":"https:\/\/hidro-truck.com\/web\/wp-json\/wp\/v2\/pages\/1860\/revisions"}],"predecessor-version":[{"id":1864,"href":"https:\/\/hidro-truck.com\/web\/wp-json\/wp\/v2\/pages\/1860\/revisions\/1864"}],"up":[{"embeddable":true,"href":"https:\/\/hidro-truck.com\/web\/wp-json\/wp\/v2\/pages\/23"}],"wp:featuredmedia":[{"embeddable":true,"href":"https:\/\/hidro-truck.com\/web\/wp-json\/wp\/v2\/media\/1861"}],"wp:attachment":[{"href":"https:\/\/hidro-truck.com\/web\/wp-json\/wp\/v2\/media?parent=1860"}],"curies":[{"name":"wp","href":"https:\/\/api.w.org\/{rel}","templated":true}]}}