{"id":1875,"date":"2022-07-25T19:01:44","date_gmt":"2022-07-25T19:01:44","guid":{"rendered":"https:\/\/hidro-truck.com\/web\/?page_id=1875"},"modified":"2022-07-25T19:01:44","modified_gmt":"2022-07-25T19:01:44","slug":"tka-8-700-t-premium-royal-pool-sas","status":"publish","type":"page","link":"https:\/\/hidro-truck.com\/web\/trabajos\/tka-8-700-t-premium-royal-pool-sas\/","title":{"rendered":"TKA 8.700 T Premium para Royal Pool SAS"},"content":{"rendered":"<p>La\u00a0<strong>Hidrogr\u00faa TKA modelo 8.700 Premium<\/strong>\u00a0con patr\u00f3n de cierre americano (Trave) y configuraci\u00f3n 3H 0M fue la seleccionada por\u00a0<strong>Royal Pool SAS<\/strong>\u00a0para sumar a su plantel de maquinarias destinadas a movimientos de carga pesada.<\/p>\n<p>Esta Hidrogr\u00faa posee un alcance horizontal de 8.2 metros y vertical de 11.8 metros.<\/p>\n<p><img decoding=\"async\" loading=\"lazy\" class=\"alignnone wp-image-1877 size-large\" src=\"https:\/\/hidro-truck.com\/web\/wp-content\/uploads\/2022\/07\/WhatsApp-Image-2022-04-14-at-1.06.40-PM-1024x768-1024x768.jpeg\" alt=\"WhatsApp-Image-2022-04-14-at-1.06.40-PM-1024x768\" width=\"550\" height=\"413\" srcset=\"https:\/\/hidro-truck.com\/web\/wp-content\/uploads\/2022\/07\/WhatsApp-Image-2022-04-14-at-1.06.40-PM-1024x768.jpeg 1024w, https:\/\/hidro-truck.com\/web\/wp-content\/uploads\/2022\/07\/WhatsApp-Image-2022-04-14-at-1.06.40-PM-1024x768-300x225.jpeg 300w, https:\/\/hidro-truck.com\/web\/wp-content\/uploads\/2022\/07\/WhatsApp-Image-2022-04-14-at-1.06.40-PM-1024x768-768x576.jpeg 768w\" sizes=\"(max-width: 550px) 100vw, 550px\" \/><\/p>\n<p>El equipo fue instalado sobre un cami\u00f3n Agrale A10000 en\u00a0nuestros talleres de\u00a0Loma Hermosa, partido de San Mart\u00edn, provincia de Buenos Aires.<\/p>\n<p>A su vez, Hidro-Truck SRL desarroll\u00f3 toda la gesti\u00f3n de venta, ya que somos representantes oficiales y exclusivos de TKA para la regi\u00f3n de CABA y Gran Buenos Aires (AMBA).-<\/p>\n<p>&nbsp;<\/p>\n<p>&nbsp;<\/p>\n<!-- AddThis Advanced Settings generic via filter on the_content --><!-- AddThis Share Buttons generic via filter on the_content -->","protected":false},"excerpt":{"rendered":"<p>La\u00a0Hidrogr\u00faa TKA modelo 8.700 Premium\u00a0con patr\u00f3n de cierre americano (Trave) y configuraci\u00f3n 3H 0M fue la seleccionada por\u00a0Royal Pool SAS\u00a0para sumar a su plantel de maquinarias destinadas a movimientos de carga pesada. Esta Hidrogr\u00faa posee un alcance horizontal de 8.2 metros y vertical de 11.8 metros. El equipo fue instalado sobre un cami\u00f3n Agrale A10000<!-- AddThis Advanced Settings generic via filter on get_the_excerpt --><!-- AddThis Share Buttons generic via filter on get_the_excerpt --><\/p>\n","protected":false},"author":1,"featured_media":1876,"parent":23,"menu_order":0,"comment_status":"closed","ping_status":"closed","template":"","meta":[],"yoast_head":"<!-- This site is optimized with the Yoast SEO plugin v21.0 - https:\/\/yoast.com\/wordpress\/plugins\/seo\/ -->\n<title>TKA 8.700 T Premium para Royal Pool SAS - HidroTruck SRL<\/title>\n<meta name=\"robots\" content=\"index, follow, max-snippet:-1, max-image-preview:large, max-video-preview:-1\" \/>\n<link rel=\"canonical\" href=\"https:\/\/hidro-truck.com\/web\/trabajos\/tka-8-700-t-premium-royal-pool-sas\/\" \/>\n<meta property=\"og:locale\" content=\"es_ES\" \/>\n<meta property=\"og:type\" content=\"article\" \/>\n<meta property=\"og:title\" content=\"TKA 8.700 T Premium para Royal Pool SAS - HidroTruck SRL\" \/>\n<meta property=\"og:description\" content=\"La\u00a0Hidrogr\u00faa TKA modelo 8.700 Premium\u00a0con patr\u00f3n de cierre americano (Trave) y configuraci\u00f3n 3H 0M fue la seleccionada por\u00a0Royal Pool SAS\u00a0para sumar a su plantel de maquinarias destinadas a movimientos de carga pesada. Esta Hidrogr\u00faa posee un alcance horizontal de 8.2 metros y vertical de 11.8 metros. El equipo fue instalado sobre un cami\u00f3n Agrale A10000\" \/>\n<meta property=\"og:url\" content=\"https:\/\/hidro-truck.com\/web\/trabajos\/tka-8-700-t-premium-royal-pool-sas\/\" \/>\n<meta property=\"og:site_name\" content=\"HidroTruck SRL\" \/>\n<meta property=\"og:image\" content=\"https:\/\/hidro-truck.com\/web\/wp-content\/uploads\/2022\/07\/WhatsApp-Image-2022-04-14-at-1.07.15-PM-1170x600.jpeg\" \/>\n\t<meta property=\"og:image:width\" content=\"1170\" \/>\n\t<meta property=\"og:image:height\" content=\"600\" \/>\n\t<meta property=\"og:image:type\" content=\"image\/jpeg\" \/>\n<meta name=\"twitter:card\" content=\"summary_large_image\" \/>\n<meta name=\"twitter:label1\" content=\"Tiempo de lectura\" \/>\n\t<meta name=\"twitter:data1\" content=\"1 minuto\" \/>\n<script type=\"application\/ld+json\" class=\"yoast-schema-graph\">{\"@context\":\"https:\/\/schema.org\",\"@graph\":[{\"@type\":\"WebPage\",\"@id\":\"https:\/\/hidro-truck.com\/web\/trabajos\/tka-8-700-t-premium-royal-pool-sas\/\",\"url\":\"https:\/\/hidro-truck.com\/web\/trabajos\/tka-8-700-t-premium-royal-pool-sas\/\",\"name\":\"TKA 8.700 T Premium para Royal Pool SAS - HidroTruck SRL\",\"isPartOf\":{\"@id\":\"https:\/\/hidro-truck.com\/web\/#website\"},\"datePublished\":\"2022-07-25T19:01:44+00:00\",\"dateModified\":\"2022-07-25T19:01:44+00:00\",\"breadcrumb\":{\"@id\":\"https:\/\/hidro-truck.com\/web\/trabajos\/tka-8-700-t-premium-royal-pool-sas\/#breadcrumb\"},\"inLanguage\":\"es\",\"potentialAction\":[{\"@type\":\"ReadAction\",\"target\":[\"https:\/\/hidro-truck.com\/web\/trabajos\/tka-8-700-t-premium-royal-pool-sas\/\"]}]},{\"@type\":\"BreadcrumbList\",\"@id\":\"https:\/\/hidro-truck.com\/web\/trabajos\/tka-8-700-t-premium-royal-pool-sas\/#breadcrumb\",\"itemListElement\":[{\"@type\":\"ListItem\",\"position\":1,\"name\":\"Portada\",\"item\":\"https:\/\/hidro-truck.com\/web\/\"},{\"@type\":\"ListItem\",\"position\":2,\"name\":\"Trabajos\",\"item\":\"https:\/\/hidro-truck.com\/web\/trabajos\/\"},{\"@type\":\"ListItem\",\"position\":3,\"name\":\"TKA 8.700 T Premium para Royal Pool SAS\"}]},{\"@type\":\"WebSite\",\"@id\":\"https:\/\/hidro-truck.com\/web\/#website\",\"url\":\"https:\/\/hidro-truck.com\/web\/\",\"name\":\"HidroTruck SRL\",\"description\":\"Venta de Hidrogruas TKA. Reparaci\u00f3n y mantenimiento\",\"potentialAction\":[{\"@type\":\"SearchAction\",\"target\":{\"@type\":\"EntryPoint\",\"urlTemplate\":\"https:\/\/hidro-truck.com\/web\/?s={search_term_string}\"},\"query-input\":\"required name=search_term_string\"}],\"inLanguage\":\"es\"}]}<\/script>\n<!-- \/ Yoast SEO plugin. -->","yoast_head_json":{"title":"TKA 8.700 T Premium para Royal Pool SAS - HidroTruck SRL","robots":{"index":"index","follow":"follow","max-snippet":"max-snippet:-1","max-image-preview":"max-image-preview:large","max-video-preview":"max-video-preview:-1"},"canonical":"https:\/\/hidro-truck.com\/web\/trabajos\/tka-8-700-t-premium-royal-pool-sas\/","og_locale":"es_ES","og_type":"article","og_title":"TKA 8.700 T Premium para Royal Pool SAS - HidroTruck SRL","og_description":"La\u00a0Hidrogr\u00faa TKA modelo 8.700 Premium\u00a0con patr\u00f3n de cierre americano (Trave) y configuraci\u00f3n 3H 0M fue la seleccionada por\u00a0Royal Pool SAS\u00a0para sumar a su plantel de maquinarias destinadas a movimientos de carga pesada. Esta Hidrogr\u00faa posee un alcance horizontal de 8.2 metros y vertical de 11.8 metros. El equipo fue instalado sobre un cami\u00f3n Agrale A10000","og_url":"https:\/\/hidro-truck.com\/web\/trabajos\/tka-8-700-t-premium-royal-pool-sas\/","og_site_name":"HidroTruck SRL","og_image":[{"width":1170,"height":600,"url":"https:\/\/hidro-truck.com\/web\/wp-content\/uploads\/2022\/07\/WhatsApp-Image-2022-04-14-at-1.07.15-PM-1170x600.jpeg","type":"image\/jpeg"}],"twitter_card":"summary_large_image","twitter_misc":{"Tiempo de lectura":"1 minuto"},"schema":{"@context":"https:\/\/schema.org","@graph":[{"@type":"WebPage","@id":"https:\/\/hidro-truck.com\/web\/trabajos\/tka-8-700-t-premium-royal-pool-sas\/","url":"https:\/\/hidro-truck.com\/web\/trabajos\/tka-8-700-t-premium-royal-pool-sas\/","name":"TKA 8.700 T Premium para Royal Pool SAS - HidroTruck SRL","isPartOf":{"@id":"https:\/\/hidro-truck.com\/web\/#website"},"datePublished":"2022-07-25T19:01:44+00:00","dateModified":"2022-07-25T19:01:44+00:00","breadcrumb":{"@id":"https:\/\/hidro-truck.com\/web\/trabajos\/tka-8-700-t-premium-royal-pool-sas\/#breadcrumb"},"inLanguage":"es","potentialAction":[{"@type":"ReadAction","target":["https:\/\/hidro-truck.com\/web\/trabajos\/tka-8-700-t-premium-royal-pool-sas\/"]}]},{"@type":"BreadcrumbList","@id":"https:\/\/hidro-truck.com\/web\/trabajos\/tka-8-700-t-premium-royal-pool-sas\/#breadcrumb","itemListElement":[{"@type":"ListItem","position":1,"name":"Portada","item":"https:\/\/hidro-truck.com\/web\/"},{"@type":"ListItem","position":2,"name":"Trabajos","item":"https:\/\/hidro-truck.com\/web\/trabajos\/"},{"@type":"ListItem","position":3,"name":"TKA 8.700 T Premium para Royal Pool SAS"}]},{"@type":"WebSite","@id":"https:\/\/hidro-truck.com\/web\/#website","url":"https:\/\/hidro-truck.com\/web\/","name":"HidroTruck SRL","description":"Venta de Hidrogruas TKA. Reparaci\u00f3n y mantenimiento","potentialAction":[{"@type":"SearchAction","target":{"@type":"EntryPoint","urlTemplate":"https:\/\/hidro-truck.com\/web\/?s={search_term_string}"},"query-input":"required name=search_term_string"}],"inLanguage":"es"}]}},"_links":{"self":[{"href":"https:\/\/hidro-truck.com\/web\/wp-json\/wp\/v2\/pages\/1875"}],"collection":[{"href":"https:\/\/hidro-truck.com\/web\/wp-json\/wp\/v2\/pages"}],"about":[{"href":"https:\/\/hidro-truck.com\/web\/wp-json\/wp\/v2\/types\/page"}],"author":[{"embeddable":true,"href":"https:\/\/hidro-truck.com\/web\/wp-json\/wp\/v2\/users\/1"}],"replies":[{"embeddable":true,"href":"https:\/\/hidro-truck.com\/web\/wp-json\/wp\/v2\/comments?post=1875"}],"version-history":[{"count":1,"href":"https:\/\/hidro-truck.com\/web\/wp-json\/wp\/v2\/pages\/1875\/revisions"}],"predecessor-version":[{"id":1878,"href":"https:\/\/hidro-truck.com\/web\/wp-json\/wp\/v2\/pages\/1875\/revisions\/1878"}],"up":[{"embeddable":true,"href":"https:\/\/hidro-truck.com\/web\/wp-json\/wp\/v2\/pages\/23"}],"wp:featuredmedia":[{"embeddable":true,"href":"https:\/\/hidro-truck.com\/web\/wp-json\/wp\/v2\/media\/1876"}],"wp:attachment":[{"href":"https:\/\/hidro-truck.com\/web\/wp-json\/wp\/v2\/media?parent=1875"}],"curies":[{"name":"wp","href":"https:\/\/api.w.org\/{rel}","templated":true}]}}