{"id":19,"date":"2016-08-01T03:59:30","date_gmt":"2016-08-01T03:59:30","guid":{"rendered":"http:\/\/hidro-truck.com\/web\/?page_id=19"},"modified":"2022-12-02T18:09:25","modified_gmt":"2022-12-02T18:09:25","slug":"empresa","status":"publish","type":"page","link":"https:\/\/hidro-truck.com\/web\/empresa\/","title":{"rendered":"Nosotros"},"content":{"rendered":"<p>Hidro-Truck SRL. En el a\u00f1o 1977 comenc\u00e9 mis primeros pasos en la hidr\u00e1ulica, trabajando en una empresa, (fabricante de hidroelevadores y gr\u00faas) como soldador, armador de circuitos hidr\u00e1ulicos, montador de equipos de gr\u00faas e hidroelevadores, etc.<\/p>\n<p>Como siempre fue mi espiritu de superaci\u00f3n y crecimiento me llev\u00f3 a capacitarme en la empresa Faster S.A. y su Asociaci\u00f3n Potencia Fluida, lo que me permiti\u00f3 ocupar el cargo de supervisor t\u00e9cnico.<\/p>\n<p>En el a\u00f1o 1980, gracias a la Asociaci\u00f3n puedo contactarme con la empresa mas importante de fabricaci\u00f3n de gr\u00faas e hidroelevadores del pa\u00eds, incorpor\u00e1ndome al servicio t\u00e9cnico en la provincia de Buenos Aires, y parte del sur del pa\u00eds. Dicha actividad estaba intercalada con el servicio de ventas de equipos.<\/p>\n<p>Desde el a\u00f1o 1983 contamos con nuestro taller de mantenimiento y montaje de gr\u00faas e hidroelevadores.<\/p>\n<p>A partir del a\u00f1o 2003 se consolida la empresa familiar y nace <strong>Hidro-Truck S.R.L.<\/strong>, con talleres propios y ampliando nuestro rubro en el \u00e1rea de la oleo hidr\u00e1ulica, llevando a cabo la construcci\u00f3n de la plataforma de lanzamiento, baldes almejas, plataformas de elevaci\u00f3n para camiones, porta pallets, centrales hidr\u00e1ulicas, malacates, hoyadoras, sistemas de final de carrera, etc.<\/p>\n<p>Siempre con el af\u00e1n de progresar y prestar un mejor servicio llegamos, como desde el primer d\u00eda, hasta hoy con el esp\u00edritu de trabajo, esfuerzo mancomunado, responsabilidad absoluta con llevar adelante un sistema de gesti\u00f3n de calidad, compromisos asumidos y respetando la palabra que se respalda con la trayectoria de toda una vida.<\/p>\n<p style=\"text-align: center;\"><strong><em>Nicol\u00e1s A. Brun Salvetti &#8211; Socio Gerente<\/em><\/strong><\/p>\n<!-- AddThis Advanced Settings generic via filter on the_content --><!-- AddThis Share Buttons generic via filter on the_content -->","protected":false},"excerpt":{"rendered":"<p>Hidro-Truck SRL. En el a\u00f1o 1977 comenc\u00e9 mis primeros pasos en la hidr\u00e1ulica, trabajando en una empresa, (fabricante de hidroelevadores y gr\u00faas) como soldador, armador de circuitos hidr\u00e1ulicos, montador de equipos de gr\u00faas e hidroelevadores, etc. Como siempre fue mi espiritu de superaci\u00f3n y crecimiento me llev\u00f3 a capacitarme en la empresa Faster S.A. y<!-- AddThis Advanced Settings generic via filter on get_the_excerpt --><!-- AddThis Share Buttons generic via filter on get_the_excerpt --><\/p>\n","protected":false},"author":1,"featured_media":132,"parent":0,"menu_order":0,"comment_status":"closed","ping_status":"closed","template":"","meta":[],"yoast_head":"<!-- This site is optimized with the Yoast SEO plugin v21.0 - https:\/\/yoast.com\/wordpress\/plugins\/seo\/ -->\n<title>Nosotros - HidroTruck SRL<\/title>\n<meta name=\"description\" content=\"Contamos con nuestro taller de mantenimiento y montaje de gr\u00faas e hidroelevadores. Servicio de oleo hidr\u00e1ulica.\" \/>\n<meta name=\"robots\" content=\"index, follow, max-snippet:-1, max-image-preview:large, max-video-preview:-1\" \/>\n<link rel=\"canonical\" href=\"https:\/\/hidro-truck.com\/web\/empresa\/\" \/>\n<meta property=\"og:locale\" content=\"es_ES\" \/>\n<meta property=\"og:type\" content=\"article\" \/>\n<meta property=\"og:title\" content=\"Nosotros - HidroTruck SRL\" \/>\n<meta property=\"og:description\" content=\"Contamos con nuestro taller de mantenimiento y montaje de gr\u00faas e hidroelevadores. Servicio de oleo hidr\u00e1ulica.\" \/>\n<meta property=\"og:url\" content=\"https:\/\/hidro-truck.com\/web\/empresa\/\" \/>\n<meta property=\"og:site_name\" content=\"HidroTruck SRL\" \/>\n<meta property=\"article:modified_time\" content=\"2022-12-02T18:09:25+00:00\" \/>\n<meta property=\"og:image\" content=\"https:\/\/hidro-truck.com\/web\/wp-content\/uploads\/2016\/08\/empresa.jpg\" \/>\n\t<meta property=\"og:image:width\" content=\"750\" \/>\n\t<meta property=\"og:image:height\" content=\"291\" \/>\n\t<meta property=\"og:image:type\" content=\"image\/jpeg\" \/>\n<meta name=\"twitter:card\" content=\"summary_large_image\" \/>\n<meta name=\"twitter:label1\" content=\"Tiempo de lectura\" \/>\n\t<meta name=\"twitter:data1\" content=\"2 minutos\" \/>\n<script type=\"application\/ld+json\" class=\"yoast-schema-graph\">{\"@context\":\"https:\/\/schema.org\",\"@graph\":[{\"@type\":\"WebPage\",\"@id\":\"https:\/\/hidro-truck.com\/web\/empresa\/\",\"url\":\"https:\/\/hidro-truck.com\/web\/empresa\/\",\"name\":\"Nosotros - HidroTruck SRL\",\"isPartOf\":{\"@id\":\"https:\/\/hidro-truck.com\/web\/#website\"},\"datePublished\":\"2016-08-01T03:59:30+00:00\",\"dateModified\":\"2022-12-02T18:09:25+00:00\",\"description\":\"Contamos con nuestro taller de mantenimiento y montaje de gr\u00faas e hidroelevadores. Servicio de oleo hidr\u00e1ulica.\",\"breadcrumb\":{\"@id\":\"https:\/\/hidro-truck.com\/web\/empresa\/#breadcrumb\"},\"inLanguage\":\"es\",\"potentialAction\":[{\"@type\":\"ReadAction\",\"target\":[\"https:\/\/hidro-truck.com\/web\/empresa\/\"]}]},{\"@type\":\"BreadcrumbList\",\"@id\":\"https:\/\/hidro-truck.com\/web\/empresa\/#breadcrumb\",\"itemListElement\":[{\"@type\":\"ListItem\",\"position\":1,\"name\":\"Portada\",\"item\":\"https:\/\/hidro-truck.com\/web\/\"},{\"@type\":\"ListItem\",\"position\":2,\"name\":\"Nosotros\"}]},{\"@type\":\"WebSite\",\"@id\":\"https:\/\/hidro-truck.com\/web\/#website\",\"url\":\"https:\/\/hidro-truck.com\/web\/\",\"name\":\"HidroTruck SRL\",\"description\":\"Venta de Hidrogruas TKA. Reparaci\u00f3n y mantenimiento\",\"potentialAction\":[{\"@type\":\"SearchAction\",\"target\":{\"@type\":\"EntryPoint\",\"urlTemplate\":\"https:\/\/hidro-truck.com\/web\/?s={search_term_string}\"},\"query-input\":\"required name=search_term_string\"}],\"inLanguage\":\"es\"}]}<\/script>\n<!-- \/ Yoast SEO plugin. -->","yoast_head_json":{"title":"Nosotros - HidroTruck SRL","description":"Contamos con nuestro taller de mantenimiento y montaje de gr\u00faas e hidroelevadores. Servicio de oleo hidr\u00e1ulica.","robots":{"index":"index","follow":"follow","max-snippet":"max-snippet:-1","max-image-preview":"max-image-preview:large","max-video-preview":"max-video-preview:-1"},"canonical":"https:\/\/hidro-truck.com\/web\/empresa\/","og_locale":"es_ES","og_type":"article","og_title":"Nosotros - HidroTruck SRL","og_description":"Contamos con nuestro taller de mantenimiento y montaje de gr\u00faas e hidroelevadores. Servicio de oleo hidr\u00e1ulica.","og_url":"https:\/\/hidro-truck.com\/web\/empresa\/","og_site_name":"HidroTruck SRL","article_modified_time":"2022-12-02T18:09:25+00:00","og_image":[{"width":750,"height":291,"url":"https:\/\/hidro-truck.com\/web\/wp-content\/uploads\/2016\/08\/empresa.jpg","type":"image\/jpeg"}],"twitter_card":"summary_large_image","twitter_misc":{"Tiempo de lectura":"2 minutos"},"schema":{"@context":"https:\/\/schema.org","@graph":[{"@type":"WebPage","@id":"https:\/\/hidro-truck.com\/web\/empresa\/","url":"https:\/\/hidro-truck.com\/web\/empresa\/","name":"Nosotros - HidroTruck SRL","isPartOf":{"@id":"https:\/\/hidro-truck.com\/web\/#website"},"datePublished":"2016-08-01T03:59:30+00:00","dateModified":"2022-12-02T18:09:25+00:00","description":"Contamos con nuestro taller de mantenimiento y montaje de gr\u00faas e hidroelevadores. Servicio de oleo hidr\u00e1ulica.","breadcrumb":{"@id":"https:\/\/hidro-truck.com\/web\/empresa\/#breadcrumb"},"inLanguage":"es","potentialAction":[{"@type":"ReadAction","target":["https:\/\/hidro-truck.com\/web\/empresa\/"]}]},{"@type":"BreadcrumbList","@id":"https:\/\/hidro-truck.com\/web\/empresa\/#breadcrumb","itemListElement":[{"@type":"ListItem","position":1,"name":"Portada","item":"https:\/\/hidro-truck.com\/web\/"},{"@type":"ListItem","position":2,"name":"Nosotros"}]},{"@type":"WebSite","@id":"https:\/\/hidro-truck.com\/web\/#website","url":"https:\/\/hidro-truck.com\/web\/","name":"HidroTruck SRL","description":"Venta de Hidrogruas TKA. Reparaci\u00f3n y mantenimiento","potentialAction":[{"@type":"SearchAction","target":{"@type":"EntryPoint","urlTemplate":"https:\/\/hidro-truck.com\/web\/?s={search_term_string}"},"query-input":"required name=search_term_string"}],"inLanguage":"es"}]}},"_links":{"self":[{"href":"https:\/\/hidro-truck.com\/web\/wp-json\/wp\/v2\/pages\/19"}],"collection":[{"href":"https:\/\/hidro-truck.com\/web\/wp-json\/wp\/v2\/pages"}],"about":[{"href":"https:\/\/hidro-truck.com\/web\/wp-json\/wp\/v2\/types\/page"}],"author":[{"embeddable":true,"href":"https:\/\/hidro-truck.com\/web\/wp-json\/wp\/v2\/users\/1"}],"replies":[{"embeddable":true,"href":"https:\/\/hidro-truck.com\/web\/wp-json\/wp\/v2\/comments?post=19"}],"version-history":[{"count":6,"href":"https:\/\/hidro-truck.com\/web\/wp-json\/wp\/v2\/pages\/19\/revisions"}],"predecessor-version":[{"id":864,"href":"https:\/\/hidro-truck.com\/web\/wp-json\/wp\/v2\/pages\/19\/revisions\/864"}],"wp:featuredmedia":[{"embeddable":true,"href":"https:\/\/hidro-truck.com\/web\/wp-json\/wp\/v2\/media\/132"}],"wp:attachment":[{"href":"https:\/\/hidro-truck.com\/web\/wp-json\/wp\/v2\/media?parent=19"}],"curies":[{"name":"wp","href":"https:\/\/api.w.org\/{rel}","templated":true}]}}