{"id":509,"date":"2016-11-04T01:30:41","date_gmt":"2016-11-04T01:30:41","guid":{"rendered":"http:\/\/hidro-truck.com\/web\/?page_id=509"},"modified":"2016-11-09T04:18:47","modified_gmt":"2016-11-09T04:18:47","slug":"unimog-montaje-grua-tka","status":"publish","type":"page","link":"https:\/\/hidro-truck.com\/web\/trabajos\/unimog-montaje-grua-tka\/","title":{"rendered":"Unimog con montaje de gr\u00faa TKA"},"content":{"rendered":"<p>Evoluci\u00f3n de los trabajos realizados en el Unimog con montaje de gr\u00faa TKA y caja de carga.<\/p>\n\n\t\t<style type=\"text\/css\">\n\t\t\t#gallery-1 {\n\t\t\t\tmargin: auto;\n\t\t\t}\n\t\t\t#gallery-1 .gallery-item {\n\t\t\t\tfloat: left;\n\t\t\t\tmargin-top: 10px;\n\t\t\t\ttext-align: center;\n\t\t\t\twidth: 33%;\n\t\t\t}\n\t\t\t#gallery-1 img {\n\t\t\t\tborder: 2px solid #cfcfcf;\n\t\t\t}\n\t\t\t#gallery-1 .gallery-caption {\n\t\t\t\tmargin-left: 0;\n\t\t\t}\n\t\t\t\/* see gallery_shortcode() in wp-includes\/media.php *\/\n\t\t<\/style>\n\t\t<div id='gallery-1' class='gallery galleryid-509 gallery-columns-3 gallery-size-medium'><dl class='gallery-item'>\n\t\t\t<dt class='gallery-icon portrait'>\n\t\t\t\t<a title=\"unimog-hidrotruck1\" href='https:\/\/hidro-truck.com\/web\/wp-content\/uploads\/2016\/11\/unimog-hidrotruck1.jpg'><img width=\"225\" height=\"300\" src=\"https:\/\/hidro-truck.com\/web\/wp-content\/uploads\/2016\/11\/unimog-hidrotruck1-225x300.jpg\" class=\"attachment-medium size-medium\" alt=\"\" decoding=\"async\" loading=\"lazy\" srcset=\"https:\/\/hidro-truck.com\/web\/wp-content\/uploads\/2016\/11\/unimog-hidrotruck1-225x300.jpg 225w, https:\/\/hidro-truck.com\/web\/wp-content\/uploads\/2016\/11\/unimog-hidrotruck1-768x1024.jpg 768w, https:\/\/hidro-truck.com\/web\/wp-content\/uploads\/2016\/11\/unimog-hidrotruck1.jpg 960w\" sizes=\"(max-width: 225px) 100vw, 225px\" \/><\/a>\n\t\t\t<\/dt><\/dl><dl class='gallery-item'>\n\t\t\t<dt class='gallery-icon portrait'>\n\t\t\t\t<a title=\"unimog-hidrotruck2\" href='https:\/\/hidro-truck.com\/web\/wp-content\/uploads\/2016\/11\/unimog-hidrotruck2.jpg'><img width=\"225\" height=\"300\" src=\"https:\/\/hidro-truck.com\/web\/wp-content\/uploads\/2016\/11\/unimog-hidrotruck2-225x300.jpg\" class=\"attachment-medium size-medium\" alt=\"\" decoding=\"async\" loading=\"lazy\" srcset=\"https:\/\/hidro-truck.com\/web\/wp-content\/uploads\/2016\/11\/unimog-hidrotruck2-225x300.jpg 225w, https:\/\/hidro-truck.com\/web\/wp-content\/uploads\/2016\/11\/unimog-hidrotruck2.jpg 750w\" sizes=\"(max-width: 225px) 100vw, 225px\" \/><\/a>\n\t\t\t<\/dt><\/dl><dl class='gallery-item'>\n\t\t\t<dt class='gallery-icon portrait'>\n\t\t\t\t<a title=\"unimog-hidrotruck3\" href='https:\/\/hidro-truck.com\/web\/wp-content\/uploads\/2016\/11\/unimog-hidrotruck3.jpg'><img width=\"225\" height=\"300\" src=\"https:\/\/hidro-truck.com\/web\/wp-content\/uploads\/2016\/11\/unimog-hidrotruck3-225x300.jpg\" class=\"attachment-medium size-medium\" alt=\"\" decoding=\"async\" loading=\"lazy\" srcset=\"https:\/\/hidro-truck.com\/web\/wp-content\/uploads\/2016\/11\/unimog-hidrotruck3-225x300.jpg 225w, https:\/\/hidro-truck.com\/web\/wp-content\/uploads\/2016\/11\/unimog-hidrotruck3.jpg 449w\" sizes=\"(max-width: 225px) 100vw, 225px\" \/><\/a>\n\t\t\t<\/dt><\/dl><br style=\"clear: both\" \/><dl class='gallery-item'>\n\t\t\t<dt class='gallery-icon landscape'>\n\t\t\t\t<a title=\"unimog-hidrotruck4\" href='https:\/\/hidro-truck.com\/web\/wp-content\/uploads\/2016\/11\/unimog-hidrotruck4.jpg'><img width=\"300\" height=\"225\" src=\"https:\/\/hidro-truck.com\/web\/wp-content\/uploads\/2016\/11\/unimog-hidrotruck4-300x225.jpg\" class=\"attachment-medium size-medium\" alt=\"\" decoding=\"async\" loading=\"lazy\" srcset=\"https:\/\/hidro-truck.com\/web\/wp-content\/uploads\/2016\/11\/unimog-hidrotruck4-300x225.jpg 300w, https:\/\/hidro-truck.com\/web\/wp-content\/uploads\/2016\/11\/unimog-hidrotruck4-768x576.jpg 768w, https:\/\/hidro-truck.com\/web\/wp-content\/uploads\/2016\/11\/unimog-hidrotruck4-1024x768.jpg 1024w, https:\/\/hidro-truck.com\/web\/wp-content\/uploads\/2016\/11\/unimog-hidrotruck4.jpg 1280w\" sizes=\"(max-width: 300px) 100vw, 300px\" \/><\/a>\n\t\t\t<\/dt><\/dl><dl class='gallery-item'>\n\t\t\t<dt class='gallery-icon landscape'>\n\t\t\t\t<a title=\"unimog-hidrotruck5\" href='https:\/\/hidro-truck.com\/web\/wp-content\/uploads\/2016\/11\/unimog-hidrotruck5.jpg'><img width=\"300\" height=\"225\" src=\"https:\/\/hidro-truck.com\/web\/wp-content\/uploads\/2016\/11\/unimog-hidrotruck5-300x225.jpg\" class=\"attachment-medium size-medium\" alt=\"\" decoding=\"async\" loading=\"lazy\" srcset=\"https:\/\/hidro-truck.com\/web\/wp-content\/uploads\/2016\/11\/unimog-hidrotruck5-300x225.jpg 300w, https:\/\/hidro-truck.com\/web\/wp-content\/uploads\/2016\/11\/unimog-hidrotruck5-768x576.jpg 768w, https:\/\/hidro-truck.com\/web\/wp-content\/uploads\/2016\/11\/unimog-hidrotruck5-1024x768.jpg 1024w, https:\/\/hidro-truck.com\/web\/wp-content\/uploads\/2016\/11\/unimog-hidrotruck5.jpg 1280w\" sizes=\"(max-width: 300px) 100vw, 300px\" \/><\/a>\n\t\t\t<\/dt><\/dl><dl class='gallery-item'>\n\t\t\t<dt class='gallery-icon landscape'>\n\t\t\t\t<a title=\"unimog-hidrotruck6\" href='https:\/\/hidro-truck.com\/web\/wp-content\/uploads\/2016\/11\/unimog-hidrotruck6.jpg'><img width=\"300\" height=\"225\" src=\"https:\/\/hidro-truck.com\/web\/wp-content\/uploads\/2016\/11\/unimog-hidrotruck6-300x225.jpg\" class=\"attachment-medium size-medium\" alt=\"\" decoding=\"async\" loading=\"lazy\" srcset=\"https:\/\/hidro-truck.com\/web\/wp-content\/uploads\/2016\/11\/unimog-hidrotruck6-300x225.jpg 300w, https:\/\/hidro-truck.com\/web\/wp-content\/uploads\/2016\/11\/unimog-hidrotruck6-768x576.jpg 768w, https:\/\/hidro-truck.com\/web\/wp-content\/uploads\/2016\/11\/unimog-hidrotruck6-1024x768.jpg 1024w, https:\/\/hidro-truck.com\/web\/wp-content\/uploads\/2016\/11\/unimog-hidrotruck6.jpg 1280w\" sizes=\"(max-width: 300px) 100vw, 300px\" \/><\/a>\n\t\t\t<\/dt><\/dl><br style=\"clear: both\" \/><dl class='gallery-item'>\n\t\t\t<dt class='gallery-icon landscape'>\n\t\t\t\t<a title=\"Unimog\" href='https:\/\/hidro-truck.com\/web\/wp-content\/uploads\/2016\/11\/unimog-hidrotruck7.jpg'><img width=\"300\" height=\"225\" src=\"https:\/\/hidro-truck.com\/web\/wp-content\/uploads\/2016\/11\/unimog-hidrotruck7-300x225.jpg\" class=\"attachment-medium size-medium\" alt=\"\" decoding=\"async\" loading=\"lazy\" srcset=\"https:\/\/hidro-truck.com\/web\/wp-content\/uploads\/2016\/11\/unimog-hidrotruck7-300x225.jpg 300w, https:\/\/hidro-truck.com\/web\/wp-content\/uploads\/2016\/11\/unimog-hidrotruck7-768x576.jpg 768w, https:\/\/hidro-truck.com\/web\/wp-content\/uploads\/2016\/11\/unimog-hidrotruck7-1024x768.jpg 1024w, https:\/\/hidro-truck.com\/web\/wp-content\/uploads\/2016\/11\/unimog-hidrotruck7.jpg 1280w\" sizes=\"(max-width: 300px) 100vw, 300px\" \/><\/a>\n\t\t\t<\/dt><\/dl><dl class='gallery-item'>\n\t\t\t<dt class='gallery-icon landscape'>\n\t\t\t\t<a title=\"unimog-hidrotruck8\" href='https:\/\/hidro-truck.com\/web\/wp-content\/uploads\/2016\/11\/unimog-hidrotruck8.jpg'><img width=\"300\" height=\"225\" src=\"https:\/\/hidro-truck.com\/web\/wp-content\/uploads\/2016\/11\/unimog-hidrotruck8-300x225.jpg\" class=\"attachment-medium size-medium\" alt=\"\" decoding=\"async\" loading=\"lazy\" srcset=\"https:\/\/hidro-truck.com\/web\/wp-content\/uploads\/2016\/11\/unimog-hidrotruck8-300x225.jpg 300w, https:\/\/hidro-truck.com\/web\/wp-content\/uploads\/2016\/11\/unimog-hidrotruck8-768x576.jpg 768w, https:\/\/hidro-truck.com\/web\/wp-content\/uploads\/2016\/11\/unimog-hidrotruck8-1024x768.jpg 1024w, https:\/\/hidro-truck.com\/web\/wp-content\/uploads\/2016\/11\/unimog-hidrotruck8.jpg 1280w\" sizes=\"(max-width: 300px) 100vw, 300px\" \/><\/a>\n\t\t\t<\/dt><\/dl><dl class='gallery-item'>\n\t\t\t<dt class='gallery-icon landscape'>\n\t\t\t\t<a title=\"unimog-hidrotruck9\" href='https:\/\/hidro-truck.com\/web\/wp-content\/uploads\/2016\/11\/unimog-hidrotruck9.jpg'><img width=\"300\" height=\"225\" src=\"https:\/\/hidro-truck.com\/web\/wp-content\/uploads\/2016\/11\/unimog-hidrotruck9-300x225.jpg\" class=\"attachment-medium size-medium\" alt=\"\" decoding=\"async\" loading=\"lazy\" srcset=\"https:\/\/hidro-truck.com\/web\/wp-content\/uploads\/2016\/11\/unimog-hidrotruck9-300x225.jpg 300w, https:\/\/hidro-truck.com\/web\/wp-content\/uploads\/2016\/11\/unimog-hidrotruck9-768x576.jpg 768w, https:\/\/hidro-truck.com\/web\/wp-content\/uploads\/2016\/11\/unimog-hidrotruck9-1024x768.jpg 1024w, https:\/\/hidro-truck.com\/web\/wp-content\/uploads\/2016\/11\/unimog-hidrotruck9.jpg 1280w\" sizes=\"(max-width: 300px) 100vw, 300px\" \/><\/a>\n\t\t\t<\/dt><\/dl><br style=\"clear: both\" \/><dl class='gallery-item'>\n\t\t\t<dt class='gallery-icon landscape'>\n\t\t\t\t<a title=\"unimog-hidrotruck10\" href='https:\/\/hidro-truck.com\/web\/wp-content\/uploads\/2016\/11\/unimog-hidrotruck10-1.jpg'><img width=\"300\" height=\"225\" src=\"https:\/\/hidro-truck.com\/web\/wp-content\/uploads\/2016\/11\/unimog-hidrotruck10-1-300x225.jpg\" class=\"attachment-medium size-medium\" alt=\"\" decoding=\"async\" loading=\"lazy\" srcset=\"https:\/\/hidro-truck.com\/web\/wp-content\/uploads\/2016\/11\/unimog-hidrotruck10-1-300x225.jpg 300w, https:\/\/hidro-truck.com\/web\/wp-content\/uploads\/2016\/11\/unimog-hidrotruck10-1-768x576.jpg 768w, https:\/\/hidro-truck.com\/web\/wp-content\/uploads\/2016\/11\/unimog-hidrotruck10-1-1024x768.jpg 1024w, https:\/\/hidro-truck.com\/web\/wp-content\/uploads\/2016\/11\/unimog-hidrotruck10-1.jpg 1280w\" sizes=\"(max-width: 300px) 100vw, 300px\" \/><\/a>\n\t\t\t<\/dt><\/dl><dl class='gallery-item'>\n\t\t\t<dt class='gallery-icon landscape'>\n\t\t\t\t<a title=\"unimog-hidrotruck12\" href='https:\/\/hidro-truck.com\/web\/wp-content\/uploads\/2016\/11\/unimog-hidrotruck12.jpg'><img width=\"300\" height=\"225\" src=\"https:\/\/hidro-truck.com\/web\/wp-content\/uploads\/2016\/11\/unimog-hidrotruck12-300x225.jpg\" class=\"attachment-medium size-medium\" alt=\"\" decoding=\"async\" loading=\"lazy\" srcset=\"https:\/\/hidro-truck.com\/web\/wp-content\/uploads\/2016\/11\/unimog-hidrotruck12-300x225.jpg 300w, https:\/\/hidro-truck.com\/web\/wp-content\/uploads\/2016\/11\/unimog-hidrotruck12-768x576.jpg 768w, https:\/\/hidro-truck.com\/web\/wp-content\/uploads\/2016\/11\/unimog-hidrotruck12-1024x768.jpg 1024w, https:\/\/hidro-truck.com\/web\/wp-content\/uploads\/2016\/11\/unimog-hidrotruck12.jpg 1280w\" sizes=\"(max-width: 300px) 100vw, 300px\" \/><\/a>\n\t\t\t<\/dt><\/dl><dl class='gallery-item'>\n\t\t\t<dt class='gallery-icon landscape'>\n\t\t\t\t<a title=\"unimog-hidrotruck14\" href='https:\/\/hidro-truck.com\/web\/wp-content\/uploads\/2016\/11\/unimog-hidrotruck14.jpg'><img width=\"300\" height=\"225\" src=\"https:\/\/hidro-truck.com\/web\/wp-content\/uploads\/2016\/11\/unimog-hidrotruck14-300x225.jpg\" class=\"attachment-medium size-medium\" alt=\"\" decoding=\"async\" loading=\"lazy\" srcset=\"https:\/\/hidro-truck.com\/web\/wp-content\/uploads\/2016\/11\/unimog-hidrotruck14-300x225.jpg 300w, https:\/\/hidro-truck.com\/web\/wp-content\/uploads\/2016\/11\/unimog-hidrotruck14-768x576.jpg 768w, https:\/\/hidro-truck.com\/web\/wp-content\/uploads\/2016\/11\/unimog-hidrotruck14-1024x768.jpg 1024w, https:\/\/hidro-truck.com\/web\/wp-content\/uploads\/2016\/11\/unimog-hidrotruck14.jpg 1280w\" sizes=\"(max-width: 300px) 100vw, 300px\" \/><\/a>\n\t\t\t<\/dt><\/dl><br style=\"clear: both\" \/><dl class='gallery-item'>\n\t\t\t<dt class='gallery-icon portrait'>\n\t\t\t\t<a title=\"unimog-hidrotruck11\" href='https:\/\/hidro-truck.com\/web\/wp-content\/uploads\/2016\/11\/unimog-hidrotruck11.jpg'><img width=\"225\" height=\"300\" src=\"https:\/\/hidro-truck.com\/web\/wp-content\/uploads\/2016\/11\/unimog-hidrotruck11-225x300.jpg\" class=\"attachment-medium size-medium\" alt=\"\" decoding=\"async\" loading=\"lazy\" srcset=\"https:\/\/hidro-truck.com\/web\/wp-content\/uploads\/2016\/11\/unimog-hidrotruck11-225x300.jpg 225w, https:\/\/hidro-truck.com\/web\/wp-content\/uploads\/2016\/11\/unimog-hidrotruck11-768x1024.jpg 768w, https:\/\/hidro-truck.com\/web\/wp-content\/uploads\/2016\/11\/unimog-hidrotruck11.jpg 960w\" sizes=\"(max-width: 225px) 100vw, 225px\" \/><\/a>\n\t\t\t<\/dt><\/dl><dl class='gallery-item'>\n\t\t\t<dt class='gallery-icon portrait'>\n\t\t\t\t<a title=\"unimog-hidrotruck13\" href='https:\/\/hidro-truck.com\/web\/wp-content\/uploads\/2016\/11\/unimog-hidrotruck13.jpg'><img width=\"225\" height=\"300\" src=\"https:\/\/hidro-truck.com\/web\/wp-content\/uploads\/2016\/11\/unimog-hidrotruck13-225x300.jpg\" class=\"attachment-medium size-medium\" alt=\"\" decoding=\"async\" loading=\"lazy\" srcset=\"https:\/\/hidro-truck.com\/web\/wp-content\/uploads\/2016\/11\/unimog-hidrotruck13-225x300.jpg 225w, https:\/\/hidro-truck.com\/web\/wp-content\/uploads\/2016\/11\/unimog-hidrotruck13-768x1024.jpg 768w, https:\/\/hidro-truck.com\/web\/wp-content\/uploads\/2016\/11\/unimog-hidrotruck13.jpg 960w\" sizes=\"(max-width: 225px) 100vw, 225px\" \/><\/a>\n\t\t\t<\/dt><\/dl><dl class='gallery-item'>\n\t\t\t<dt class='gallery-icon landscape'>\n\t\t\t\t<a title=\"unimog-hidrotruck15\" href='https:\/\/hidro-truck.com\/web\/wp-content\/uploads\/2016\/11\/unimog-hidrotruck15.jpg'><img width=\"300\" height=\"225\" src=\"https:\/\/hidro-truck.com\/web\/wp-content\/uploads\/2016\/11\/unimog-hidrotruck15-300x225.jpg\" class=\"attachment-medium size-medium\" alt=\"\" decoding=\"async\" loading=\"lazy\" srcset=\"https:\/\/hidro-truck.com\/web\/wp-content\/uploads\/2016\/11\/unimog-hidrotruck15-300x225.jpg 300w, https:\/\/hidro-truck.com\/web\/wp-content\/uploads\/2016\/11\/unimog-hidrotruck15-768x576.jpg 768w, https:\/\/hidro-truck.com\/web\/wp-content\/uploads\/2016\/11\/unimog-hidrotruck15-1024x768.jpg 1024w, https:\/\/hidro-truck.com\/web\/wp-content\/uploads\/2016\/11\/unimog-hidrotruck15.jpg 1280w\" sizes=\"(max-width: 300px) 100vw, 300px\" \/><\/a>\n\t\t\t<\/dt><\/dl><br style=\"clear: both\" \/>\n\t\t<\/div>\n\n<p>La gr\u00faa es una TKA 5700 3H. La Caja de carga es fabricaci\u00f3n Basculas Magris.\u00a0El Unimoges de la empresa Edenor SA.<\/p>\n<!-- AddThis Advanced Settings generic via filter on the_content --><!-- AddThis Share Buttons generic via filter on the_content -->","protected":false},"excerpt":{"rendered":"<p>Evoluci\u00f3n de los trabajos realizados en el Unimog con montaje de gr\u00faa TKA y caja de carga. La gr\u00faa es una TKA 5700 3H. La Caja de carga es fabricaci\u00f3n Basculas Magris.\u00a0El Unimoges de la empresa Edenor SA.<!-- AddThis Advanced Settings generic via filter on get_the_excerpt --><!-- AddThis Share Buttons generic via filter on get_the_excerpt --><\/p>\n","protected":false},"author":1,"featured_media":535,"parent":23,"menu_order":0,"comment_status":"closed","ping_status":"closed","template":"","meta":[],"yoast_head":"<!-- This site is optimized with the Yoast SEO plugin v21.0 - https:\/\/yoast.com\/wordpress\/plugins\/seo\/ -->\n<title>Unimog con montaje de gr\u00faa TKA - HidroTruck SRL<\/title>\n<meta name=\"robots\" content=\"index, follow, max-snippet:-1, max-image-preview:large, max-video-preview:-1\" \/>\n<link rel=\"canonical\" href=\"https:\/\/hidro-truck.com\/web\/trabajos\/unimog-montaje-grua-tka\/\" \/>\n<meta property=\"og:locale\" content=\"es_ES\" \/>\n<meta property=\"og:type\" content=\"article\" \/>\n<meta property=\"og:title\" content=\"Unimog con montaje de gr\u00faa TKA - HidroTruck SRL\" \/>\n<meta property=\"og:description\" content=\"Evoluci\u00f3n de los trabajos realizados en el Unimog con montaje de gr\u00faa TKA y caja de carga. La gr\u00faa es una TKA 5700 3H. La Caja de carga es fabricaci\u00f3n Basculas Magris.\u00a0El Unimoges de la empresa Edenor SA.\" \/>\n<meta property=\"og:url\" content=\"https:\/\/hidro-truck.com\/web\/trabajos\/unimog-montaje-grua-tka\/\" \/>\n<meta property=\"og:site_name\" content=\"HidroTruck SRL\" \/>\n<meta property=\"article:modified_time\" content=\"2016-11-09T04:18:47+00:00\" \/>\n<meta property=\"og:image\" content=\"https:\/\/hidro-truck.com\/web\/wp-content\/uploads\/2016\/11\/unimog-hidrotruck12.jpg\" \/>\n\t<meta property=\"og:image:width\" content=\"1280\" \/>\n\t<meta property=\"og:image:height\" content=\"960\" \/>\n\t<meta property=\"og:image:type\" content=\"image\/jpeg\" \/>\n<meta name=\"twitter:card\" content=\"summary_large_image\" \/>\n<script type=\"application\/ld+json\" class=\"yoast-schema-graph\">{\"@context\":\"https:\/\/schema.org\",\"@graph\":[{\"@type\":\"WebPage\",\"@id\":\"https:\/\/hidro-truck.com\/web\/trabajos\/unimog-montaje-grua-tka\/\",\"url\":\"https:\/\/hidro-truck.com\/web\/trabajos\/unimog-montaje-grua-tka\/\",\"name\":\"Unimog con montaje de gr\u00faa TKA - HidroTruck SRL\",\"isPartOf\":{\"@id\":\"https:\/\/hidro-truck.com\/web\/#website\"},\"datePublished\":\"2016-11-04T01:30:41+00:00\",\"dateModified\":\"2016-11-09T04:18:47+00:00\",\"breadcrumb\":{\"@id\":\"https:\/\/hidro-truck.com\/web\/trabajos\/unimog-montaje-grua-tka\/#breadcrumb\"},\"inLanguage\":\"es\",\"potentialAction\":[{\"@type\":\"ReadAction\",\"target\":[\"https:\/\/hidro-truck.com\/web\/trabajos\/unimog-montaje-grua-tka\/\"]}]},{\"@type\":\"BreadcrumbList\",\"@id\":\"https:\/\/hidro-truck.com\/web\/trabajos\/unimog-montaje-grua-tka\/#breadcrumb\",\"itemListElement\":[{\"@type\":\"ListItem\",\"position\":1,\"name\":\"Portada\",\"item\":\"https:\/\/hidro-truck.com\/web\/\"},{\"@type\":\"ListItem\",\"position\":2,\"name\":\"Trabajos\",\"item\":\"https:\/\/hidro-truck.com\/web\/trabajos\/\"},{\"@type\":\"ListItem\",\"position\":3,\"name\":\"Unimog con montaje de gr\u00faa TKA\"}]},{\"@type\":\"WebSite\",\"@id\":\"https:\/\/hidro-truck.com\/web\/#website\",\"url\":\"https:\/\/hidro-truck.com\/web\/\",\"name\":\"HidroTruck SRL\",\"description\":\"Venta de Hidrogruas TKA. Reparaci\u00f3n y mantenimiento\",\"potentialAction\":[{\"@type\":\"SearchAction\",\"target\":{\"@type\":\"EntryPoint\",\"urlTemplate\":\"https:\/\/hidro-truck.com\/web\/?s={search_term_string}\"},\"query-input\":\"required name=search_term_string\"}],\"inLanguage\":\"es\"}]}<\/script>\n<!-- \/ Yoast SEO plugin. -->","yoast_head_json":{"title":"Unimog con montaje de gr\u00faa TKA - HidroTruck SRL","robots":{"index":"index","follow":"follow","max-snippet":"max-snippet:-1","max-image-preview":"max-image-preview:large","max-video-preview":"max-video-preview:-1"},"canonical":"https:\/\/hidro-truck.com\/web\/trabajos\/unimog-montaje-grua-tka\/","og_locale":"es_ES","og_type":"article","og_title":"Unimog con montaje de gr\u00faa TKA - HidroTruck SRL","og_description":"Evoluci\u00f3n de los trabajos realizados en el Unimog con montaje de gr\u00faa TKA y caja de carga. La gr\u00faa es una TKA 5700 3H. La Caja de carga es fabricaci\u00f3n Basculas Magris.\u00a0El Unimoges de la empresa Edenor SA.","og_url":"https:\/\/hidro-truck.com\/web\/trabajos\/unimog-montaje-grua-tka\/","og_site_name":"HidroTruck SRL","article_modified_time":"2016-11-09T04:18:47+00:00","og_image":[{"width":1280,"height":960,"url":"https:\/\/hidro-truck.com\/web\/wp-content\/uploads\/2016\/11\/unimog-hidrotruck12.jpg","type":"image\/jpeg"}],"twitter_card":"summary_large_image","schema":{"@context":"https:\/\/schema.org","@graph":[{"@type":"WebPage","@id":"https:\/\/hidro-truck.com\/web\/trabajos\/unimog-montaje-grua-tka\/","url":"https:\/\/hidro-truck.com\/web\/trabajos\/unimog-montaje-grua-tka\/","name":"Unimog con montaje de gr\u00faa TKA - HidroTruck SRL","isPartOf":{"@id":"https:\/\/hidro-truck.com\/web\/#website"},"datePublished":"2016-11-04T01:30:41+00:00","dateModified":"2016-11-09T04:18:47+00:00","breadcrumb":{"@id":"https:\/\/hidro-truck.com\/web\/trabajos\/unimog-montaje-grua-tka\/#breadcrumb"},"inLanguage":"es","potentialAction":[{"@type":"ReadAction","target":["https:\/\/hidro-truck.com\/web\/trabajos\/unimog-montaje-grua-tka\/"]}]},{"@type":"BreadcrumbList","@id":"https:\/\/hidro-truck.com\/web\/trabajos\/unimog-montaje-grua-tka\/#breadcrumb","itemListElement":[{"@type":"ListItem","position":1,"name":"Portada","item":"https:\/\/hidro-truck.com\/web\/"},{"@type":"ListItem","position":2,"name":"Trabajos","item":"https:\/\/hidro-truck.com\/web\/trabajos\/"},{"@type":"ListItem","position":3,"name":"Unimog con montaje de gr\u00faa TKA"}]},{"@type":"WebSite","@id":"https:\/\/hidro-truck.com\/web\/#website","url":"https:\/\/hidro-truck.com\/web\/","name":"HidroTruck SRL","description":"Venta de Hidrogruas TKA. Reparaci\u00f3n y mantenimiento","potentialAction":[{"@type":"SearchAction","target":{"@type":"EntryPoint","urlTemplate":"https:\/\/hidro-truck.com\/web\/?s={search_term_string}"},"query-input":"required name=search_term_string"}],"inLanguage":"es"}]}},"_links":{"self":[{"href":"https:\/\/hidro-truck.com\/web\/wp-json\/wp\/v2\/pages\/509"}],"collection":[{"href":"https:\/\/hidro-truck.com\/web\/wp-json\/wp\/v2\/pages"}],"about":[{"href":"https:\/\/hidro-truck.com\/web\/wp-json\/wp\/v2\/types\/page"}],"author":[{"embeddable":true,"href":"https:\/\/hidro-truck.com\/web\/wp-json\/wp\/v2\/users\/1"}],"replies":[{"embeddable":true,"href":"https:\/\/hidro-truck.com\/web\/wp-json\/wp\/v2\/comments?post=509"}],"version-history":[{"count":3,"href":"https:\/\/hidro-truck.com\/web\/wp-json\/wp\/v2\/pages\/509\/revisions"}],"predecessor-version":[{"id":540,"href":"https:\/\/hidro-truck.com\/web\/wp-json\/wp\/v2\/pages\/509\/revisions\/540"}],"up":[{"embeddable":true,"href":"https:\/\/hidro-truck.com\/web\/wp-json\/wp\/v2\/pages\/23"}],"wp:featuredmedia":[{"embeddable":true,"href":"https:\/\/hidro-truck.com\/web\/wp-json\/wp\/v2\/media\/535"}],"wp:attachment":[{"href":"https:\/\/hidro-truck.com\/web\/wp-json\/wp\/v2\/media?parent=509"}],"curies":[{"name":"wp","href":"https:\/\/api.w.org\/{rel}","templated":true}]}}