{"id":68,"date":"2016-08-11T01:01:51","date_gmt":"2016-08-11T01:01:51","guid":{"rendered":"http:\/\/hidro-truck.com\/web\/?page_id=68"},"modified":"2016-08-27T00:36:24","modified_gmt":"2016-08-27T00:36:24","slug":"cursos","status":"publish","type":"page","link":"https:\/\/hidro-truck.com\/web\/servicios-en-el-rubro-reparacion-mantenimiento-montaje-y-ventas-de-gruas\/cursos\/","title":{"rendered":"Capacitaci\u00f3n"},"content":{"rendered":"<p>Con el prop\u00f3sito de optimizar la utilizaci\u00f3n de las m\u00e1quinas, implementamos cursos intensivos de corta duraci\u00f3n para el entrenamiento de los operarios de las gr\u00faas e hidroelevadores, con especial \u00e9nfasis en la adopci\u00f3n de medidas de seguridad y tareas de mantenimiento que garanticen la plena operativilidad del equipo, con el respaldo de un profesional habilitado.<\/p>\n<!-- AddThis Advanced Settings generic via filter on the_content --><!-- AddThis Share Buttons generic via filter on the_content -->","protected":false},"excerpt":{"rendered":"<p>Con el prop\u00f3sito de optimizar la utilizaci\u00f3n de las m\u00e1quinas, implementamos cursos intensivos de corta duraci\u00f3n para el entrenamiento de los operarios de las gr\u00faas e hidroelevadores, con especial \u00e9nfasis en la adopci\u00f3n de medidas de seguridad y tareas de mantenimiento que garanticen la plena operativilidad del equipo, con el respaldo de un profesional habilitado.<!-- AddThis Advanced Settings generic via filter on get_the_excerpt --><!-- AddThis Share Buttons generic via filter on get_the_excerpt --><\/p>\n","protected":false},"author":1,"featured_media":124,"parent":21,"menu_order":0,"comment_status":"closed","ping_status":"closed","template":"","meta":[],"yoast_head":"<!-- This site is optimized with the Yoast SEO plugin v21.0 - https:\/\/yoast.com\/wordpress\/plugins\/seo\/ -->\n<title>Capacitaci\u00f3n - HidroTruck SRL<\/title>\n<meta name=\"robots\" content=\"index, follow, max-snippet:-1, max-image-preview:large, max-video-preview:-1\" \/>\n<link rel=\"canonical\" href=\"https:\/\/hidro-truck.com\/web\/servicios\/cursos\/\" \/>\n<meta property=\"og:locale\" content=\"es_ES\" \/>\n<meta property=\"og:type\" content=\"article\" \/>\n<meta property=\"og:title\" content=\"Capacitaci\u00f3n - HidroTruck SRL\" \/>\n<meta property=\"og:description\" content=\"Con el prop\u00f3sito de optimizar la utilizaci\u00f3n de las m\u00e1quinas, implementamos cursos intensivos de corta duraci\u00f3n para el entrenamiento de los operarios de las gr\u00faas e hidroelevadores, con especial \u00e9nfasis en la adopci\u00f3n de medidas de seguridad y tareas de mantenimiento que garanticen la plena operativilidad del equipo, con el respaldo de un profesional habilitado.\" \/>\n<meta property=\"og:url\" content=\"https:\/\/hidro-truck.com\/web\/servicios\/cursos\/\" \/>\n<meta property=\"og:site_name\" content=\"HidroTruck SRL\" \/>\n<meta property=\"article:modified_time\" content=\"2016-08-27T00:36:24+00:00\" \/>\n<meta property=\"og:image\" content=\"https:\/\/hidro-truck.com\/web\/wp-content\/uploads\/2016\/08\/capacitacion.jpg\" \/>\n\t<meta property=\"og:image:width\" content=\"750\" \/>\n\t<meta property=\"og:image:height\" content=\"291\" \/>\n\t<meta property=\"og:image:type\" content=\"image\/jpeg\" \/>\n<meta name=\"twitter:card\" content=\"summary_large_image\" \/>\n<script type=\"application\/ld+json\" class=\"yoast-schema-graph\">{\"@context\":\"https:\/\/schema.org\",\"@graph\":[{\"@type\":\"WebPage\",\"@id\":\"https:\/\/hidro-truck.com\/web\/servicios\/cursos\/\",\"url\":\"https:\/\/hidro-truck.com\/web\/servicios\/cursos\/\",\"name\":\"Capacitaci\u00f3n - HidroTruck SRL\",\"isPartOf\":{\"@id\":\"https:\/\/hidro-truck.com\/web\/#website\"},\"datePublished\":\"2016-08-11T01:01:51+00:00\",\"dateModified\":\"2016-08-27T00:36:24+00:00\",\"breadcrumb\":{\"@id\":\"https:\/\/hidro-truck.com\/web\/servicios\/cursos\/#breadcrumb\"},\"inLanguage\":\"es\",\"potentialAction\":[{\"@type\":\"ReadAction\",\"target\":[\"https:\/\/hidro-truck.com\/web\/servicios\/cursos\/\"]}]},{\"@type\":\"BreadcrumbList\",\"@id\":\"https:\/\/hidro-truck.com\/web\/servicios\/cursos\/#breadcrumb\",\"itemListElement\":[{\"@type\":\"ListItem\",\"position\":1,\"name\":\"Portada\",\"item\":\"https:\/\/hidro-truck.com\/web\/\"},{\"@type\":\"ListItem\",\"position\":2,\"name\":\"Servicios\",\"item\":\"https:\/\/hidro-truck.com\/web\/servicios-en-el-rubro-reparacion-mantenimiento-montaje-y-ventas-de-gruas\/\"},{\"@type\":\"ListItem\",\"position\":3,\"name\":\"Capacitaci\u00f3n\"}]},{\"@type\":\"WebSite\",\"@id\":\"https:\/\/hidro-truck.com\/web\/#website\",\"url\":\"https:\/\/hidro-truck.com\/web\/\",\"name\":\"HidroTruck SRL\",\"description\":\"Venta de Hidrogruas TKA. Reparaci\u00f3n y mantenimiento\",\"potentialAction\":[{\"@type\":\"SearchAction\",\"target\":{\"@type\":\"EntryPoint\",\"urlTemplate\":\"https:\/\/hidro-truck.com\/web\/?s={search_term_string}\"},\"query-input\":\"required name=search_term_string\"}],\"inLanguage\":\"es\"}]}<\/script>\n<!-- \/ Yoast SEO plugin. -->","yoast_head_json":{"title":"Capacitaci\u00f3n - HidroTruck SRL","robots":{"index":"index","follow":"follow","max-snippet":"max-snippet:-1","max-image-preview":"max-image-preview:large","max-video-preview":"max-video-preview:-1"},"canonical":"https:\/\/hidro-truck.com\/web\/servicios\/cursos\/","og_locale":"es_ES","og_type":"article","og_title":"Capacitaci\u00f3n - HidroTruck SRL","og_description":"Con el prop\u00f3sito de optimizar la utilizaci\u00f3n de las m\u00e1quinas, implementamos cursos intensivos de corta duraci\u00f3n para el entrenamiento de los operarios de las gr\u00faas e hidroelevadores, con especial \u00e9nfasis en la adopci\u00f3n de medidas de seguridad y tareas de mantenimiento que garanticen la plena operativilidad del equipo, con el respaldo de un profesional habilitado.","og_url":"https:\/\/hidro-truck.com\/web\/servicios\/cursos\/","og_site_name":"HidroTruck SRL","article_modified_time":"2016-08-27T00:36:24+00:00","og_image":[{"width":750,"height":291,"url":"https:\/\/hidro-truck.com\/web\/wp-content\/uploads\/2016\/08\/capacitacion.jpg","type":"image\/jpeg"}],"twitter_card":"summary_large_image","schema":{"@context":"https:\/\/schema.org","@graph":[{"@type":"WebPage","@id":"https:\/\/hidro-truck.com\/web\/servicios\/cursos\/","url":"https:\/\/hidro-truck.com\/web\/servicios\/cursos\/","name":"Capacitaci\u00f3n - HidroTruck SRL","isPartOf":{"@id":"https:\/\/hidro-truck.com\/web\/#website"},"datePublished":"2016-08-11T01:01:51+00:00","dateModified":"2016-08-27T00:36:24+00:00","breadcrumb":{"@id":"https:\/\/hidro-truck.com\/web\/servicios\/cursos\/#breadcrumb"},"inLanguage":"es","potentialAction":[{"@type":"ReadAction","target":["https:\/\/hidro-truck.com\/web\/servicios\/cursos\/"]}]},{"@type":"BreadcrumbList","@id":"https:\/\/hidro-truck.com\/web\/servicios\/cursos\/#breadcrumb","itemListElement":[{"@type":"ListItem","position":1,"name":"Portada","item":"https:\/\/hidro-truck.com\/web\/"},{"@type":"ListItem","position":2,"name":"Servicios","item":"https:\/\/hidro-truck.com\/web\/servicios-en-el-rubro-reparacion-mantenimiento-montaje-y-ventas-de-gruas\/"},{"@type":"ListItem","position":3,"name":"Capacitaci\u00f3n"}]},{"@type":"WebSite","@id":"https:\/\/hidro-truck.com\/web\/#website","url":"https:\/\/hidro-truck.com\/web\/","name":"HidroTruck SRL","description":"Venta de Hidrogruas TKA. Reparaci\u00f3n y mantenimiento","potentialAction":[{"@type":"SearchAction","target":{"@type":"EntryPoint","urlTemplate":"https:\/\/hidro-truck.com\/web\/?s={search_term_string}"},"query-input":"required name=search_term_string"}],"inLanguage":"es"}]}},"_links":{"self":[{"href":"https:\/\/hidro-truck.com\/web\/wp-json\/wp\/v2\/pages\/68"}],"collection":[{"href":"https:\/\/hidro-truck.com\/web\/wp-json\/wp\/v2\/pages"}],"about":[{"href":"https:\/\/hidro-truck.com\/web\/wp-json\/wp\/v2\/types\/page"}],"author":[{"embeddable":true,"href":"https:\/\/hidro-truck.com\/web\/wp-json\/wp\/v2\/users\/1"}],"replies":[{"embeddable":true,"href":"https:\/\/hidro-truck.com\/web\/wp-json\/wp\/v2\/comments?post=68"}],"version-history":[{"count":2,"href":"https:\/\/hidro-truck.com\/web\/wp-json\/wp\/v2\/pages\/68\/revisions"}],"predecessor-version":[{"id":72,"href":"https:\/\/hidro-truck.com\/web\/wp-json\/wp\/v2\/pages\/68\/revisions\/72"}],"up":[{"embeddable":true,"href":"https:\/\/hidro-truck.com\/web\/wp-json\/wp\/v2\/pages\/21"}],"wp:featuredmedia":[{"embeddable":true,"href":"https:\/\/hidro-truck.com\/web\/wp-json\/wp\/v2\/media\/124"}],"wp:attachment":[{"href":"https:\/\/hidro-truck.com\/web\/wp-json\/wp\/v2\/media?parent=68"}],"curies":[{"name":"wp","href":"https:\/\/api.w.org\/{rel}","templated":true}]}}