{"id":725,"date":"2017-01-16T16:58:09","date_gmt":"2017-01-16T16:58:09","guid":{"rendered":"http:\/\/hidro-truck.com\/web\/?page_id=725"},"modified":"2017-01-16T16:58:09","modified_gmt":"2017-01-16T16:58:09","slug":"instalacion-grua-tka-camion-m-b","status":"publish","type":"page","link":"https:\/\/hidro-truck.com\/web\/trabajos\/instalacion-grua-tka-camion-m-b\/","title":{"rendered":"Instalaci\u00f3n de Gr\u00faa TKA sobre cami\u00f3n M-B."},"content":{"rendered":"<p>Gr\u00faa TKA 12700 3H montada sobre cami\u00f3n M-B.<\/p>\n<p><img decoding=\"async\" loading=\"lazy\" class=\"alignnone size-full wp-image-726\" src=\"http:\/\/hidro-truck.com\/web\/wp-content\/uploads\/2017\/01\/16114614_945141718954464_4508041829572458149_n.jpg\" alt=\"16114614_945141718954464_4508041829572458149_n\" width=\"350\" height=\"466\" srcset=\"https:\/\/hidro-truck.com\/web\/wp-content\/uploads\/2017\/01\/16114614_945141718954464_4508041829572458149_n.jpg 350w, https:\/\/hidro-truck.com\/web\/wp-content\/uploads\/2017\/01\/16114614_945141718954464_4508041829572458149_n-225x300.jpg 225w\" sizes=\"(max-width: 350px) 100vw, 350px\" \/><\/p>\n<p>&nbsp;<\/p>\n<!-- AddThis Advanced Settings generic via filter on the_content --><!-- AddThis Share Buttons generic via filter on the_content -->","protected":false},"excerpt":{"rendered":"<p>Gr\u00faa TKA 12700 3H montada sobre cami\u00f3n M-B. &nbsp;<!-- AddThis Advanced Settings generic via filter on get_the_excerpt --><!-- AddThis Share Buttons generic via filter on get_the_excerpt --><\/p>\n","protected":false},"author":1,"featured_media":727,"parent":23,"menu_order":0,"comment_status":"closed","ping_status":"closed","template":"","meta":[],"yoast_head":"<!-- This site is optimized with the Yoast SEO plugin v21.0 - https:\/\/yoast.com\/wordpress\/plugins\/seo\/ -->\n<title>Instalaci\u00f3n de Gr\u00faa TKA sobre cami\u00f3n M-B. - HidroTruck SRL<\/title>\n<meta name=\"robots\" content=\"index, follow, max-snippet:-1, max-image-preview:large, max-video-preview:-1\" \/>\n<link rel=\"canonical\" href=\"https:\/\/hidro-truck.com\/web\/trabajos\/instalacion-grua-tka-camion-m-b\/\" \/>\n<meta property=\"og:locale\" content=\"es_ES\" \/>\n<meta property=\"og:type\" content=\"article\" \/>\n<meta property=\"og:title\" content=\"Instalaci\u00f3n de Gr\u00faa TKA sobre cami\u00f3n M-B. - HidroTruck SRL\" \/>\n<meta property=\"og:description\" content=\"Gr\u00faa TKA 12700 3H montada sobre cami\u00f3n M-B. &nbsp;\" \/>\n<meta property=\"og:url\" content=\"https:\/\/hidro-truck.com\/web\/trabajos\/instalacion-grua-tka-camion-m-b\/\" \/>\n<meta property=\"og:site_name\" content=\"HidroTruck SRL\" \/>\n<meta property=\"og:image\" content=\"https:\/\/hidro-truck.com\/web\/wp-content\/uploads\/2017\/01\/16105561_945141728954463_6541267635006146366_n.jpg\" \/>\n\t<meta property=\"og:image:width\" content=\"720\" \/>\n\t<meta property=\"og:image:height\" content=\"960\" \/>\n\t<meta property=\"og:image:type\" content=\"image\/jpeg\" \/>\n<meta name=\"twitter:card\" content=\"summary_large_image\" \/>\n<script type=\"application\/ld+json\" class=\"yoast-schema-graph\">{\"@context\":\"https:\/\/schema.org\",\"@graph\":[{\"@type\":\"WebPage\",\"@id\":\"https:\/\/hidro-truck.com\/web\/trabajos\/instalacion-grua-tka-camion-m-b\/\",\"url\":\"https:\/\/hidro-truck.com\/web\/trabajos\/instalacion-grua-tka-camion-m-b\/\",\"name\":\"Instalaci\u00f3n de Gr\u00faa TKA sobre cami\u00f3n M-B. - HidroTruck SRL\",\"isPartOf\":{\"@id\":\"https:\/\/hidro-truck.com\/web\/#website\"},\"datePublished\":\"2017-01-16T16:58:09+00:00\",\"dateModified\":\"2017-01-16T16:58:09+00:00\",\"breadcrumb\":{\"@id\":\"https:\/\/hidro-truck.com\/web\/trabajos\/instalacion-grua-tka-camion-m-b\/#breadcrumb\"},\"inLanguage\":\"es\",\"potentialAction\":[{\"@type\":\"ReadAction\",\"target\":[\"https:\/\/hidro-truck.com\/web\/trabajos\/instalacion-grua-tka-camion-m-b\/\"]}]},{\"@type\":\"BreadcrumbList\",\"@id\":\"https:\/\/hidro-truck.com\/web\/trabajos\/instalacion-grua-tka-camion-m-b\/#breadcrumb\",\"itemListElement\":[{\"@type\":\"ListItem\",\"position\":1,\"name\":\"Portada\",\"item\":\"https:\/\/hidro-truck.com\/web\/\"},{\"@type\":\"ListItem\",\"position\":2,\"name\":\"Trabajos\",\"item\":\"https:\/\/hidro-truck.com\/web\/trabajos\/\"},{\"@type\":\"ListItem\",\"position\":3,\"name\":\"Instalaci\u00f3n de Gr\u00faa TKA sobre cami\u00f3n M-B.\"}]},{\"@type\":\"WebSite\",\"@id\":\"https:\/\/hidro-truck.com\/web\/#website\",\"url\":\"https:\/\/hidro-truck.com\/web\/\",\"name\":\"HidroTruck SRL\",\"description\":\"Venta de Hidrogruas TKA. Reparaci\u00f3n y mantenimiento\",\"potentialAction\":[{\"@type\":\"SearchAction\",\"target\":{\"@type\":\"EntryPoint\",\"urlTemplate\":\"https:\/\/hidro-truck.com\/web\/?s={search_term_string}\"},\"query-input\":\"required name=search_term_string\"}],\"inLanguage\":\"es\"}]}<\/script>\n<!-- \/ Yoast SEO plugin. -->","yoast_head_json":{"title":"Instalaci\u00f3n de Gr\u00faa TKA sobre cami\u00f3n M-B. - HidroTruck SRL","robots":{"index":"index","follow":"follow","max-snippet":"max-snippet:-1","max-image-preview":"max-image-preview:large","max-video-preview":"max-video-preview:-1"},"canonical":"https:\/\/hidro-truck.com\/web\/trabajos\/instalacion-grua-tka-camion-m-b\/","og_locale":"es_ES","og_type":"article","og_title":"Instalaci\u00f3n de Gr\u00faa TKA sobre cami\u00f3n M-B. - HidroTruck SRL","og_description":"Gr\u00faa TKA 12700 3H montada sobre cami\u00f3n M-B. &nbsp;","og_url":"https:\/\/hidro-truck.com\/web\/trabajos\/instalacion-grua-tka-camion-m-b\/","og_site_name":"HidroTruck SRL","og_image":[{"width":720,"height":960,"url":"https:\/\/hidro-truck.com\/web\/wp-content\/uploads\/2017\/01\/16105561_945141728954463_6541267635006146366_n.jpg","type":"image\/jpeg"}],"twitter_card":"summary_large_image","schema":{"@context":"https:\/\/schema.org","@graph":[{"@type":"WebPage","@id":"https:\/\/hidro-truck.com\/web\/trabajos\/instalacion-grua-tka-camion-m-b\/","url":"https:\/\/hidro-truck.com\/web\/trabajos\/instalacion-grua-tka-camion-m-b\/","name":"Instalaci\u00f3n de Gr\u00faa TKA sobre cami\u00f3n M-B. - HidroTruck SRL","isPartOf":{"@id":"https:\/\/hidro-truck.com\/web\/#website"},"datePublished":"2017-01-16T16:58:09+00:00","dateModified":"2017-01-16T16:58:09+00:00","breadcrumb":{"@id":"https:\/\/hidro-truck.com\/web\/trabajos\/instalacion-grua-tka-camion-m-b\/#breadcrumb"},"inLanguage":"es","potentialAction":[{"@type":"ReadAction","target":["https:\/\/hidro-truck.com\/web\/trabajos\/instalacion-grua-tka-camion-m-b\/"]}]},{"@type":"BreadcrumbList","@id":"https:\/\/hidro-truck.com\/web\/trabajos\/instalacion-grua-tka-camion-m-b\/#breadcrumb","itemListElement":[{"@type":"ListItem","position":1,"name":"Portada","item":"https:\/\/hidro-truck.com\/web\/"},{"@type":"ListItem","position":2,"name":"Trabajos","item":"https:\/\/hidro-truck.com\/web\/trabajos\/"},{"@type":"ListItem","position":3,"name":"Instalaci\u00f3n de Gr\u00faa TKA sobre cami\u00f3n M-B."}]},{"@type":"WebSite","@id":"https:\/\/hidro-truck.com\/web\/#website","url":"https:\/\/hidro-truck.com\/web\/","name":"HidroTruck SRL","description":"Venta de Hidrogruas TKA. Reparaci\u00f3n y mantenimiento","potentialAction":[{"@type":"SearchAction","target":{"@type":"EntryPoint","urlTemplate":"https:\/\/hidro-truck.com\/web\/?s={search_term_string}"},"query-input":"required name=search_term_string"}],"inLanguage":"es"}]}},"_links":{"self":[{"href":"https:\/\/hidro-truck.com\/web\/wp-json\/wp\/v2\/pages\/725"}],"collection":[{"href":"https:\/\/hidro-truck.com\/web\/wp-json\/wp\/v2\/pages"}],"about":[{"href":"https:\/\/hidro-truck.com\/web\/wp-json\/wp\/v2\/types\/page"}],"author":[{"embeddable":true,"href":"https:\/\/hidro-truck.com\/web\/wp-json\/wp\/v2\/users\/1"}],"replies":[{"embeddable":true,"href":"https:\/\/hidro-truck.com\/web\/wp-json\/wp\/v2\/comments?post=725"}],"version-history":[{"count":1,"href":"https:\/\/hidro-truck.com\/web\/wp-json\/wp\/v2\/pages\/725\/revisions"}],"predecessor-version":[{"id":728,"href":"https:\/\/hidro-truck.com\/web\/wp-json\/wp\/v2\/pages\/725\/revisions\/728"}],"up":[{"embeddable":true,"href":"https:\/\/hidro-truck.com\/web\/wp-json\/wp\/v2\/pages\/23"}],"wp:featuredmedia":[{"embeddable":true,"href":"https:\/\/hidro-truck.com\/web\/wp-json\/wp\/v2\/media\/727"}],"wp:attachment":[{"href":"https:\/\/hidro-truck.com\/web\/wp-json\/wp\/v2\/media?parent=725"}],"curies":[{"name":"wp","href":"https:\/\/api.w.org\/{rel}","templated":true}]}}