{"id":729,"date":"2017-01-16T17:13:20","date_gmt":"2017-01-16T17:13:20","guid":{"rendered":"http:\/\/hidro-truck.com\/web\/?page_id=729"},"modified":"2017-01-16T17:13:20","modified_gmt":"2017-01-16T17:13:20","slug":"instalacion-grua-tka-3000-montada-semi-remolque","status":"publish","type":"page","link":"https:\/\/hidro-truck.com\/web\/trabajos\/instalacion-grua-tka-3000-montada-semi-remolque\/","title":{"rendered":"Instalaci\u00f3n de Gr\u00faa TKA 3000 sobre semi remolque"},"content":{"rendered":"<p>Gr\u00faa TKA 3000 montada sobre semi remolque. Con central de poder el\u00e9ctrica.<\/p>\n\n\t\t<style type=\"text\/css\">\n\t\t\t#gallery-1 {\n\t\t\t\tmargin: auto;\n\t\t\t}\n\t\t\t#gallery-1 .gallery-item {\n\t\t\t\tfloat: left;\n\t\t\t\tmargin-top: 10px;\n\t\t\t\ttext-align: center;\n\t\t\t\twidth: 50%;\n\t\t\t}\n\t\t\t#gallery-1 img {\n\t\t\t\tborder: 2px solid #cfcfcf;\n\t\t\t}\n\t\t\t#gallery-1 .gallery-caption {\n\t\t\t\tmargin-left: 0;\n\t\t\t}\n\t\t\t\/* see gallery_shortcode() in wp-includes\/media.php *\/\n\t\t<\/style>\n\t\t<div id='gallery-1' class='gallery galleryid-729 gallery-columns-2 gallery-size-medium'><dl class='gallery-item'>\n\t\t\t<dt class='gallery-icon portrait'>\n\t\t\t\t<a title=\"tka3000\" href='https:\/\/hidro-truck.com\/web\/wp-content\/uploads\/2017\/01\/tka3000.jpg'><img width=\"225\" height=\"300\" src=\"https:\/\/hidro-truck.com\/web\/wp-content\/uploads\/2017\/01\/tka3000-225x300.jpg\" class=\"attachment-medium size-medium\" alt=\"\" decoding=\"async\" loading=\"lazy\" srcset=\"https:\/\/hidro-truck.com\/web\/wp-content\/uploads\/2017\/01\/tka3000-225x300.jpg 225w, https:\/\/hidro-truck.com\/web\/wp-content\/uploads\/2017\/01\/tka3000.jpg 720w\" sizes=\"(max-width: 225px) 100vw, 225px\" \/><\/a>\n\t\t\t<\/dt><\/dl><dl class='gallery-item'>\n\t\t\t<dt class='gallery-icon portrait'>\n\t\t\t\t<a title=\"tka3000-5\" href='https:\/\/hidro-truck.com\/web\/wp-content\/uploads\/2017\/01\/tka3000-5.jpg'><img width=\"225\" height=\"300\" src=\"https:\/\/hidro-truck.com\/web\/wp-content\/uploads\/2017\/01\/tka3000-5-225x300.jpg\" class=\"attachment-medium size-medium\" alt=\"\" decoding=\"async\" loading=\"lazy\" srcset=\"https:\/\/hidro-truck.com\/web\/wp-content\/uploads\/2017\/01\/tka3000-5-225x300.jpg 225w, https:\/\/hidro-truck.com\/web\/wp-content\/uploads\/2017\/01\/tka3000-5.jpg 720w\" sizes=\"(max-width: 225px) 100vw, 225px\" \/><\/a>\n\t\t\t<\/dt><\/dl><br style=\"clear: both\" \/><dl class='gallery-item'>\n\t\t\t<dt class='gallery-icon landscape'>\n\t\t\t\t<a title=\"tka3000-4\" href='https:\/\/hidro-truck.com\/web\/wp-content\/uploads\/2017\/01\/tka3000-4.jpg'><img width=\"300\" height=\"225\" src=\"https:\/\/hidro-truck.com\/web\/wp-content\/uploads\/2017\/01\/tka3000-4-300x225.jpg\" class=\"attachment-medium size-medium\" alt=\"\" decoding=\"async\" loading=\"lazy\" srcset=\"https:\/\/hidro-truck.com\/web\/wp-content\/uploads\/2017\/01\/tka3000-4-300x225.jpg 300w, https:\/\/hidro-truck.com\/web\/wp-content\/uploads\/2017\/01\/tka3000-4-768x576.jpg 768w, https:\/\/hidro-truck.com\/web\/wp-content\/uploads\/2017\/01\/tka3000-4.jpg 960w\" sizes=\"(max-width: 300px) 100vw, 300px\" \/><\/a>\n\t\t\t<\/dt><\/dl><dl class='gallery-item'>\n\t\t\t<dt class='gallery-icon landscape'>\n\t\t\t\t<a title=\"tka3000-3\" href='https:\/\/hidro-truck.com\/web\/wp-content\/uploads\/2017\/01\/tka3000-3.jpg'><img width=\"300\" height=\"225\" src=\"https:\/\/hidro-truck.com\/web\/wp-content\/uploads\/2017\/01\/tka3000-3-300x225.jpg\" class=\"attachment-medium size-medium\" alt=\"\" decoding=\"async\" loading=\"lazy\" srcset=\"https:\/\/hidro-truck.com\/web\/wp-content\/uploads\/2017\/01\/tka3000-3-300x225.jpg 300w, https:\/\/hidro-truck.com\/web\/wp-content\/uploads\/2017\/01\/tka3000-3-768x576.jpg 768w, https:\/\/hidro-truck.com\/web\/wp-content\/uploads\/2017\/01\/tka3000-3.jpg 960w\" sizes=\"(max-width: 300px) 100vw, 300px\" \/><\/a>\n\t\t\t<\/dt><\/dl><br style=\"clear: both\" \/><dl class='gallery-item'>\n\t\t\t<dt class='gallery-icon portrait'>\n\t\t\t\t<a title=\"tka3000-1\" href='https:\/\/hidro-truck.com\/web\/wp-content\/uploads\/2017\/01\/tka3000-1.jpg'><img width=\"225\" height=\"300\" src=\"https:\/\/hidro-truck.com\/web\/wp-content\/uploads\/2017\/01\/tka3000-1-225x300.jpg\" class=\"attachment-medium size-medium\" alt=\"\" decoding=\"async\" loading=\"lazy\" srcset=\"https:\/\/hidro-truck.com\/web\/wp-content\/uploads\/2017\/01\/tka3000-1-225x300.jpg 225w, https:\/\/hidro-truck.com\/web\/wp-content\/uploads\/2017\/01\/tka3000-1.jpg 720w\" sizes=\"(max-width: 225px) 100vw, 225px\" \/><\/a>\n\t\t\t<\/dt><\/dl>\n\t\t\t<br style='clear: both' \/>\n\t\t<\/div>\n\n<!-- AddThis Advanced Settings generic via filter on the_content --><!-- AddThis Share Buttons generic via filter on the_content -->","protected":false},"excerpt":{"rendered":"<p>Gr\u00faa TKA 3000 montada sobre semi remolque. Con central de poder el\u00e9ctrica.<!-- AddThis Advanced Settings generic via filter on get_the_excerpt --><!-- AddThis Share Buttons generic via filter on get_the_excerpt --><\/p>\n","protected":false},"author":1,"featured_media":731,"parent":23,"menu_order":0,"comment_status":"closed","ping_status":"closed","template":"","meta":[],"yoast_head":"<!-- This site is optimized with the Yoast SEO plugin v21.0 - https:\/\/yoast.com\/wordpress\/plugins\/seo\/ -->\n<title>Instalaci\u00f3n de Gr\u00faa TKA 3000 sobre semi remolque - HidroTruck SRL<\/title>\n<meta name=\"description\" content=\"Instalaci\u00f3n de Gr\u00faa TKA 3000 sobre semi remolque\" \/>\n<meta name=\"robots\" content=\"index, follow, max-snippet:-1, max-image-preview:large, max-video-preview:-1\" \/>\n<link rel=\"canonical\" href=\"https:\/\/hidro-truck.com\/web\/trabajos\/instalacion-grua-tka-3000-montada-semi-remolque\/\" \/>\n<meta property=\"og:locale\" content=\"es_ES\" \/>\n<meta property=\"og:type\" content=\"article\" \/>\n<meta property=\"og:title\" content=\"Instalaci\u00f3n de Gr\u00faa TKA 3000 sobre semi remolque - HidroTruck SRL\" \/>\n<meta property=\"og:description\" content=\"Instalaci\u00f3n de Gr\u00faa TKA 3000 sobre semi remolque\" \/>\n<meta property=\"og:url\" content=\"https:\/\/hidro-truck.com\/web\/trabajos\/instalacion-grua-tka-3000-montada-semi-remolque\/\" \/>\n<meta property=\"og:site_name\" content=\"HidroTruck SRL\" \/>\n<meta property=\"og:image\" content=\"https:\/\/hidro-truck.com\/web\/wp-content\/uploads\/2017\/01\/tka3000-2.jpg\" \/>\n\t<meta property=\"og:image:width\" content=\"960\" \/>\n\t<meta property=\"og:image:height\" content=\"720\" \/>\n\t<meta property=\"og:image:type\" content=\"image\/jpeg\" \/>\n<meta name=\"twitter:card\" content=\"summary_large_image\" \/>\n<script type=\"application\/ld+json\" class=\"yoast-schema-graph\">{\"@context\":\"https:\/\/schema.org\",\"@graph\":[{\"@type\":\"WebPage\",\"@id\":\"https:\/\/hidro-truck.com\/web\/trabajos\/instalacion-grua-tka-3000-montada-semi-remolque\/\",\"url\":\"https:\/\/hidro-truck.com\/web\/trabajos\/instalacion-grua-tka-3000-montada-semi-remolque\/\",\"name\":\"Instalaci\u00f3n de Gr\u00faa TKA 3000 sobre semi remolque - HidroTruck SRL\",\"isPartOf\":{\"@id\":\"https:\/\/hidro-truck.com\/web\/#website\"},\"datePublished\":\"2017-01-16T17:13:20+00:00\",\"dateModified\":\"2017-01-16T17:13:20+00:00\",\"description\":\"Instalaci\u00f3n de Gr\u00faa TKA 3000 sobre semi remolque\",\"breadcrumb\":{\"@id\":\"https:\/\/hidro-truck.com\/web\/trabajos\/instalacion-grua-tka-3000-montada-semi-remolque\/#breadcrumb\"},\"inLanguage\":\"es\",\"potentialAction\":[{\"@type\":\"ReadAction\",\"target\":[\"https:\/\/hidro-truck.com\/web\/trabajos\/instalacion-grua-tka-3000-montada-semi-remolque\/\"]}]},{\"@type\":\"BreadcrumbList\",\"@id\":\"https:\/\/hidro-truck.com\/web\/trabajos\/instalacion-grua-tka-3000-montada-semi-remolque\/#breadcrumb\",\"itemListElement\":[{\"@type\":\"ListItem\",\"position\":1,\"name\":\"Portada\",\"item\":\"https:\/\/hidro-truck.com\/web\/\"},{\"@type\":\"ListItem\",\"position\":2,\"name\":\"Trabajos\",\"item\":\"https:\/\/hidro-truck.com\/web\/trabajos\/\"},{\"@type\":\"ListItem\",\"position\":3,\"name\":\"Instalaci\u00f3n de Gr\u00faa TKA 3000 sobre semi remolque\"}]},{\"@type\":\"WebSite\",\"@id\":\"https:\/\/hidro-truck.com\/web\/#website\",\"url\":\"https:\/\/hidro-truck.com\/web\/\",\"name\":\"HidroTruck SRL\",\"description\":\"Venta de Hidrogruas TKA. Reparaci\u00f3n y mantenimiento\",\"potentialAction\":[{\"@type\":\"SearchAction\",\"target\":{\"@type\":\"EntryPoint\",\"urlTemplate\":\"https:\/\/hidro-truck.com\/web\/?s={search_term_string}\"},\"query-input\":\"required name=search_term_string\"}],\"inLanguage\":\"es\"}]}<\/script>\n<!-- \/ Yoast SEO plugin. -->","yoast_head_json":{"title":"Instalaci\u00f3n de Gr\u00faa TKA 3000 sobre semi remolque - HidroTruck SRL","description":"Instalaci\u00f3n de Gr\u00faa TKA 3000 sobre semi remolque","robots":{"index":"index","follow":"follow","max-snippet":"max-snippet:-1","max-image-preview":"max-image-preview:large","max-video-preview":"max-video-preview:-1"},"canonical":"https:\/\/hidro-truck.com\/web\/trabajos\/instalacion-grua-tka-3000-montada-semi-remolque\/","og_locale":"es_ES","og_type":"article","og_title":"Instalaci\u00f3n de Gr\u00faa TKA 3000 sobre semi remolque - HidroTruck SRL","og_description":"Instalaci\u00f3n de Gr\u00faa TKA 3000 sobre semi remolque","og_url":"https:\/\/hidro-truck.com\/web\/trabajos\/instalacion-grua-tka-3000-montada-semi-remolque\/","og_site_name":"HidroTruck SRL","og_image":[{"width":960,"height":720,"url":"https:\/\/hidro-truck.com\/web\/wp-content\/uploads\/2017\/01\/tka3000-2.jpg","type":"image\/jpeg"}],"twitter_card":"summary_large_image","schema":{"@context":"https:\/\/schema.org","@graph":[{"@type":"WebPage","@id":"https:\/\/hidro-truck.com\/web\/trabajos\/instalacion-grua-tka-3000-montada-semi-remolque\/","url":"https:\/\/hidro-truck.com\/web\/trabajos\/instalacion-grua-tka-3000-montada-semi-remolque\/","name":"Instalaci\u00f3n de Gr\u00faa TKA 3000 sobre semi remolque - HidroTruck SRL","isPartOf":{"@id":"https:\/\/hidro-truck.com\/web\/#website"},"datePublished":"2017-01-16T17:13:20+00:00","dateModified":"2017-01-16T17:13:20+00:00","description":"Instalaci\u00f3n de Gr\u00faa TKA 3000 sobre semi remolque","breadcrumb":{"@id":"https:\/\/hidro-truck.com\/web\/trabajos\/instalacion-grua-tka-3000-montada-semi-remolque\/#breadcrumb"},"inLanguage":"es","potentialAction":[{"@type":"ReadAction","target":["https:\/\/hidro-truck.com\/web\/trabajos\/instalacion-grua-tka-3000-montada-semi-remolque\/"]}]},{"@type":"BreadcrumbList","@id":"https:\/\/hidro-truck.com\/web\/trabajos\/instalacion-grua-tka-3000-montada-semi-remolque\/#breadcrumb","itemListElement":[{"@type":"ListItem","position":1,"name":"Portada","item":"https:\/\/hidro-truck.com\/web\/"},{"@type":"ListItem","position":2,"name":"Trabajos","item":"https:\/\/hidro-truck.com\/web\/trabajos\/"},{"@type":"ListItem","position":3,"name":"Instalaci\u00f3n de Gr\u00faa TKA 3000 sobre semi remolque"}]},{"@type":"WebSite","@id":"https:\/\/hidro-truck.com\/web\/#website","url":"https:\/\/hidro-truck.com\/web\/","name":"HidroTruck SRL","description":"Venta de Hidrogruas TKA. Reparaci\u00f3n y mantenimiento","potentialAction":[{"@type":"SearchAction","target":{"@type":"EntryPoint","urlTemplate":"https:\/\/hidro-truck.com\/web\/?s={search_term_string}"},"query-input":"required name=search_term_string"}],"inLanguage":"es"}]}},"_links":{"self":[{"href":"https:\/\/hidro-truck.com\/web\/wp-json\/wp\/v2\/pages\/729"}],"collection":[{"href":"https:\/\/hidro-truck.com\/web\/wp-json\/wp\/v2\/pages"}],"about":[{"href":"https:\/\/hidro-truck.com\/web\/wp-json\/wp\/v2\/types\/page"}],"author":[{"embeddable":true,"href":"https:\/\/hidro-truck.com\/web\/wp-json\/wp\/v2\/users\/1"}],"replies":[{"embeddable":true,"href":"https:\/\/hidro-truck.com\/web\/wp-json\/wp\/v2\/comments?post=729"}],"version-history":[{"count":1,"href":"https:\/\/hidro-truck.com\/web\/wp-json\/wp\/v2\/pages\/729\/revisions"}],"predecessor-version":[{"id":736,"href":"https:\/\/hidro-truck.com\/web\/wp-json\/wp\/v2\/pages\/729\/revisions\/736"}],"up":[{"embeddable":true,"href":"https:\/\/hidro-truck.com\/web\/wp-json\/wp\/v2\/pages\/23"}],"wp:featuredmedia":[{"embeddable":true,"href":"https:\/\/hidro-truck.com\/web\/wp-json\/wp\/v2\/media\/731"}],"wp:attachment":[{"href":"https:\/\/hidro-truck.com\/web\/wp-json\/wp\/v2\/media?parent=729"}],"curies":[{"name":"wp","href":"https:\/\/api.w.org\/{rel}","templated":true}]}}