{"id":73,"date":"2016-08-11T01:23:43","date_gmt":"2016-08-11T01:23:43","guid":{"rendered":"http:\/\/hidro-truck.com\/web\/?page_id=73"},"modified":"2016-08-27T01:15:30","modified_gmt":"2016-08-27T01:15:30","slug":"postventa","status":"publish","type":"page","link":"https:\/\/hidro-truck.com\/web\/servicios-en-el-rubro-reparacion-mantenimiento-montaje-y-ventas-de-gruas\/postventa\/","title":{"rendered":"PostVenta"},"content":{"rendered":"<p>Con el s\u00f3lido respaldo de un servicio posventa r\u00e1pido y eficiente para asegurar su funcionamiento todos los d\u00edas del a\u00f1o.<\/p>\n<p>La empresa cuenta con un plantel de profesionales, y con las instalaciones adecuadas para cubrir las necesidades de nuestros clientes.<\/p>\n<p>Brindando un servicio de post-venta correspondido no s\u00f3lo por el asesoramiento y asistencia t\u00e9cnica especializada de nuestros profesionales, sino tambi\u00e9n por un surtido stock de repuestos y materiales originales de las marcas que representamos y producimos.<\/p>\n<!-- AddThis Advanced Settings generic via filter on the_content --><!-- AddThis Share Buttons generic via filter on the_content -->","protected":false},"excerpt":{"rendered":"<p>Con el s\u00f3lido respaldo de un servicio posventa r\u00e1pido y eficiente para asegurar su funcionamiento todos los d\u00edas del a\u00f1o. La empresa cuenta con un plantel de profesionales, y con las instalaciones adecuadas para cubrir las necesidades de nuestros clientes. Brindando un servicio de post-venta correspondido no s\u00f3lo por el asesoramiento y asistencia t\u00e9cnica especializada<!-- AddThis Advanced Settings generic via filter on get_the_excerpt --><!-- AddThis Share Buttons generic via filter on get_the_excerpt --><\/p>\n","protected":false},"author":1,"featured_media":131,"parent":21,"menu_order":0,"comment_status":"closed","ping_status":"closed","template":"","meta":[],"yoast_head":"<!-- This site is optimized with the Yoast SEO plugin v21.0 - https:\/\/yoast.com\/wordpress\/plugins\/seo\/ -->\n<title>PostVenta - HidroTruck SRL<\/title>\n<meta name=\"robots\" content=\"index, follow, max-snippet:-1, max-image-preview:large, max-video-preview:-1\" \/>\n<link rel=\"canonical\" href=\"https:\/\/hidro-truck.com\/web\/servicios\/postventa\/\" \/>\n<meta property=\"og:locale\" content=\"es_ES\" \/>\n<meta property=\"og:type\" content=\"article\" \/>\n<meta property=\"og:title\" content=\"PostVenta - HidroTruck SRL\" \/>\n<meta property=\"og:description\" content=\"Con el s\u00f3lido respaldo de un servicio posventa r\u00e1pido y eficiente para asegurar su funcionamiento todos los d\u00edas del a\u00f1o. La empresa cuenta con un plantel de profesionales, y con las instalaciones adecuadas para cubrir las necesidades de nuestros clientes. Brindando un servicio de post-venta correspondido no s\u00f3lo por el asesoramiento y asistencia t\u00e9cnica especializada\" \/>\n<meta property=\"og:url\" content=\"https:\/\/hidro-truck.com\/web\/servicios\/postventa\/\" \/>\n<meta property=\"og:site_name\" content=\"HidroTruck SRL\" \/>\n<meta property=\"article:modified_time\" content=\"2016-08-27T01:15:30+00:00\" \/>\n<meta property=\"og:image\" content=\"https:\/\/hidro-truck.com\/web\/wp-content\/uploads\/2016\/08\/post-venta.jpg\" \/>\n\t<meta property=\"og:image:width\" content=\"750\" \/>\n\t<meta property=\"og:image:height\" content=\"291\" \/>\n\t<meta property=\"og:image:type\" content=\"image\/jpeg\" \/>\n<meta name=\"twitter:card\" content=\"summary_large_image\" \/>\n<script type=\"application\/ld+json\" class=\"yoast-schema-graph\">{\"@context\":\"https:\/\/schema.org\",\"@graph\":[{\"@type\":\"WebPage\",\"@id\":\"https:\/\/hidro-truck.com\/web\/servicios\/postventa\/\",\"url\":\"https:\/\/hidro-truck.com\/web\/servicios\/postventa\/\",\"name\":\"PostVenta - HidroTruck SRL\",\"isPartOf\":{\"@id\":\"https:\/\/hidro-truck.com\/web\/#website\"},\"datePublished\":\"2016-08-11T01:23:43+00:00\",\"dateModified\":\"2016-08-27T01:15:30+00:00\",\"breadcrumb\":{\"@id\":\"https:\/\/hidro-truck.com\/web\/servicios\/postventa\/#breadcrumb\"},\"inLanguage\":\"es\",\"potentialAction\":[{\"@type\":\"ReadAction\",\"target\":[\"https:\/\/hidro-truck.com\/web\/servicios\/postventa\/\"]}]},{\"@type\":\"BreadcrumbList\",\"@id\":\"https:\/\/hidro-truck.com\/web\/servicios\/postventa\/#breadcrumb\",\"itemListElement\":[{\"@type\":\"ListItem\",\"position\":1,\"name\":\"Portada\",\"item\":\"https:\/\/hidro-truck.com\/web\/\"},{\"@type\":\"ListItem\",\"position\":2,\"name\":\"Servicios\",\"item\":\"https:\/\/hidro-truck.com\/web\/servicios-en-el-rubro-reparacion-mantenimiento-montaje-y-ventas-de-gruas\/\"},{\"@type\":\"ListItem\",\"position\":3,\"name\":\"PostVenta\"}]},{\"@type\":\"WebSite\",\"@id\":\"https:\/\/hidro-truck.com\/web\/#website\",\"url\":\"https:\/\/hidro-truck.com\/web\/\",\"name\":\"HidroTruck SRL\",\"description\":\"Venta de Hidrogruas TKA. Reparaci\u00f3n y mantenimiento\",\"potentialAction\":[{\"@type\":\"SearchAction\",\"target\":{\"@type\":\"EntryPoint\",\"urlTemplate\":\"https:\/\/hidro-truck.com\/web\/?s={search_term_string}\"},\"query-input\":\"required name=search_term_string\"}],\"inLanguage\":\"es\"}]}<\/script>\n<!-- \/ Yoast SEO plugin. -->","yoast_head_json":{"title":"PostVenta - HidroTruck SRL","robots":{"index":"index","follow":"follow","max-snippet":"max-snippet:-1","max-image-preview":"max-image-preview:large","max-video-preview":"max-video-preview:-1"},"canonical":"https:\/\/hidro-truck.com\/web\/servicios\/postventa\/","og_locale":"es_ES","og_type":"article","og_title":"PostVenta - HidroTruck SRL","og_description":"Con el s\u00f3lido respaldo de un servicio posventa r\u00e1pido y eficiente para asegurar su funcionamiento todos los d\u00edas del a\u00f1o. La empresa cuenta con un plantel de profesionales, y con las instalaciones adecuadas para cubrir las necesidades de nuestros clientes. Brindando un servicio de post-venta correspondido no s\u00f3lo por el asesoramiento y asistencia t\u00e9cnica especializada","og_url":"https:\/\/hidro-truck.com\/web\/servicios\/postventa\/","og_site_name":"HidroTruck SRL","article_modified_time":"2016-08-27T01:15:30+00:00","og_image":[{"width":750,"height":291,"url":"https:\/\/hidro-truck.com\/web\/wp-content\/uploads\/2016\/08\/post-venta.jpg","type":"image\/jpeg"}],"twitter_card":"summary_large_image","schema":{"@context":"https:\/\/schema.org","@graph":[{"@type":"WebPage","@id":"https:\/\/hidro-truck.com\/web\/servicios\/postventa\/","url":"https:\/\/hidro-truck.com\/web\/servicios\/postventa\/","name":"PostVenta - HidroTruck SRL","isPartOf":{"@id":"https:\/\/hidro-truck.com\/web\/#website"},"datePublished":"2016-08-11T01:23:43+00:00","dateModified":"2016-08-27T01:15:30+00:00","breadcrumb":{"@id":"https:\/\/hidro-truck.com\/web\/servicios\/postventa\/#breadcrumb"},"inLanguage":"es","potentialAction":[{"@type":"ReadAction","target":["https:\/\/hidro-truck.com\/web\/servicios\/postventa\/"]}]},{"@type":"BreadcrumbList","@id":"https:\/\/hidro-truck.com\/web\/servicios\/postventa\/#breadcrumb","itemListElement":[{"@type":"ListItem","position":1,"name":"Portada","item":"https:\/\/hidro-truck.com\/web\/"},{"@type":"ListItem","position":2,"name":"Servicios","item":"https:\/\/hidro-truck.com\/web\/servicios-en-el-rubro-reparacion-mantenimiento-montaje-y-ventas-de-gruas\/"},{"@type":"ListItem","position":3,"name":"PostVenta"}]},{"@type":"WebSite","@id":"https:\/\/hidro-truck.com\/web\/#website","url":"https:\/\/hidro-truck.com\/web\/","name":"HidroTruck SRL","description":"Venta de Hidrogruas TKA. Reparaci\u00f3n y mantenimiento","potentialAction":[{"@type":"SearchAction","target":{"@type":"EntryPoint","urlTemplate":"https:\/\/hidro-truck.com\/web\/?s={search_term_string}"},"query-input":"required name=search_term_string"}],"inLanguage":"es"}]}},"_links":{"self":[{"href":"https:\/\/hidro-truck.com\/web\/wp-json\/wp\/v2\/pages\/73"}],"collection":[{"href":"https:\/\/hidro-truck.com\/web\/wp-json\/wp\/v2\/pages"}],"about":[{"href":"https:\/\/hidro-truck.com\/web\/wp-json\/wp\/v2\/types\/page"}],"author":[{"embeddable":true,"href":"https:\/\/hidro-truck.com\/web\/wp-json\/wp\/v2\/users\/1"}],"replies":[{"embeddable":true,"href":"https:\/\/hidro-truck.com\/web\/wp-json\/wp\/v2\/comments?post=73"}],"version-history":[{"count":2,"href":"https:\/\/hidro-truck.com\/web\/wp-json\/wp\/v2\/pages\/73\/revisions"}],"predecessor-version":[{"id":123,"href":"https:\/\/hidro-truck.com\/web\/wp-json\/wp\/v2\/pages\/73\/revisions\/123"}],"up":[{"embeddable":true,"href":"https:\/\/hidro-truck.com\/web\/wp-json\/wp\/v2\/pages\/21"}],"wp:featuredmedia":[{"embeddable":true,"href":"https:\/\/hidro-truck.com\/web\/wp-json\/wp\/v2\/media\/131"}],"wp:attachment":[{"href":"https:\/\/hidro-truck.com\/web\/wp-json\/wp\/v2\/media?parent=73"}],"curies":[{"name":"wp","href":"https:\/\/api.w.org\/{rel}","templated":true}]}}