{"id":745,"date":"2017-02-18T04:30:25","date_gmt":"2017-02-18T04:30:25","guid":{"rendered":"http:\/\/hidro-truck.com\/web\/?page_id=745"},"modified":"2017-02-18T04:36:45","modified_gmt":"2017-02-18T04:36:45","slug":"unimog-montaje-grua-tka-2","status":"publish","type":"page","link":"https:\/\/hidro-truck.com\/web\/trabajos\/unimog-montaje-grua-tka-2\/","title":{"rendered":"Unimog con gr\u00faa TKA 5700"},"content":{"rendered":"<p>Unimog de la empresa Edenor. El antes y el despu\u00e9s.<\/p>\n\n\t\t<style type=\"text\/css\">\n\t\t\t#gallery-1 {\n\t\t\t\tmargin: auto;\n\t\t\t}\n\t\t\t#gallery-1 .gallery-item {\n\t\t\t\tfloat: left;\n\t\t\t\tmargin-top: 10px;\n\t\t\t\ttext-align: center;\n\t\t\t\twidth: 33%;\n\t\t\t}\n\t\t\t#gallery-1 img {\n\t\t\t\tborder: 2px solid #cfcfcf;\n\t\t\t}\n\t\t\t#gallery-1 .gallery-caption {\n\t\t\t\tmargin-left: 0;\n\t\t\t}\n\t\t\t\/* see gallery_shortcode() in wp-includes\/media.php *\/\n\t\t<\/style>\n\t\t<div id='gallery-1' class='gallery galleryid-745 gallery-columns-3 gallery-size-medium'><dl class='gallery-item'>\n\t\t\t<dt class='gallery-icon landscape'>\n\t\t\t\t<a title=\"hidrotruck-unimog-5700\" href='https:\/\/hidro-truck.com\/web\/wp-content\/uploads\/2017\/02\/hidrotruck-unimog-5700.jpg'><img width=\"300\" height=\"225\" src=\"https:\/\/hidro-truck.com\/web\/wp-content\/uploads\/2017\/02\/hidrotruck-unimog-5700-300x225.jpg\" class=\"attachment-medium size-medium\" alt=\"\" decoding=\"async\" loading=\"lazy\" srcset=\"https:\/\/hidro-truck.com\/web\/wp-content\/uploads\/2017\/02\/hidrotruck-unimog-5700-300x225.jpg 300w, https:\/\/hidro-truck.com\/web\/wp-content\/uploads\/2017\/02\/hidrotruck-unimog-5700-768x576.jpg 768w, https:\/\/hidro-truck.com\/web\/wp-content\/uploads\/2017\/02\/hidrotruck-unimog-5700-1024x768.jpg 1024w, https:\/\/hidro-truck.com\/web\/wp-content\/uploads\/2017\/02\/hidrotruck-unimog-5700.jpg 1280w\" sizes=\"(max-width: 300px) 100vw, 300px\" \/><\/a>\n\t\t\t<\/dt><\/dl><dl class='gallery-item'>\n\t\t\t<dt class='gallery-icon landscape'>\n\t\t\t\t<a title=\"hidrotruck-unimog-5700-1\" href='https:\/\/hidro-truck.com\/web\/wp-content\/uploads\/2017\/02\/hidrotruck-unimog-5700-1.jpg'><img width=\"300\" height=\"225\" src=\"https:\/\/hidro-truck.com\/web\/wp-content\/uploads\/2017\/02\/hidrotruck-unimog-5700-1-300x225.jpg\" class=\"attachment-medium size-medium\" alt=\"\" decoding=\"async\" loading=\"lazy\" srcset=\"https:\/\/hidro-truck.com\/web\/wp-content\/uploads\/2017\/02\/hidrotruck-unimog-5700-1-300x225.jpg 300w, https:\/\/hidro-truck.com\/web\/wp-content\/uploads\/2017\/02\/hidrotruck-unimog-5700-1-768x576.jpg 768w, https:\/\/hidro-truck.com\/web\/wp-content\/uploads\/2017\/02\/hidrotruck-unimog-5700-1-1024x768.jpg 1024w, https:\/\/hidro-truck.com\/web\/wp-content\/uploads\/2017\/02\/hidrotruck-unimog-5700-1.jpg 1280w\" sizes=\"(max-width: 300px) 100vw, 300px\" \/><\/a>\n\t\t\t<\/dt><\/dl><dl class='gallery-item'>\n\t\t\t<dt class='gallery-icon landscape'>\n\t\t\t\t<a title=\"hidrotruck-unimog-5700-2\" href='https:\/\/hidro-truck.com\/web\/wp-content\/uploads\/2017\/02\/hidrotruck-unimog-5700-2.jpg'><img width=\"300\" height=\"225\" src=\"https:\/\/hidro-truck.com\/web\/wp-content\/uploads\/2017\/02\/hidrotruck-unimog-5700-2-300x225.jpg\" class=\"attachment-medium size-medium\" alt=\"\" decoding=\"async\" loading=\"lazy\" srcset=\"https:\/\/hidro-truck.com\/web\/wp-content\/uploads\/2017\/02\/hidrotruck-unimog-5700-2-300x225.jpg 300w, https:\/\/hidro-truck.com\/web\/wp-content\/uploads\/2017\/02\/hidrotruck-unimog-5700-2-768x576.jpg 768w, https:\/\/hidro-truck.com\/web\/wp-content\/uploads\/2017\/02\/hidrotruck-unimog-5700-2-1024x768.jpg 1024w, https:\/\/hidro-truck.com\/web\/wp-content\/uploads\/2017\/02\/hidrotruck-unimog-5700-2.jpg 1280w\" sizes=\"(max-width: 300px) 100vw, 300px\" \/><\/a>\n\t\t\t<\/dt><\/dl><br style=\"clear: both\" \/><dl class='gallery-item'>\n\t\t\t<dt class='gallery-icon landscape'>\n\t\t\t\t<a title=\"hidrotruck-unimog-5700-5\" href='https:\/\/hidro-truck.com\/web\/wp-content\/uploads\/2017\/02\/hidrotruck-unimog-5700-5.jpg'><img width=\"300\" height=\"225\" src=\"https:\/\/hidro-truck.com\/web\/wp-content\/uploads\/2017\/02\/hidrotruck-unimog-5700-5-300x225.jpg\" class=\"attachment-medium size-medium\" alt=\"\" decoding=\"async\" loading=\"lazy\" srcset=\"https:\/\/hidro-truck.com\/web\/wp-content\/uploads\/2017\/02\/hidrotruck-unimog-5700-5-300x225.jpg 300w, https:\/\/hidro-truck.com\/web\/wp-content\/uploads\/2017\/02\/hidrotruck-unimog-5700-5-768x576.jpg 768w, https:\/\/hidro-truck.com\/web\/wp-content\/uploads\/2017\/02\/hidrotruck-unimog-5700-5-1024x768.jpg 1024w, https:\/\/hidro-truck.com\/web\/wp-content\/uploads\/2017\/02\/hidrotruck-unimog-5700-5.jpg 1280w\" sizes=\"(max-width: 300px) 100vw, 300px\" \/><\/a>\n\t\t\t<\/dt><\/dl><dl class='gallery-item'>\n\t\t\t<dt class='gallery-icon landscape'>\n\t\t\t\t<a title=\"hidrotruck-unimog-5700-6\" href='https:\/\/hidro-truck.com\/web\/wp-content\/uploads\/2017\/02\/hidrotruck-unimog-5700-6.jpg'><img width=\"300\" height=\"225\" src=\"https:\/\/hidro-truck.com\/web\/wp-content\/uploads\/2017\/02\/hidrotruck-unimog-5700-6-300x225.jpg\" class=\"attachment-medium size-medium\" alt=\"\" decoding=\"async\" loading=\"lazy\" srcset=\"https:\/\/hidro-truck.com\/web\/wp-content\/uploads\/2017\/02\/hidrotruck-unimog-5700-6-300x225.jpg 300w, https:\/\/hidro-truck.com\/web\/wp-content\/uploads\/2017\/02\/hidrotruck-unimog-5700-6-768x576.jpg 768w, https:\/\/hidro-truck.com\/web\/wp-content\/uploads\/2017\/02\/hidrotruck-unimog-5700-6-1024x768.jpg 1024w, https:\/\/hidro-truck.com\/web\/wp-content\/uploads\/2017\/02\/hidrotruck-unimog-5700-6.jpg 1280w\" sizes=\"(max-width: 300px) 100vw, 300px\" \/><\/a>\n\t\t\t<\/dt><\/dl><dl class='gallery-item'>\n\t\t\t<dt class='gallery-icon landscape'>\n\t\t\t\t<a title=\"hidrotruck-unimog-5700-7\" href='https:\/\/hidro-truck.com\/web\/wp-content\/uploads\/2017\/02\/hidrotruck-unimog-5700-7.jpg'><img width=\"300\" height=\"225\" src=\"https:\/\/hidro-truck.com\/web\/wp-content\/uploads\/2017\/02\/hidrotruck-unimog-5700-7-300x225.jpg\" class=\"attachment-medium size-medium\" alt=\"\" decoding=\"async\" loading=\"lazy\" srcset=\"https:\/\/hidro-truck.com\/web\/wp-content\/uploads\/2017\/02\/hidrotruck-unimog-5700-7-300x225.jpg 300w, https:\/\/hidro-truck.com\/web\/wp-content\/uploads\/2017\/02\/hidrotruck-unimog-5700-7-768x576.jpg 768w, https:\/\/hidro-truck.com\/web\/wp-content\/uploads\/2017\/02\/hidrotruck-unimog-5700-7-1024x768.jpg 1024w, https:\/\/hidro-truck.com\/web\/wp-content\/uploads\/2017\/02\/hidrotruck-unimog-5700-7.jpg 1280w\" sizes=\"(max-width: 300px) 100vw, 300px\" \/><\/a>\n\t\t\t<\/dt><\/dl><br style=\"clear: both\" \/><dl class='gallery-item'>\n\t\t\t<dt class='gallery-icon landscape'>\n\t\t\t\t<a title=\"hidrotruck-unimog-5700-8\" href='https:\/\/hidro-truck.com\/web\/wp-content\/uploads\/2017\/02\/hidrotruck-unimog-5700-8.jpg'><img width=\"300\" height=\"225\" src=\"https:\/\/hidro-truck.com\/web\/wp-content\/uploads\/2017\/02\/hidrotruck-unimog-5700-8-300x225.jpg\" class=\"attachment-medium size-medium\" alt=\"\" decoding=\"async\" loading=\"lazy\" srcset=\"https:\/\/hidro-truck.com\/web\/wp-content\/uploads\/2017\/02\/hidrotruck-unimog-5700-8-300x225.jpg 300w, https:\/\/hidro-truck.com\/web\/wp-content\/uploads\/2017\/02\/hidrotruck-unimog-5700-8-768x576.jpg 768w, https:\/\/hidro-truck.com\/web\/wp-content\/uploads\/2017\/02\/hidrotruck-unimog-5700-8-1024x768.jpg 1024w, https:\/\/hidro-truck.com\/web\/wp-content\/uploads\/2017\/02\/hidrotruck-unimog-5700-8.jpg 1280w\" sizes=\"(max-width: 300px) 100vw, 300px\" \/><\/a>\n\t\t\t<\/dt><\/dl><dl class='gallery-item'>\n\t\t\t<dt class='gallery-icon landscape'>\n\t\t\t\t<a title=\"hidrotruck-unimog-57003-\" href='https:\/\/hidro-truck.com\/web\/wp-content\/uploads\/2017\/02\/hidrotruck-unimog-57003-.jpg'><img width=\"300\" height=\"225\" src=\"https:\/\/hidro-truck.com\/web\/wp-content\/uploads\/2017\/02\/hidrotruck-unimog-57003--300x225.jpg\" class=\"attachment-medium size-medium\" alt=\"\" decoding=\"async\" loading=\"lazy\" srcset=\"https:\/\/hidro-truck.com\/web\/wp-content\/uploads\/2017\/02\/hidrotruck-unimog-57003--300x225.jpg 300w, https:\/\/hidro-truck.com\/web\/wp-content\/uploads\/2017\/02\/hidrotruck-unimog-57003--768x576.jpg 768w, https:\/\/hidro-truck.com\/web\/wp-content\/uploads\/2017\/02\/hidrotruck-unimog-57003--1024x768.jpg 1024w, https:\/\/hidro-truck.com\/web\/wp-content\/uploads\/2017\/02\/hidrotruck-unimog-57003-.jpg 1280w\" sizes=\"(max-width: 300px) 100vw, 300px\" \/><\/a>\n\t\t\t<\/dt><\/dl>\n\t\t\t<br style='clear: both' \/>\n\t\t<\/div>\n\n<!-- AddThis Advanced Settings generic via filter on the_content --><!-- AddThis Share Buttons generic via filter on the_content -->","protected":false},"excerpt":{"rendered":"<p>Unimog de la empresa Edenor. El antes y el despu\u00e9s.<!-- AddThis Advanced Settings generic via filter on get_the_excerpt --><!-- AddThis Share Buttons generic via filter on get_the_excerpt --><\/p>\n","protected":false},"author":1,"featured_media":749,"parent":23,"menu_order":0,"comment_status":"closed","ping_status":"closed","template":"","meta":[],"yoast_head":"<!-- This site is optimized with the Yoast SEO plugin v21.0 - https:\/\/yoast.com\/wordpress\/plugins\/seo\/ -->\n<title>Unimog con gr\u00faa TKA 5700 - HidroTruck SRL<\/title>\n<meta name=\"description\" content=\"Unimog con gr\u00faa TKA 5700 instalada por Hidro-Truck. Unimog de la empresa Edenor. El antes y el despu\u00e9s.\" \/>\n<meta name=\"robots\" content=\"index, follow, max-snippet:-1, max-image-preview:large, max-video-preview:-1\" \/>\n<link rel=\"canonical\" href=\"https:\/\/hidro-truck.com\/web\/trabajos\/unimog-montaje-grua-tka-2\/\" \/>\n<meta property=\"og:locale\" content=\"es_ES\" \/>\n<meta property=\"og:type\" content=\"article\" \/>\n<meta property=\"og:title\" content=\"Unimog con gr\u00faa TKA 5700 - HidroTruck SRL\" \/>\n<meta property=\"og:description\" content=\"Unimog con gr\u00faa TKA 5700 instalada por Hidro-Truck. Unimog de la empresa Edenor. El antes y el despu\u00e9s.\" \/>\n<meta property=\"og:url\" content=\"https:\/\/hidro-truck.com\/web\/trabajos\/unimog-montaje-grua-tka-2\/\" \/>\n<meta property=\"og:site_name\" content=\"HidroTruck SRL\" \/>\n<meta property=\"article:modified_time\" content=\"2017-02-18T04:36:45+00:00\" \/>\n<meta property=\"og:image\" content=\"https:\/\/hidro-truck.com\/web\/wp-content\/uploads\/2017\/02\/hidrotruck-unimog-5700-4.jpg\" \/>\n\t<meta property=\"og:image:width\" content=\"1280\" \/>\n\t<meta property=\"og:image:height\" content=\"960\" \/>\n\t<meta property=\"og:image:type\" content=\"image\/jpeg\" \/>\n<meta name=\"twitter:card\" content=\"summary_large_image\" \/>\n<script type=\"application\/ld+json\" class=\"yoast-schema-graph\">{\"@context\":\"https:\/\/schema.org\",\"@graph\":[{\"@type\":\"WebPage\",\"@id\":\"https:\/\/hidro-truck.com\/web\/trabajos\/unimog-montaje-grua-tka-2\/\",\"url\":\"https:\/\/hidro-truck.com\/web\/trabajos\/unimog-montaje-grua-tka-2\/\",\"name\":\"Unimog con gr\u00faa TKA 5700 - HidroTruck SRL\",\"isPartOf\":{\"@id\":\"https:\/\/hidro-truck.com\/web\/#website\"},\"datePublished\":\"2017-02-18T04:30:25+00:00\",\"dateModified\":\"2017-02-18T04:36:45+00:00\",\"description\":\"Unimog con gr\u00faa TKA 5700 instalada por Hidro-Truck. Unimog de la empresa Edenor. El antes y el despu\u00e9s.\",\"breadcrumb\":{\"@id\":\"https:\/\/hidro-truck.com\/web\/trabajos\/unimog-montaje-grua-tka-2\/#breadcrumb\"},\"inLanguage\":\"es\",\"potentialAction\":[{\"@type\":\"ReadAction\",\"target\":[\"https:\/\/hidro-truck.com\/web\/trabajos\/unimog-montaje-grua-tka-2\/\"]}]},{\"@type\":\"BreadcrumbList\",\"@id\":\"https:\/\/hidro-truck.com\/web\/trabajos\/unimog-montaje-grua-tka-2\/#breadcrumb\",\"itemListElement\":[{\"@type\":\"ListItem\",\"position\":1,\"name\":\"Portada\",\"item\":\"https:\/\/hidro-truck.com\/web\/\"},{\"@type\":\"ListItem\",\"position\":2,\"name\":\"Trabajos\",\"item\":\"https:\/\/hidro-truck.com\/web\/trabajos\/\"},{\"@type\":\"ListItem\",\"position\":3,\"name\":\"Unimog con gr\u00faa TKA 5700\"}]},{\"@type\":\"WebSite\",\"@id\":\"https:\/\/hidro-truck.com\/web\/#website\",\"url\":\"https:\/\/hidro-truck.com\/web\/\",\"name\":\"HidroTruck SRL\",\"description\":\"Venta de Hidrogruas TKA. Reparaci\u00f3n y mantenimiento\",\"potentialAction\":[{\"@type\":\"SearchAction\",\"target\":{\"@type\":\"EntryPoint\",\"urlTemplate\":\"https:\/\/hidro-truck.com\/web\/?s={search_term_string}\"},\"query-input\":\"required name=search_term_string\"}],\"inLanguage\":\"es\"}]}<\/script>\n<!-- \/ Yoast SEO plugin. -->","yoast_head_json":{"title":"Unimog con gr\u00faa TKA 5700 - HidroTruck SRL","description":"Unimog con gr\u00faa TKA 5700 instalada por Hidro-Truck. Unimog de la empresa Edenor. El antes y el despu\u00e9s.","robots":{"index":"index","follow":"follow","max-snippet":"max-snippet:-1","max-image-preview":"max-image-preview:large","max-video-preview":"max-video-preview:-1"},"canonical":"https:\/\/hidro-truck.com\/web\/trabajos\/unimog-montaje-grua-tka-2\/","og_locale":"es_ES","og_type":"article","og_title":"Unimog con gr\u00faa TKA 5700 - HidroTruck SRL","og_description":"Unimog con gr\u00faa TKA 5700 instalada por Hidro-Truck. Unimog de la empresa Edenor. El antes y el despu\u00e9s.","og_url":"https:\/\/hidro-truck.com\/web\/trabajos\/unimog-montaje-grua-tka-2\/","og_site_name":"HidroTruck SRL","article_modified_time":"2017-02-18T04:36:45+00:00","og_image":[{"width":1280,"height":960,"url":"https:\/\/hidro-truck.com\/web\/wp-content\/uploads\/2017\/02\/hidrotruck-unimog-5700-4.jpg","type":"image\/jpeg"}],"twitter_card":"summary_large_image","schema":{"@context":"https:\/\/schema.org","@graph":[{"@type":"WebPage","@id":"https:\/\/hidro-truck.com\/web\/trabajos\/unimog-montaje-grua-tka-2\/","url":"https:\/\/hidro-truck.com\/web\/trabajos\/unimog-montaje-grua-tka-2\/","name":"Unimog con gr\u00faa TKA 5700 - HidroTruck SRL","isPartOf":{"@id":"https:\/\/hidro-truck.com\/web\/#website"},"datePublished":"2017-02-18T04:30:25+00:00","dateModified":"2017-02-18T04:36:45+00:00","description":"Unimog con gr\u00faa TKA 5700 instalada por Hidro-Truck. Unimog de la empresa Edenor. El antes y el despu\u00e9s.","breadcrumb":{"@id":"https:\/\/hidro-truck.com\/web\/trabajos\/unimog-montaje-grua-tka-2\/#breadcrumb"},"inLanguage":"es","potentialAction":[{"@type":"ReadAction","target":["https:\/\/hidro-truck.com\/web\/trabajos\/unimog-montaje-grua-tka-2\/"]}]},{"@type":"BreadcrumbList","@id":"https:\/\/hidro-truck.com\/web\/trabajos\/unimog-montaje-grua-tka-2\/#breadcrumb","itemListElement":[{"@type":"ListItem","position":1,"name":"Portada","item":"https:\/\/hidro-truck.com\/web\/"},{"@type":"ListItem","position":2,"name":"Trabajos","item":"https:\/\/hidro-truck.com\/web\/trabajos\/"},{"@type":"ListItem","position":3,"name":"Unimog con gr\u00faa TKA 5700"}]},{"@type":"WebSite","@id":"https:\/\/hidro-truck.com\/web\/#website","url":"https:\/\/hidro-truck.com\/web\/","name":"HidroTruck SRL","description":"Venta de Hidrogruas TKA. Reparaci\u00f3n y mantenimiento","potentialAction":[{"@type":"SearchAction","target":{"@type":"EntryPoint","urlTemplate":"https:\/\/hidro-truck.com\/web\/?s={search_term_string}"},"query-input":"required name=search_term_string"}],"inLanguage":"es"}]}},"_links":{"self":[{"href":"https:\/\/hidro-truck.com\/web\/wp-json\/wp\/v2\/pages\/745"}],"collection":[{"href":"https:\/\/hidro-truck.com\/web\/wp-json\/wp\/v2\/pages"}],"about":[{"href":"https:\/\/hidro-truck.com\/web\/wp-json\/wp\/v2\/types\/page"}],"author":[{"embeddable":true,"href":"https:\/\/hidro-truck.com\/web\/wp-json\/wp\/v2\/users\/1"}],"replies":[{"embeddable":true,"href":"https:\/\/hidro-truck.com\/web\/wp-json\/wp\/v2\/comments?post=745"}],"version-history":[{"count":2,"href":"https:\/\/hidro-truck.com\/web\/wp-json\/wp\/v2\/pages\/745\/revisions"}],"predecessor-version":[{"id":757,"href":"https:\/\/hidro-truck.com\/web\/wp-json\/wp\/v2\/pages\/745\/revisions\/757"}],"up":[{"embeddable":true,"href":"https:\/\/hidro-truck.com\/web\/wp-json\/wp\/v2\/pages\/23"}],"wp:featuredmedia":[{"embeddable":true,"href":"https:\/\/hidro-truck.com\/web\/wp-json\/wp\/v2\/media\/749"}],"wp:attachment":[{"href":"https:\/\/hidro-truck.com\/web\/wp-json\/wp\/v2\/media?parent=745"}],"curies":[{"name":"wp","href":"https:\/\/api.w.org\/{rel}","templated":true}]}}