{"id":824,"date":"2017-05-29T16:39:13","date_gmt":"2017-05-29T16:39:13","guid":{"rendered":"http:\/\/hidro-truck.com\/web\/?page_id=824"},"modified":"2017-05-29T16:39:13","modified_gmt":"2017-05-29T16:39:13","slug":"instalacion-grua-tka-27-700-canivete-5h","status":"publish","type":"page","link":"https:\/\/hidro-truck.com\/web\/trabajos\/instalacion-grua-tka-27-700-canivete-5h\/","title":{"rendered":"Instalaci\u00f3n Gr\u00faa TKA 27.700 Canivete 5H"},"content":{"rendered":"<p>Con adaptaci\u00f3n hidr\u00e1ulica para balde Almeja.<\/p>\n\n\t\t<style type=\"text\/css\">\n\t\t\t#gallery-1 {\n\t\t\t\tmargin: auto;\n\t\t\t}\n\t\t\t#gallery-1 .gallery-item {\n\t\t\t\tfloat: left;\n\t\t\t\tmargin-top: 10px;\n\t\t\t\ttext-align: center;\n\t\t\t\twidth: 33%;\n\t\t\t}\n\t\t\t#gallery-1 img {\n\t\t\t\tborder: 2px solid #cfcfcf;\n\t\t\t}\n\t\t\t#gallery-1 .gallery-caption {\n\t\t\t\tmargin-left: 0;\n\t\t\t}\n\t\t\t\/* see gallery_shortcode() in wp-includes\/media.php *\/\n\t\t<\/style>\n\t\t<div id='gallery-1' class='gallery galleryid-824 gallery-columns-3 gallery-size-thumbnail'><dl class='gallery-item'>\n\t\t\t<dt class='gallery-icon landscape'>\n\t\t\t\t<a title=\"tka-27700-5-5\" href='https:\/\/hidro-truck.com\/web\/trabajos\/instalacion-grua-tka-27-700-canivete-5h\/tka-27700-5-5\/'><img width=\"150\" height=\"150\" src=\"https:\/\/hidro-truck.com\/web\/wp-content\/uploads\/2017\/05\/tka-27700-5-5-150x150.jpg\" class=\"attachment-thumbnail size-thumbnail\" alt=\"\" decoding=\"async\" loading=\"lazy\" \/><\/a>\n\t\t\t<\/dt><\/dl><dl class='gallery-item'>\n\t\t\t<dt class='gallery-icon landscape'>\n\t\t\t\t<a title=\"tka-27700-5-1\" href='https:\/\/hidro-truck.com\/web\/trabajos\/instalacion-grua-tka-27-700-canivete-5h\/tka-27700-5-1\/'><img width=\"150\" height=\"150\" src=\"https:\/\/hidro-truck.com\/web\/wp-content\/uploads\/2017\/05\/tka-27700-5-1-150x150.jpg\" class=\"attachment-thumbnail size-thumbnail\" alt=\"\" decoding=\"async\" loading=\"lazy\" \/><\/a>\n\t\t\t<\/dt><\/dl><dl class='gallery-item'>\n\t\t\t<dt class='gallery-icon landscape'>\n\t\t\t\t<a title=\"tka-27700-5-2\" href='https:\/\/hidro-truck.com\/web\/trabajos\/instalacion-grua-tka-27-700-canivete-5h\/tka-27700-5-2\/'><img width=\"150\" height=\"150\" src=\"https:\/\/hidro-truck.com\/web\/wp-content\/uploads\/2017\/05\/tka-27700-5-2-150x150.jpg\" class=\"attachment-thumbnail size-thumbnail\" alt=\"\" decoding=\"async\" loading=\"lazy\" \/><\/a>\n\t\t\t<\/dt><\/dl><br style=\"clear: both\" \/><dl class='gallery-item'>\n\t\t\t<dt class='gallery-icon landscape'>\n\t\t\t\t<a title=\"tka-27700-5-3\" href='https:\/\/hidro-truck.com\/web\/trabajos\/instalacion-grua-tka-27-700-canivete-5h\/tka-27700-5-3\/'><img width=\"150\" height=\"150\" src=\"https:\/\/hidro-truck.com\/web\/wp-content\/uploads\/2017\/05\/tka-27700-5-3-150x150.jpg\" class=\"attachment-thumbnail size-thumbnail\" alt=\"\" decoding=\"async\" loading=\"lazy\" \/><\/a>\n\t\t\t<\/dt><\/dl><dl class='gallery-item'>\n\t\t\t<dt class='gallery-icon landscape'>\n\t\t\t\t<a title=\"tka-27700-5-4\" href='https:\/\/hidro-truck.com\/web\/trabajos\/instalacion-grua-tka-27-700-canivete-5h\/tka-27700-5-4\/'><img width=\"150\" height=\"150\" src=\"https:\/\/hidro-truck.com\/web\/wp-content\/uploads\/2017\/05\/tka-27700-5-4-150x150.jpg\" class=\"attachment-thumbnail size-thumbnail\" alt=\"\" decoding=\"async\" loading=\"lazy\" \/><\/a>\n\t\t\t<\/dt><\/dl><dl class='gallery-item'>\n\t\t\t<dt class='gallery-icon landscape'>\n\t\t\t\t<a title=\"tka-27700-5-6\" href='https:\/\/hidro-truck.com\/web\/trabajos\/instalacion-grua-tka-27-700-canivete-5h\/tka-27700-5-6\/'><img width=\"150\" height=\"150\" src=\"https:\/\/hidro-truck.com\/web\/wp-content\/uploads\/2017\/05\/tka-27700-5-6-150x150.jpg\" class=\"attachment-thumbnail size-thumbnail\" alt=\"\" decoding=\"async\" loading=\"lazy\" \/><\/a>\n\t\t\t<\/dt><\/dl><br style=\"clear: both\" \/>\n\t\t<\/div>\n\n<!-- AddThis Advanced Settings generic via filter on the_content --><!-- AddThis Share Buttons generic via filter on the_content -->","protected":false},"excerpt":{"rendered":"<p>Con adaptaci\u00f3n hidr\u00e1ulica para balde Almeja.<!-- AddThis Advanced Settings generic via filter on get_the_excerpt --><!-- AddThis Share Buttons generic via filter on get_the_excerpt --><\/p>\n","protected":false},"author":1,"featured_media":825,"parent":23,"menu_order":0,"comment_status":"closed","ping_status":"closed","template":"","meta":[],"yoast_head":"<!-- This site is optimized with the Yoast SEO plugin v21.0 - https:\/\/yoast.com\/wordpress\/plugins\/seo\/ -->\n<title>Instalaci\u00f3n Gr\u00faa TKA 27.700 Canivete 5H - HidroTruck SRL<\/title>\n<meta name=\"robots\" content=\"index, follow, max-snippet:-1, max-image-preview:large, max-video-preview:-1\" \/>\n<link rel=\"canonical\" href=\"https:\/\/hidro-truck.com\/web\/trabajos\/instalacion-grua-tka-27-700-canivete-5h\/\" \/>\n<meta property=\"og:locale\" content=\"es_ES\" \/>\n<meta property=\"og:type\" content=\"article\" \/>\n<meta property=\"og:title\" content=\"Instalaci\u00f3n Gr\u00faa TKA 27.700 Canivete 5H - HidroTruck SRL\" \/>\n<meta property=\"og:description\" content=\"Con adaptaci\u00f3n hidr\u00e1ulica para balde Almeja.\" \/>\n<meta property=\"og:url\" content=\"https:\/\/hidro-truck.com\/web\/trabajos\/instalacion-grua-tka-27-700-canivete-5h\/\" \/>\n<meta property=\"og:site_name\" content=\"HidroTruck SRL\" \/>\n<meta property=\"og:image\" content=\"https:\/\/hidro-truck.com\/web\/wp-content\/uploads\/2017\/05\/tka-27700-5-5.jpg\" \/>\n\t<meta property=\"og:image:width\" content=\"1280\" \/>\n\t<meta property=\"og:image:height\" content=\"960\" \/>\n\t<meta property=\"og:image:type\" content=\"image\/jpeg\" \/>\n<meta name=\"twitter:card\" content=\"summary_large_image\" \/>\n<script type=\"application\/ld+json\" class=\"yoast-schema-graph\">{\"@context\":\"https:\/\/schema.org\",\"@graph\":[{\"@type\":\"WebPage\",\"@id\":\"https:\/\/hidro-truck.com\/web\/trabajos\/instalacion-grua-tka-27-700-canivete-5h\/\",\"url\":\"https:\/\/hidro-truck.com\/web\/trabajos\/instalacion-grua-tka-27-700-canivete-5h\/\",\"name\":\"Instalaci\u00f3n Gr\u00faa TKA 27.700 Canivete 5H - HidroTruck SRL\",\"isPartOf\":{\"@id\":\"https:\/\/hidro-truck.com\/web\/#website\"},\"datePublished\":\"2017-05-29T16:39:13+00:00\",\"dateModified\":\"2017-05-29T16:39:13+00:00\",\"breadcrumb\":{\"@id\":\"https:\/\/hidro-truck.com\/web\/trabajos\/instalacion-grua-tka-27-700-canivete-5h\/#breadcrumb\"},\"inLanguage\":\"es\",\"potentialAction\":[{\"@type\":\"ReadAction\",\"target\":[\"https:\/\/hidro-truck.com\/web\/trabajos\/instalacion-grua-tka-27-700-canivete-5h\/\"]}]},{\"@type\":\"BreadcrumbList\",\"@id\":\"https:\/\/hidro-truck.com\/web\/trabajos\/instalacion-grua-tka-27-700-canivete-5h\/#breadcrumb\",\"itemListElement\":[{\"@type\":\"ListItem\",\"position\":1,\"name\":\"Portada\",\"item\":\"https:\/\/hidro-truck.com\/web\/\"},{\"@type\":\"ListItem\",\"position\":2,\"name\":\"Trabajos\",\"item\":\"https:\/\/hidro-truck.com\/web\/trabajos\/\"},{\"@type\":\"ListItem\",\"position\":3,\"name\":\"Instalaci\u00f3n Gr\u00faa TKA 27.700 Canivete 5H\"}]},{\"@type\":\"WebSite\",\"@id\":\"https:\/\/hidro-truck.com\/web\/#website\",\"url\":\"https:\/\/hidro-truck.com\/web\/\",\"name\":\"HidroTruck SRL\",\"description\":\"Venta de Hidrogruas TKA. Reparaci\u00f3n y mantenimiento\",\"potentialAction\":[{\"@type\":\"SearchAction\",\"target\":{\"@type\":\"EntryPoint\",\"urlTemplate\":\"https:\/\/hidro-truck.com\/web\/?s={search_term_string}\"},\"query-input\":\"required name=search_term_string\"}],\"inLanguage\":\"es\"}]}<\/script>\n<!-- \/ Yoast SEO plugin. -->","yoast_head_json":{"title":"Instalaci\u00f3n Gr\u00faa TKA 27.700 Canivete 5H - HidroTruck SRL","robots":{"index":"index","follow":"follow","max-snippet":"max-snippet:-1","max-image-preview":"max-image-preview:large","max-video-preview":"max-video-preview:-1"},"canonical":"https:\/\/hidro-truck.com\/web\/trabajos\/instalacion-grua-tka-27-700-canivete-5h\/","og_locale":"es_ES","og_type":"article","og_title":"Instalaci\u00f3n Gr\u00faa TKA 27.700 Canivete 5H - HidroTruck SRL","og_description":"Con adaptaci\u00f3n hidr\u00e1ulica para balde Almeja.","og_url":"https:\/\/hidro-truck.com\/web\/trabajos\/instalacion-grua-tka-27-700-canivete-5h\/","og_site_name":"HidroTruck SRL","og_image":[{"width":1280,"height":960,"url":"https:\/\/hidro-truck.com\/web\/wp-content\/uploads\/2017\/05\/tka-27700-5-5.jpg","type":"image\/jpeg"}],"twitter_card":"summary_large_image","schema":{"@context":"https:\/\/schema.org","@graph":[{"@type":"WebPage","@id":"https:\/\/hidro-truck.com\/web\/trabajos\/instalacion-grua-tka-27-700-canivete-5h\/","url":"https:\/\/hidro-truck.com\/web\/trabajos\/instalacion-grua-tka-27-700-canivete-5h\/","name":"Instalaci\u00f3n Gr\u00faa TKA 27.700 Canivete 5H - HidroTruck SRL","isPartOf":{"@id":"https:\/\/hidro-truck.com\/web\/#website"},"datePublished":"2017-05-29T16:39:13+00:00","dateModified":"2017-05-29T16:39:13+00:00","breadcrumb":{"@id":"https:\/\/hidro-truck.com\/web\/trabajos\/instalacion-grua-tka-27-700-canivete-5h\/#breadcrumb"},"inLanguage":"es","potentialAction":[{"@type":"ReadAction","target":["https:\/\/hidro-truck.com\/web\/trabajos\/instalacion-grua-tka-27-700-canivete-5h\/"]}]},{"@type":"BreadcrumbList","@id":"https:\/\/hidro-truck.com\/web\/trabajos\/instalacion-grua-tka-27-700-canivete-5h\/#breadcrumb","itemListElement":[{"@type":"ListItem","position":1,"name":"Portada","item":"https:\/\/hidro-truck.com\/web\/"},{"@type":"ListItem","position":2,"name":"Trabajos","item":"https:\/\/hidro-truck.com\/web\/trabajos\/"},{"@type":"ListItem","position":3,"name":"Instalaci\u00f3n Gr\u00faa TKA 27.700 Canivete 5H"}]},{"@type":"WebSite","@id":"https:\/\/hidro-truck.com\/web\/#website","url":"https:\/\/hidro-truck.com\/web\/","name":"HidroTruck SRL","description":"Venta de Hidrogruas TKA. Reparaci\u00f3n y mantenimiento","potentialAction":[{"@type":"SearchAction","target":{"@type":"EntryPoint","urlTemplate":"https:\/\/hidro-truck.com\/web\/?s={search_term_string}"},"query-input":"required name=search_term_string"}],"inLanguage":"es"}]}},"_links":{"self":[{"href":"https:\/\/hidro-truck.com\/web\/wp-json\/wp\/v2\/pages\/824"}],"collection":[{"href":"https:\/\/hidro-truck.com\/web\/wp-json\/wp\/v2\/pages"}],"about":[{"href":"https:\/\/hidro-truck.com\/web\/wp-json\/wp\/v2\/types\/page"}],"author":[{"embeddable":true,"href":"https:\/\/hidro-truck.com\/web\/wp-json\/wp\/v2\/users\/1"}],"replies":[{"embeddable":true,"href":"https:\/\/hidro-truck.com\/web\/wp-json\/wp\/v2\/comments?post=824"}],"version-history":[{"count":1,"href":"https:\/\/hidro-truck.com\/web\/wp-json\/wp\/v2\/pages\/824\/revisions"}],"predecessor-version":[{"id":831,"href":"https:\/\/hidro-truck.com\/web\/wp-json\/wp\/v2\/pages\/824\/revisions\/831"}],"up":[{"embeddable":true,"href":"https:\/\/hidro-truck.com\/web\/wp-json\/wp\/v2\/pages\/23"}],"wp:featuredmedia":[{"embeddable":true,"href":"https:\/\/hidro-truck.com\/web\/wp-json\/wp\/v2\/media\/825"}],"wp:attachment":[{"href":"https:\/\/hidro-truck.com\/web\/wp-json\/wp\/v2\/media?parent=824"}],"curies":[{"name":"wp","href":"https:\/\/api.w.org\/{rel}","templated":true}]}}